{"id":1410782794,"date":"2025-03-22T14:05:09","date_gmt":"2025-03-22T17:05:09","guid":{"rendered":"https:\/\/dinhosreef.com\/produto\/coral-leather-gold-toadstool\/"},"modified":"2026-03-21T17:07:40","modified_gmt":"2026-03-21T20:07:40","slug":"coral-leather-gold-toadstool","status":"publish","type":"product","link":"https:\/\/dinhosreef.com\/en\/product\/coral-leather-gold-toadstool\/","title":{"rendered":"Coral Leather GOLD Toadstool"},"content":{"rendered":"<div class=\"container-header\">\n<div class=\"container-img-produto\">\n<div>\n<h4>Coral Leather GOLD Toadstool<\/h4>\n<\/div>\n<\/div>\n<\/div>\n<div class=\"mensagens-header-edicao\">\n<div id=\"mensagem\" class=\"nomessage\"><\/div>\n<\/div>\n<div class=\"panel-body\">\n<div id=\"tab-geral\" class=\"tab-container\"><\/div>\n<\/div>\n<p><strong>Traduzido do ingl\u00eas-Sinularia \u00e9 um g\u00eanero de coral mole da fam\u00edlia Alcyoniidae. Eles s\u00e3o comumente conhecidos como corais de couro e atualmente t\u00eam 166 esp\u00e9cies descritas no g\u00eanero.<\/strong><\/p>\n<p><strong>\u00a0<\/strong><\/p>\n<p><strong>Nome cient\u00edfico: Sinularia<\/strong><\/p>\n<p><strong>Classifica\u00e7\u00e3o: G\u00eanero<\/strong><\/p>\n<p><strong>Classifica\u00e7\u00e3o superior: Alcyoniidae<\/strong><\/p>\n<p><strong>\u00a0<\/strong><\/p>\n<p><strong>Caracter\u00edsticas<\/strong><\/p>\n<p><strong>\u00a0<\/strong><\/p>\n<p><strong>Alimenta\u00e7\u00e3o: F\u00e1cil<\/strong><\/p>\n<p><strong>Circula\u00e7\u00e3o: M\u00e9dia<\/strong><\/p>\n<p><strong>Ilumina\u00e7\u00e3o: M\u00e9dia<\/strong><\/p>\n<p><strong>Dificuldade: F\u00e1cil<\/strong><\/p>\n<p><strong>Agressivo com outras esp\u00e9cies : M\u00e9dia<\/strong><\/p>\n<p><strong>Agressivo com mesmo: N\u00e3o<\/strong><\/p>","protected":false},"excerpt":{"rendered":"<p>Coral Leather GOLD Toadstool Traduzido do ingl\u00eas-Sinularia \u00e9 um g\u00eanero de coral mole da fam\u00edlia Alcyoniidae. Eles s\u00e3o comumente conhecidos como corais de couro e atualmente t\u00eam 166 esp\u00e9cies descritas no g\u00eanero. \u00a0 Nome cient\u00edfico: Sinularia Classifica\u00e7\u00e3o: G\u00eanero Classifica\u00e7\u00e3o superior: Alcyoniidae \u00a0 Caracter\u00edsticas \u00a0 Alimenta\u00e7\u00e3o: F\u00e1cil Circula\u00e7\u00e3o: M\u00e9dia Ilumina\u00e7\u00e3o: M\u00e9dia Dificuldade: F\u00e1cil Agressivo com outras [&hellip;]<\/p>\n","protected":false},"featured_media":1410782793,"comment_status":"open","ping_status":"closed","template":"","meta":{"googlesitekit_rrm_CAow0N7NCw:productID":"","content-type":"","pmpro_default_level":"","_themeisle_gutenberg_block_has_review":false},"product_brand":[],"product_cat":[186,176,178,180],"product_tag":[],"class_list":{"0":"post-1410782794","1":"product","2":"type-product","3":"status-publish","4":"has-post-thumbnail","6":"product_cat-animais-vivos","7":"product_cat-corais","8":"product_cat-soft","9":"product_cat-todos","10":"product_shipping_class-animais-vivos","11":"pmpro-has-access","13":"first","14":"outofstock","15":"taxable","16":"shipping-taxable","17":"purchasable","18":"product-type-simple"},"_links":{"self":[{"href":"https:\/\/dinhosreef.com\/en\/wp-json\/wp\/v2\/product\/1410782794","targetHints":{"allow":["GET"]}}],"collection":[{"href":"https:\/\/dinhosreef.com\/en\/wp-json\/wp\/v2\/product"}],"about":[{"href":"https:\/\/dinhosreef.com\/en\/wp-json\/wp\/v2\/types\/product"}],"replies":[{"embeddable":true,"href":"https:\/\/dinhosreef.com\/en\/wp-json\/wp\/v2\/comments?post=1410782794"}],"wp:featuredmedia":[{"embeddable":true,"href":"https:\/\/dinhosreef.com\/en\/wp-json\/wp\/v2\/media\/1410782793"}],"wp:attachment":[{"href":"https:\/\/dinhosreef.com\/en\/wp-json\/wp\/v2\/media?parent=1410782794"}],"wp:term":[{"taxonomy":"product_brand","embeddable":true,"href":"https:\/\/dinhosreef.com\/en\/wp-json\/wp\/v2\/product_brand?post=1410782794"},{"taxonomy":"product_cat","embeddable":true,"href":"https:\/\/dinhosreef.com\/en\/wp-json\/wp\/v2\/product_cat?post=1410782794"},{"taxonomy":"product_tag","embeddable":true,"href":"https:\/\/dinhosreef.com\/en\/wp-json\/wp\/v2\/product_tag?post=1410782794"}],"curies":[{"name":"wp","href":"https:\/\/api.w.org\/{rel}","templated":true}]}}