{"id":1410782815,"date":"2025-03-22T15:59:18","date_gmt":"2025-03-22T18:59:18","guid":{"rendered":"https:\/\/dinhosreef.com\/produto\/ricordea-yuma-ultra-yellow-fluor-mouth\/"},"modified":"2026-04-24T20:36:48","modified_gmt":"2026-04-24T23:36:48","slug":"ricordea-yuma-ultra-yellow-fluor-mouth","status":"publish","type":"product","link":"https:\/\/dinhosreef.com\/en\/product\/ricordea-yuma-ultra-yellow-fluor-mouth\/","title":{"rendered":"RICORDEA YUMA ULTRA YELLOW FLUOR MOUTH"},"content":{"rendered":"<p>Ricordea Yuma<\/p>\n<p>As Ricordeas s\u00e3o corais moles, resistentes, que se desenvolvem melhor em aqu\u00e1rios estabilizados com boa ilumina\u00e7\u00e3o e correnteza de \u00e1gua adequada. Tendem a se desenvolver melhor em sistemas com niveis controlados de nitrato. Uma curiosidade interessante sobre esses fascinamentes animais \u00e9 que, apesar de raro, eles possuem capacidade de locoma\u00e7\u00e3o em busca de um melhor local para seu desenvolvimento.<\/p>\n<p>Aimente 2 ou 3 vezes por semana com suplementos espec\u00edficos para corais moles.<\/p>\n<p>Informa\u00e7\u00f5es r\u00e1pidas sobre esse animal:<\/p>\n<p>Dificuldade: Moderado<br \/>\nTemperamento: Semi-Agressivo<br \/>\nIlumina\u00e7\u00e3o: Fraca-M\u00e9dia<br \/>\nCorrenteza: Fraca<br \/>\nLocaliza\u00e7\u00e3o: Intermedi\u00e1ria<br \/>\nOrigem: Indo-Pac\u00edfico e Caribe<br \/>\nSuplememtos: Iodo e Elementos tra\u00e7o<br \/>\nCondi\u00e7\u00f5es da \u00e1gua: Temp: 24-26\u00b0C \/ Kh: 8-12 Kh \/ PH: 8.1-8.4 \/ SG: 1.023-1.025<\/p>","protected":false},"excerpt":{"rendered":"<p>Ricordea Yuma As Ricordeas s\u00e3o corais moles, resistentes, que se desenvolvem melhor em aqu\u00e1rios estabilizados com boa ilumina\u00e7\u00e3o e correnteza de \u00e1gua adequada. Tendem a se desenvolver melhor em sistemas com niveis controlados de nitrato. Uma curiosidade interessante sobre esses fascinamentes animais \u00e9 que, apesar de raro, eles possuem capacidade de locoma\u00e7\u00e3o em busca de [&hellip;]<\/p>\n","protected":false},"featured_media":1410782814,"comment_status":"open","ping_status":"closed","template":"","meta":{"googlesitekit_rrm_CAow0N7NCw:productID":"","content-type":"","pmpro_default_level":"","_themeisle_gutenberg_block_has_review":false},"product_brand":[],"product_cat":[186,176,178,180],"product_tag":[],"class_list":{"0":"post-1410782815","1":"product","2":"type-product","3":"status-publish","4":"has-post-thumbnail","6":"product_cat-animais-vivos","7":"product_cat-corais","8":"product_cat-soft","9":"product_cat-todos","10":"product_shipping_class-animais-vivos","11":"pmpro-has-access","13":"first","14":"instock","15":"taxable","16":"shipping-taxable","17":"purchasable","18":"product-type-simple"},"_links":{"self":[{"href":"https:\/\/dinhosreef.com\/en\/wp-json\/wp\/v2\/product\/1410782815","targetHints":{"allow":["GET"]}}],"collection":[{"href":"https:\/\/dinhosreef.com\/en\/wp-json\/wp\/v2\/product"}],"about":[{"href":"https:\/\/dinhosreef.com\/en\/wp-json\/wp\/v2\/types\/product"}],"replies":[{"embeddable":true,"href":"https:\/\/dinhosreef.com\/en\/wp-json\/wp\/v2\/comments?post=1410782815"}],"wp:featuredmedia":[{"embeddable":true,"href":"https:\/\/dinhosreef.com\/en\/wp-json\/wp\/v2\/media\/1410782814"}],"wp:attachment":[{"href":"https:\/\/dinhosreef.com\/en\/wp-json\/wp\/v2\/media?parent=1410782815"}],"wp:term":[{"taxonomy":"product_brand","embeddable":true,"href":"https:\/\/dinhosreef.com\/en\/wp-json\/wp\/v2\/product_brand?post=1410782815"},{"taxonomy":"product_cat","embeddable":true,"href":"https:\/\/dinhosreef.com\/en\/wp-json\/wp\/v2\/product_cat?post=1410782815"},{"taxonomy":"product_tag","embeddable":true,"href":"https:\/\/dinhosreef.com\/en\/wp-json\/wp\/v2\/product_tag?post=1410782815"}],"curies":[{"name":"wp","href":"https:\/\/api.w.org\/{rel}","templated":true}]}}