{"id":1410782926,"date":"2025-03-23T18:23:43","date_gmt":"2025-03-23T21:23:43","guid":{"rendered":"https:\/\/dinhosreef.com\/produto\/camarao-red-rili-1-a-2-cm-neocaridina-davidi\/"},"modified":"2026-03-21T16:34:52","modified_gmt":"2026-03-21T19:34:52","slug":"camarao-red-rili-1-a-2-cm-neocaridina-davidi","status":"publish","type":"product","link":"https:\/\/dinhosreef.com\/en\/product\/camarao-red-rili-1-a-2-cm-neocaridina-davidi\/","title":{"rendered":"Camar\u00e3o Red Rili | 1 a 2 cm | Neocaridina davidi"},"content":{"rendered":"<p><strong>Nome Cientifico:<\/strong>\u00a0<\/p>\n<p><strong>Distribui\u00e7\u00e3o:<\/strong>\u00a0Apuramento dom\u00e9stico (Taiwan)<\/p>\n<p><strong>Temperatura:<\/strong>\u00a0de 18,0\u00baC at\u00e9 28,0\u00baC<\/p>\n<p><strong>Dureza Geral:<\/strong>\u00a0 de 2,0\u00badH at\u00e9 25,0\u00badH<\/p>\n<p><strong>pH:<\/strong>\u00a0de 6,3 at\u00e9 7,4<\/p>\n<p><strong>Tamanho:<\/strong>\u00a01 a 2 cm<\/p>\n<p><strong>Dimorfismo Sexual:<\/strong><\/p>\n<p>Tal como com outras varia\u00e7\u00f5es de Caridina, a sexagem \u00e9 bastante simples. A barriga curva e a &#8220;sela&#8221; \u00e9 especialmente clara no sexo feminino. A sela nos Rili tende a ser de colora\u00e7\u00e3o azul. Os machos t\u00eam uma barriga c\u00f4ncava e tendem a ser um pouco mais claro.<\/p>\n<p><strong>Sociabilidade:<\/strong>\u00a0Soci\u00e1veis, animais greg\u00e1rios.<\/p>\n<p><strong>Reprodu\u00e7\u00e3o:<\/strong>\u00a0Tal como acontece com a maioria das variantes Caridina, s\u00e3o muito f\u00e1ceis de reproduzir.<\/p>\n<p>A reprodu\u00e7\u00e3o acontece a cada 2 meses, eles carregam os ovos por aproximadamente 3 semanas o tempo de forma\u00e7\u00e3o de cada gera\u00e7\u00e3o \u00e9 de aproximadamente 3-5 meses, dependendo da temperatura pois n\u00e3o haver\u00e1 reprodu\u00e7\u00e3o se a temperatura for muito baixa. Reproduzir Camar\u00f5es \u00e9 muito f\u00e1cil desde que a \u00e1gua do aqu\u00e1rio esteja limpa e em condi\u00e7\u00f5es adequadas, se esta esp\u00e9cie estiver feliz e saud\u00e1vel se reproduzir\u00e1 rapidamente. Na reprodu\u00e7\u00e3o de qualquer Neocaridina utilize uma variante por aqu\u00e1rio (machos e f\u00eameas de mesma variante), sen\u00e3o eles v\u00e3o cruzar entre variantes diferentes e gerar um camar\u00e3o h\u00edbrido sem colora\u00e7\u00e3o e sem nenhum padr\u00e3o vend\u00e1vel (\u00e0 n\u00e3o ser que voc\u00ea entenda muito de cruzamento seletivo e gen\u00e9tica, como matrizes F1 \u00e0 F5).<\/p>\n<p>\u00a0<\/p>","protected":false},"excerpt":{"rendered":"<p>Nome Cientifico:\u00a0 Distribui\u00e7\u00e3o:\u00a0Apuramento dom\u00e9stico (Taiwan) Temperatura:\u00a0de 18,0\u00baC at\u00e9 28,0\u00baC Dureza Geral:\u00a0 de 2,0\u00badH at\u00e9 25,0\u00badH pH:\u00a0de 6,3 at\u00e9 7,4 Tamanho:\u00a01 a 2 cm Dimorfismo Sexual: Tal como com outras varia\u00e7\u00f5es de Caridina, a sexagem \u00e9 bastante simples. A barriga curva e a &#8220;sela&#8221; \u00e9 especialmente clara no sexo feminino. A sela nos Rili tende a [&hellip;]<\/p>\n","protected":false},"featured_media":1410790059,"comment_status":"open","ping_status":"closed","template":"","meta":{"googlesitekit_rrm_CAow0N7NCw:productID":"","content-type":"","pmpro_default_level":"","_themeisle_gutenberg_block_has_review":false},"product_brand":[],"product_cat":[186,229,217,218],"product_tag":[],"class_list":{"0":"post-1410782926","1":"product","2":"type-product","3":"status-publish","4":"has-post-thumbnail","6":"product_cat-animais-vivos","7":"product_cat-camaroes-agua-doce","8":"product_cat-invertebrados-agua-doce","9":"product_cat-todos-invertebrados-agua-doce","10":"product_shipping_class-animais-vivos","11":"pmpro-has-access","13":"first","14":"instock","15":"taxable","16":"shipping-taxable","17":"purchasable","18":"product-type-simple"},"_links":{"self":[{"href":"https:\/\/dinhosreef.com\/en\/wp-json\/wp\/v2\/product\/1410782926","targetHints":{"allow":["GET"]}}],"collection":[{"href":"https:\/\/dinhosreef.com\/en\/wp-json\/wp\/v2\/product"}],"about":[{"href":"https:\/\/dinhosreef.com\/en\/wp-json\/wp\/v2\/types\/product"}],"replies":[{"embeddable":true,"href":"https:\/\/dinhosreef.com\/en\/wp-json\/wp\/v2\/comments?post=1410782926"}],"wp:featuredmedia":[{"embeddable":true,"href":"https:\/\/dinhosreef.com\/en\/wp-json\/wp\/v2\/media\/1410790059"}],"wp:attachment":[{"href":"https:\/\/dinhosreef.com\/en\/wp-json\/wp\/v2\/media?parent=1410782926"}],"wp:term":[{"taxonomy":"product_brand","embeddable":true,"href":"https:\/\/dinhosreef.com\/en\/wp-json\/wp\/v2\/product_brand?post=1410782926"},{"taxonomy":"product_cat","embeddable":true,"href":"https:\/\/dinhosreef.com\/en\/wp-json\/wp\/v2\/product_cat?post=1410782926"},{"taxonomy":"product_tag","embeddable":true,"href":"https:\/\/dinhosreef.com\/en\/wp-json\/wp\/v2\/product_tag?post=1410782926"}],"curies":[{"name":"wp","href":"https:\/\/api.w.org\/{rel}","templated":true}]}}