{"id":1410783061,"date":"2025-03-24T10:05:58","date_gmt":"2025-03-24T13:05:58","guid":{"rendered":"https:\/\/dinhosreef.com\/produto\/yellow-tail-damsel\/"},"modified":"2026-04-24T20:36:55","modified_gmt":"2026-04-24T23:36:55","slug":"yellow-tail-damsel","status":"publish","type":"product","link":"https:\/\/dinhosreef.com\/en\/product\/yellow-tail-damsel\/","title":{"rendered":"Yellow Tail Damsel"},"content":{"rendered":"<p>Chrysiptera parasema \u00e9 a denomina\u00e7\u00e3o cient\u00edfica do peixe conhecido popularmente de Donzela Azul de Cauda Amarela. Peixe de \u00e1gua salgada, originariamente da regi\u00e3o do Pac\u00edfico Indo-Oeste, \u00e9 muito popular para aqu\u00e1rios, pois o seu tamanho, na fase adulta, pode chegar a 7 cm.<\/p>\n<p>Nome cient\u00edfico: Chrysiptera parasema<\/p>\n<p>Classifica\u00e7\u00e3o: Esp\u00e9cie<\/p>\n<p>Classifica\u00e7\u00e3o superior: Chrysiptera<\/p>\n<p>Filo: Cordados<\/p>\n<p>Classe: Actinopterygii<\/p>\n<p>Reino: Animal<\/p>\n<p>Caracter\u00edsticas<\/p>\n<p>Porte: Pequeno<\/p>\n<p>Litragem M\u00ednima: 100 L<\/p>\n<p>Alimenta\u00e7\u00e3o: F\u00e1cil<\/p>\n<p>Dificuldade: F\u00e1cil<\/p>\n<p>Agressivo com outros peixes: N\u00e3o<\/p>\n<p>Agressivo com mesmo: M\u00e9dio<\/p>\n<p>Come corais: N\u00e3o<\/p>\n<p>Come invertebrados: N\u00e3o<\/p>","protected":false},"excerpt":{"rendered":"<p>Chrysiptera parasema \u00e9 a denomina\u00e7\u00e3o cient\u00edfica do peixe conhecido popularmente de Donzela Azul de Cauda Amarela. Peixe de \u00e1gua salgada, originariamente da regi\u00e3o do Pac\u00edfico Indo-Oeste, \u00e9 muito popular para aqu\u00e1rios, pois o seu tamanho, na fase adulta, pode chegar a 7 cm. Nome cient\u00edfico: Chrysiptera parasema Classifica\u00e7\u00e3o: Esp\u00e9cie Classifica\u00e7\u00e3o superior: Chrysiptera Filo: Cordados Classe: [&hellip;]<\/p>\n","protected":false},"featured_media":1410783060,"comment_status":"open","ping_status":"closed","template":"","meta":{"googlesitekit_rrm_CAow0N7NCw:productID":"","content-type":"","pmpro_default_level":"","_themeisle_gutenberg_block_has_review":false},"product_brand":[],"product_cat":[186,193,170,220],"product_tag":[],"class_list":{"0":"post-1410783061","1":"product","2":"type-product","3":"status-publish","4":"has-post-thumbnail","6":"product_cat-animais-vivos","7":"product_cat-damsel","8":"product_cat-peixes-marinhos","9":"product_cat-todos-os-peixes-de-agua-salgada","10":"pmpro-has-access","12":"first","13":"outofstock","14":"taxable","15":"shipping-taxable","16":"purchasable","17":"product-type-simple"},"_links":{"self":[{"href":"https:\/\/dinhosreef.com\/en\/wp-json\/wp\/v2\/product\/1410783061","targetHints":{"allow":["GET"]}}],"collection":[{"href":"https:\/\/dinhosreef.com\/en\/wp-json\/wp\/v2\/product"}],"about":[{"href":"https:\/\/dinhosreef.com\/en\/wp-json\/wp\/v2\/types\/product"}],"replies":[{"embeddable":true,"href":"https:\/\/dinhosreef.com\/en\/wp-json\/wp\/v2\/comments?post=1410783061"}],"wp:featuredmedia":[{"embeddable":true,"href":"https:\/\/dinhosreef.com\/en\/wp-json\/wp\/v2\/media\/1410783060"}],"wp:attachment":[{"href":"https:\/\/dinhosreef.com\/en\/wp-json\/wp\/v2\/media?parent=1410783061"}],"wp:term":[{"taxonomy":"product_brand","embeddable":true,"href":"https:\/\/dinhosreef.com\/en\/wp-json\/wp\/v2\/product_brand?post=1410783061"},{"taxonomy":"product_cat","embeddable":true,"href":"https:\/\/dinhosreef.com\/en\/wp-json\/wp\/v2\/product_cat?post=1410783061"},{"taxonomy":"product_tag","embeddable":true,"href":"https:\/\/dinhosreef.com\/en\/wp-json\/wp\/v2\/product_tag?post=1410783061"}],"curies":[{"name":"wp","href":"https:\/\/api.w.org\/{rel}","templated":true}]}}