{"id":1410783131,"date":"2025-03-24T15:06:10","date_gmt":"2025-03-24T18:06:10","guid":{"rendered":"https:\/\/dinhosreef.com\/produto\/enfeite-de-silicone-soma-coral-ricordea-verde\/"},"modified":"2026-04-14T11:30:49","modified_gmt":"2026-04-14T14:30:49","slug":"enfeite-de-silicone-soma-coral-ricordea-verde","status":"publish","type":"product","link":"https:\/\/dinhosreef.com\/en\/product\/enfeite-de-silicone-soma-coral-ricordea-verde\/","title":{"rendered":"ENFEITE DE SILICONE SOMA CORAL RICORDEA VERDE"},"content":{"rendered":"<p>Compre ENFEITE DE SILICONE SOMA CORAL RICORDEA VERDE<\/p>\n<p>\u00a0Informa\u00e7\u00f5es: Altura: 7 Largura: 8 Profundidade: 8 Peso: 0,14<br \/>Aqui voc\u00ea encontra os melhores produtos da SOMA.<br \/>D\u00favidas:\u00a0Os produtos s\u00e3o sempre novos e de alta qualidade. Todas as mercadorias s\u00e3o para pronta entrega. Envios por correios ou transportadora. Todos os produtos possuem garantia de 3 meses.<\/p>\n<p>Garantia do vendedor: 3 meses<\/p>","protected":false},"excerpt":{"rendered":"<p>Compre ENFEITE DE SILICONE SOMA CORAL RICORDEA VERDE \u00a0Informa\u00e7\u00f5es: Altura: 7 Largura: 8 Profundidade: 8 Peso: 0,14Aqui voc\u00ea encontra os melhores produtos da SOMA.D\u00favidas:\u00a0Os produtos s\u00e3o sempre novos e de alta qualidade. Todas as mercadorias s\u00e3o para pronta entrega. Envios por correios ou transportadora. Todos os produtos possuem garantia de 3 meses. Garantia do vendedor: [&hellip;]<\/p>\n","protected":false},"featured_media":1410783130,"comment_status":"open","ping_status":"closed","template":"","meta":{"googlesitekit_rrm_CAow0N7NCw:productID":"","content-type":"","pmpro_default_level":"","_themeisle_gutenberg_block_has_review":false},"product_brand":[],"product_cat":[33],"product_tag":[],"class_list":{"0":"post-1410783131","1":"product","2":"type-product","3":"status-publish","4":"has-post-thumbnail","6":"product_cat-enfeites-para-aquarios","7":"pmpro-has-access","9":"first","10":"instock","11":"taxable","12":"shipping-taxable","13":"purchasable","14":"product-type-simple"},"_links":{"self":[{"href":"https:\/\/dinhosreef.com\/en\/wp-json\/wp\/v2\/product\/1410783131","targetHints":{"allow":["GET"]}}],"collection":[{"href":"https:\/\/dinhosreef.com\/en\/wp-json\/wp\/v2\/product"}],"about":[{"href":"https:\/\/dinhosreef.com\/en\/wp-json\/wp\/v2\/types\/product"}],"replies":[{"embeddable":true,"href":"https:\/\/dinhosreef.com\/en\/wp-json\/wp\/v2\/comments?post=1410783131"}],"wp:featuredmedia":[{"embeddable":true,"href":"https:\/\/dinhosreef.com\/en\/wp-json\/wp\/v2\/media\/1410783130"}],"wp:attachment":[{"href":"https:\/\/dinhosreef.com\/en\/wp-json\/wp\/v2\/media?parent=1410783131"}],"wp:term":[{"taxonomy":"product_brand","embeddable":true,"href":"https:\/\/dinhosreef.com\/en\/wp-json\/wp\/v2\/product_brand?post=1410783131"},{"taxonomy":"product_cat","embeddable":true,"href":"https:\/\/dinhosreef.com\/en\/wp-json\/wp\/v2\/product_cat?post=1410783131"},{"taxonomy":"product_tag","embeddable":true,"href":"https:\/\/dinhosreef.com\/en\/wp-json\/wp\/v2\/product_tag?post=1410783131"}],"curies":[{"name":"wp","href":"https:\/\/api.w.org\/{rel}","templated":true}]}}