{"id":1410783179,"date":"2025-03-24T15:32:57","date_gmt":"2025-03-24T18:32:57","guid":{"rendered":"https:\/\/dinhosreef.com\/produto\/enfeite-de-plastico-soma-invertebrado-gorgonia-preta\/"},"modified":"2025-11-12T11:58:31","modified_gmt":"2025-11-12T14:58:31","slug":"enfeite-de-plastico-soma-invertebrado-gorgonia-preta","status":"publish","type":"product","link":"https:\/\/dinhosreef.com\/en\/product\/enfeite-de-plastico-soma-invertebrado-gorgonia-preta\/","title":{"rendered":"ENFEITE DE PLASTICO SOMA INVERTEBRADO GORGONIA PRETA"},"content":{"rendered":"<div class=\"ui-pdp-container__col col-3 ui-pdp-container--column-center pb-16\">\n<div class=\"ui-pdp--sticky-wrapper ui-pdp--sticky-wrapper-center\">\n<div class=\"ui-pdp-container__row\">\n<div class=\"ui-pdp-container__col col-1\">\n<div class=\"ui-pdp-collapsable ui-pdp-description-collapse\">\n<div class=\"ui-pdp-collapsable__container\">\n<div class=\"ui-pdp-description pl-45 pr-45 ui-pdp-collapsable--is-collapsed\">\n<p class=\"ui-pdp-description__content\">Compre ENFEITE DE PLASTICO SOMA INVERTEBRADO GORGONIA PRETA, uma pe\u00e7a decorativa que traz um toque de eleg\u00e2ncia e sofistica\u00e7\u00e3o para qualquer ambiente. Com dimens\u00f5es de 17 cm de altura, 17 cm de largura e 3 cm de profundidade, este enfeite \u00e9 ideal para complementar sua decora\u00e7\u00e3o sem ocupar muito espa\u00e7o. Fabricado pela renomada marca Soma, este item novo \u00e9 feito de resina de alta qualidade, garantindo durabilidade e resist\u00eancia. O modelo INVERTEBRADO GORGONIA PRETA apresenta um design exclusivo, inspirado na beleza do fundo do mar, que certamente encantar\u00e1 os amantes da natureza. O nome do desenho, Batel, reflete a harmonia e a est\u00e9tica que este enfeite proporciona. Adicione um toque de originalidade e charme \u00e0 sua casa com este incr\u00edvel enfeite de pl\u00e1stico.<\/p>\n<\/p><\/div>\n<\/p><\/div>\n<\/p><\/div>\n<\/p><\/div>\n<\/p><\/div>\n<div class=\"ui-pdp-container__row\">\n<div class=\"ui-pdp-container__col col-1\">\u00a0<\/div>\n<\/p><\/div>\n<div class=\"ui-pdp-container__row ui-pdp-recommendations-row\">\n<div class=\"ui-pdp-container__col col-1\">\n<div class=\"ui-pdp-spot-middle\">\u00a0<\/div>\n<\/p><\/div>\n<\/p><\/div>\n<\/p><\/div>\n<\/p><\/div>\n<div class=\"ui-pdp-container__col col-1 ui-pdp-container--column-right mt-16 pr-16\">\n<div class=\"ui-pdp--sticky-wrapper ui-pdp--sticky-wrapper-right\">\n<div class=\"input-group\">\u00a0<\/div>\n<\/p><\/div>\n<\/p><\/div>","protected":false},"excerpt":{"rendered":"<p>Compre ENFEITE DE PLASTICO SOMA INVERTEBRADO GORGONIA PRETA, uma pe\u00e7a decorativa que traz um toque de eleg\u00e2ncia e sofistica\u00e7\u00e3o para qualquer ambiente. Com dimens\u00f5es de 17 cm de altura, 17 cm de largura e 3 cm de profundidade, este enfeite \u00e9 ideal para complementar sua decora\u00e7\u00e3o sem ocupar muito espa\u00e7o. Fabricado pela renomada marca Soma, [&hellip;]<\/p>\n","protected":false},"featured_media":1410783176,"comment_status":"open","ping_status":"closed","template":"","meta":{"googlesitekit_rrm_CAow0N7NCw:productID":"","content-type":"","pmpro_default_level":"","_themeisle_gutenberg_block_has_review":false},"product_brand":[],"product_cat":[33],"product_tag":[],"class_list":{"0":"post-1410783179","1":"product","2":"type-product","3":"status-publish","4":"has-post-thumbnail","6":"product_cat-enfeites-para-aquarios","7":"aux-has-gallery","8":"pmpro-has-access","10":"first","11":"outofstock","12":"taxable","13":"shipping-taxable","14":"purchasable","15":"product-type-simple"},"_links":{"self":[{"href":"https:\/\/dinhosreef.com\/en\/wp-json\/wp\/v2\/product\/1410783179","targetHints":{"allow":["GET"]}}],"collection":[{"href":"https:\/\/dinhosreef.com\/en\/wp-json\/wp\/v2\/product"}],"about":[{"href":"https:\/\/dinhosreef.com\/en\/wp-json\/wp\/v2\/types\/product"}],"replies":[{"embeddable":true,"href":"https:\/\/dinhosreef.com\/en\/wp-json\/wp\/v2\/comments?post=1410783179"}],"wp:featuredmedia":[{"embeddable":true,"href":"https:\/\/dinhosreef.com\/en\/wp-json\/wp\/v2\/media\/1410783176"}],"wp:attachment":[{"href":"https:\/\/dinhosreef.com\/en\/wp-json\/wp\/v2\/media?parent=1410783179"}],"wp:term":[{"taxonomy":"product_brand","embeddable":true,"href":"https:\/\/dinhosreef.com\/en\/wp-json\/wp\/v2\/product_brand?post=1410783179"},{"taxonomy":"product_cat","embeddable":true,"href":"https:\/\/dinhosreef.com\/en\/wp-json\/wp\/v2\/product_cat?post=1410783179"},{"taxonomy":"product_tag","embeddable":true,"href":"https:\/\/dinhosreef.com\/en\/wp-json\/wp\/v2\/product_tag?post=1410783179"}],"curies":[{"name":"wp","href":"https:\/\/api.w.org\/{rel}","templated":true}]}}