{"id":1410783248,"date":"2025-03-24T17:56:48","date_gmt":"2025-03-24T20:56:48","guid":{"rendered":"https:\/\/dinhosreef.com\/produto\/cyphastrea-meteor\/"},"modified":"2025-05-09T14:34:40","modified_gmt":"2025-05-09T17:34:40","slug":"cyphastrea-meteor","status":"publish","type":"product","link":"https:\/\/dinhosreef.com\/en\/product\/cyphastrea-meteor\/","title":{"rendered":"CYPHASTREA METEOR"},"content":{"rendered":"<p><strong>DIFICULDADE:<\/strong>\u00a0M\u00c9DIA<\/p>\n<p><strong>ILUMINA\u00c7\u00c3O:<\/strong>\u00a0M\u00c9DIA<\/p>\n<p><strong>CIRCULA\u00c7\u00c3O:<\/strong>\u00a0M\u00c9DIA<\/p>","protected":false},"excerpt":{"rendered":"<p>DIFICULDADE:\u00a0M\u00c9DIA ILUMINA\u00c7\u00c3O:\u00a0M\u00c9DIA CIRCULA\u00c7\u00c3O:\u00a0M\u00c9DIA<\/p>","protected":false},"featured_media":1410783247,"comment_status":"open","ping_status":"closed","template":"","meta":{"googlesitekit_rrm_CAow0N7NCw:productID":"","content-type":"","pmpro_default_level":"","_themeisle_gutenberg_block_has_review":false},"product_brand":[],"product_cat":[186,176,177,180],"product_tag":[],"class_list":{"0":"post-1410783248","1":"product","2":"type-product","3":"status-publish","4":"has-post-thumbnail","6":"product_cat-animais-vivos","7":"product_cat-corais","8":"product_cat-lps","9":"product_cat-todos","10":"pmpro-has-access","12":"first","13":"outofstock","14":"taxable","15":"shipping-taxable","16":"purchasable","17":"product-type-simple"},"_links":{"self":[{"href":"https:\/\/dinhosreef.com\/en\/wp-json\/wp\/v2\/product\/1410783248","targetHints":{"allow":["GET"]}}],"collection":[{"href":"https:\/\/dinhosreef.com\/en\/wp-json\/wp\/v2\/product"}],"about":[{"href":"https:\/\/dinhosreef.com\/en\/wp-json\/wp\/v2\/types\/product"}],"replies":[{"embeddable":true,"href":"https:\/\/dinhosreef.com\/en\/wp-json\/wp\/v2\/comments?post=1410783248"}],"wp:featuredmedia":[{"embeddable":true,"href":"https:\/\/dinhosreef.com\/en\/wp-json\/wp\/v2\/media\/1410783247"}],"wp:attachment":[{"href":"https:\/\/dinhosreef.com\/en\/wp-json\/wp\/v2\/media?parent=1410783248"}],"wp:term":[{"taxonomy":"product_brand","embeddable":true,"href":"https:\/\/dinhosreef.com\/en\/wp-json\/wp\/v2\/product_brand?post=1410783248"},{"taxonomy":"product_cat","embeddable":true,"href":"https:\/\/dinhosreef.com\/en\/wp-json\/wp\/v2\/product_cat?post=1410783248"},{"taxonomy":"product_tag","embeddable":true,"href":"https:\/\/dinhosreef.com\/en\/wp-json\/wp\/v2\/product_tag?post=1410783248"}],"curies":[{"name":"wp","href":"https:\/\/api.w.org\/{rel}","templated":true}]}}