{"id":1410783250,"date":"2025-03-24T18:09:14","date_gmt":"2025-03-24T21:09:14","guid":{"rendered":"https:\/\/dinhosreef.com\/produto\/palhaco-black-ocellaris-cara-preta\/"},"modified":"2025-07-01T15:06:51","modified_gmt":"2025-07-01T18:06:51","slug":"palhaco-black-ocellaris-cara-preta","status":"publish","type":"product","link":"https:\/\/dinhosreef.com\/en\/product\/palhaco-black-ocellaris-cara-preta\/","title":{"rendered":"Palha\u00e7o Black ocellaris Cara Preta"},"content":{"rendered":"<p>Descri\u00e7\u00e3o O peixe-palha\u00e7o-black \u00e9 um peixe-palha\u00e7o do g\u00eanero Amphiprion. \u00c0 semelhan\u00e7a dos restantes peixes-palha\u00e7o, \u00e9 protegido das c\u00e9lulas urticantes dos seus hospedeiros, as an\u00eamonas-do-mar, por possuir um revestimento de muco protetor. Pode ser encontrado em lagoas calmas e pouco profundas, sendo o macho o guardi\u00e3o dos ovos.<\/p>\n<p>Nome cient\u00edfico: Amphiprion ocellaris<\/p>\n<p>Classifica\u00e7\u00e3o: Esp\u00e9cie<\/p>\n<p>Classifica\u00e7\u00e3o superior: Amphiprion<\/p>\n<p>Caracter\u00edsticas<\/p>\n<p>Porte: Pequeno<\/p>\n<p>Litragem M\u00ednima: 30 L<\/p>\n<p>Alimenta\u00e7\u00e3o: F\u00e1cil<\/p>\n<p>Dificuldade: F\u00e1cil<\/p>\n<p>Agressivo com outros peixes: Baixa<\/p>\n<p>Agressivo com mesmo: N\u00e3o<\/p>\n<p>Come corais: N\u00e3o<\/p>\n<p>Come invertebrados: N\u00e3o<\/p>","protected":false},"excerpt":{"rendered":"<p>Descri\u00e7\u00e3o O peixe-palha\u00e7o-black \u00e9 um peixe-palha\u00e7o do g\u00eanero Amphiprion. \u00c0 semelhan\u00e7a dos restantes peixes-palha\u00e7o, \u00e9 protegido das c\u00e9lulas urticantes dos seus hospedeiros, as an\u00eamonas-do-mar, por possuir um revestimento de muco protetor. Pode ser encontrado em lagoas calmas e pouco profundas, sendo o macho o guardi\u00e3o dos ovos. Nome cient\u00edfico: Amphiprion ocellaris Classifica\u00e7\u00e3o: Esp\u00e9cie Classifica\u00e7\u00e3o superior: [&hellip;]<\/p>\n","protected":false},"featured_media":1410783249,"comment_status":"open","ping_status":"closed","template":"","meta":{"googlesitekit_rrm_CAow0N7NCw:productID":"","content-type":"","pmpro_default_level":"","_themeisle_gutenberg_block_has_review":false},"product_brand":[],"product_cat":[186,192,170,220],"product_tag":[],"class_list":{"0":"post-1410783250","1":"product","2":"type-product","3":"status-publish","4":"has-post-thumbnail","6":"product_cat-animais-vivos","7":"product_cat-clownfish","8":"product_cat-peixes-marinhos","9":"product_cat-todos-os-peixes-de-agua-salgada","10":"pmpro-has-access","12":"first","13":"outofstock","14":"taxable","15":"shipping-taxable","16":"purchasable","17":"product-type-simple"},"_links":{"self":[{"href":"https:\/\/dinhosreef.com\/en\/wp-json\/wp\/v2\/product\/1410783250","targetHints":{"allow":["GET"]}}],"collection":[{"href":"https:\/\/dinhosreef.com\/en\/wp-json\/wp\/v2\/product"}],"about":[{"href":"https:\/\/dinhosreef.com\/en\/wp-json\/wp\/v2\/types\/product"}],"replies":[{"embeddable":true,"href":"https:\/\/dinhosreef.com\/en\/wp-json\/wp\/v2\/comments?post=1410783250"}],"wp:featuredmedia":[{"embeddable":true,"href":"https:\/\/dinhosreef.com\/en\/wp-json\/wp\/v2\/media\/1410783249"}],"wp:attachment":[{"href":"https:\/\/dinhosreef.com\/en\/wp-json\/wp\/v2\/media?parent=1410783250"}],"wp:term":[{"taxonomy":"product_brand","embeddable":true,"href":"https:\/\/dinhosreef.com\/en\/wp-json\/wp\/v2\/product_brand?post=1410783250"},{"taxonomy":"product_cat","embeddable":true,"href":"https:\/\/dinhosreef.com\/en\/wp-json\/wp\/v2\/product_cat?post=1410783250"},{"taxonomy":"product_tag","embeddable":true,"href":"https:\/\/dinhosreef.com\/en\/wp-json\/wp\/v2\/product_tag?post=1410783250"}],"curies":[{"name":"wp","href":"https:\/\/api.w.org\/{rel}","templated":true}]}}