{"id":1410783266,"date":"2025-03-25T12:37:15","date_gmt":"2025-03-25T15:37:15","guid":{"rendered":"https:\/\/dinhosreef.com\/produto\/mushroom-marmoreto\/"},"modified":"2025-07-01T15:06:43","modified_gmt":"2025-07-01T18:06:43","slug":"mushroom-marmoreto","status":"publish","type":"product","link":"https:\/\/dinhosreef.com\/en\/product\/mushroom-marmoreto\/","title":{"rendered":"Mushroom Marmoreto"},"content":{"rendered":"<div class=\"col-12 col-md-4 col-lg-3 px-0 px-md-4 mb-5\"><\/div>\n<div class=\"col-12 col-md-4 col-lg-3 px-0 px-md-4 mb-5\">\n<div class=\"d-flex align-items-start justify-content-start\">\n<div class=\"text-left\"><span style=\"font-family: var(--global-body-font-family);\">Descri\u00e7\u00e3o Corallimorpharia \u00e9 uma ordem de cnid\u00e1rios antozo\u00e1rios da subclasse Hexacorallia. Inclui as an\u00eamonas semelhantes \u00e0 corais.<\/span><\/div>\n<\/div>\n<\/div>\n<p>Nome cient\u00edfico: Corallimorpharia<\/p>\n<p>Classifica\u00e7\u00e3o: Ordem<\/p>\n<p>Classifica\u00e7\u00e3o superior: Hexacorallia<\/p>\n<p>Subclasse: Hexacorallia<\/p>\n<p>Caracter\u00edsticas<\/p>\n<p>Alimenta\u00e7\u00e3o: F\u00e1cil<\/p>\n<p>Circula\u00e7\u00e3o: M\u00e9dia<\/p>\n<p>Ilumina\u00e7\u00e3o: M\u00e9dia<\/p>\n<p>Dificuldade: F\u00e1cil<\/p>\n<p>Agressivo com outras esp\u00e9cies : M\u00e9dia<\/p>\n<p>Agressivo com mesmo: N\u00e3o<\/p>","protected":false},"excerpt":{"rendered":"<div class=\"col-12 col-md-4 col-lg-3 px-0 px-md-4 mb-5\">\n<div class=\"d-flex align-items-start justify-content-start\">\n<p><img decoding=\"async\" class=\"img-fluid mr-4\" src=\"https:\/\/cdn.dooca.store\/1139\/features\/i-dificuldade-o.png?v=1602087058?v=1602087058\" alt=\"Dificuldade\" \/>\u00a0 \u00a0<strong>Dificuldade &#8211; F\u00e1cil<\/strong><\/p>\n<div class=\"text-left\">\n<div class=\"text\"><\/div>\n<\/div>\n<\/div>\n<\/div>\n<div class=\"col-12 col-md-4 col-lg-3 px-0 px-md-4 mb-5\">\n<div class=\"d-flex align-items-start justify-content-start\">\n<p><img decoding=\"async\" class=\"img-fluid mr-4\" src=\"https:\/\/cdn.dooca.store\/1139\/features\/i-circulacao-o.png?v=1602087065?v=1602087065\" alt=\"Circula\u00e7\u00e3o\" \/>\u00a0 \u00a0 <strong>Circula\u00e7\u00e3o &#8211; Baixa<\/strong><\/p>\n<div class=\"text-left\">\n<div class=\"text\"><\/div>\n<\/div>\n<\/div>\n<\/div>\n<div class=\"col-12 col-md-4 col-lg-3 px-0 px-md-4 mb-5\">\n<div class=\"d-flex align-items-start justify-content-start\">\n<p><img decoding=\"async\" class=\"img-fluid mr-4\" src=\"https:\/\/cdn.dooca.store\/1139\/features\/i-ilumi-o-1.png?v=1602087038?v=1602087038\" alt=\"Ilumina\u00e7\u00e3o\" \/>\u00a0 \u00a0<strong>Ilumina\u00e7\u00e3o &#8211;\u00a0 Baixa<\/strong><\/p>\n<div class=\"text-left\"><\/div>\n<\/div>\n<\/div>","protected":false},"featured_media":1410783265,"comment_status":"open","ping_status":"closed","template":"","meta":{"googlesitekit_rrm_CAow0N7NCw:productID":"","content-type":"","pmpro_default_level":"","_themeisle_gutenberg_block_has_review":false},"product_brand":[],"product_cat":[186,176,178,180],"product_tag":[],"class_list":{"0":"post-1410783266","1":"product","2":"type-product","3":"status-publish","4":"has-post-thumbnail","6":"product_cat-animais-vivos","7":"product_cat-corais","8":"product_cat-soft","9":"product_cat-todos","10":"pmpro-has-access","12":"first","13":"outofstock","14":"taxable","15":"shipping-taxable","16":"purchasable","17":"product-type-simple"},"_links":{"self":[{"href":"https:\/\/dinhosreef.com\/en\/wp-json\/wp\/v2\/product\/1410783266","targetHints":{"allow":["GET"]}}],"collection":[{"href":"https:\/\/dinhosreef.com\/en\/wp-json\/wp\/v2\/product"}],"about":[{"href":"https:\/\/dinhosreef.com\/en\/wp-json\/wp\/v2\/types\/product"}],"replies":[{"embeddable":true,"href":"https:\/\/dinhosreef.com\/en\/wp-json\/wp\/v2\/comments?post=1410783266"}],"wp:featuredmedia":[{"embeddable":true,"href":"https:\/\/dinhosreef.com\/en\/wp-json\/wp\/v2\/media\/1410783265"}],"wp:attachment":[{"href":"https:\/\/dinhosreef.com\/en\/wp-json\/wp\/v2\/media?parent=1410783266"}],"wp:term":[{"taxonomy":"product_brand","embeddable":true,"href":"https:\/\/dinhosreef.com\/en\/wp-json\/wp\/v2\/product_brand?post=1410783266"},{"taxonomy":"product_cat","embeddable":true,"href":"https:\/\/dinhosreef.com\/en\/wp-json\/wp\/v2\/product_cat?post=1410783266"},{"taxonomy":"product_tag","embeddable":true,"href":"https:\/\/dinhosreef.com\/en\/wp-json\/wp\/v2\/product_tag?post=1410783266"}],"curies":[{"name":"wp","href":"https:\/\/api.w.org\/{rel}","templated":true}]}}