{"id":1410783434,"date":"2025-03-28T18:17:46","date_gmt":"2025-03-28T21:17:46","guid":{"rendered":"https:\/\/dinhosreef.com\/produto\/acropora-tenuis-blue\/"},"modified":"2026-03-14T16:01:55","modified_gmt":"2026-03-14T19:01:55","slug":"acropora-tenuis-blue","status":"publish","type":"product","link":"https:\/\/dinhosreef.com\/en\/product\/acropora-tenuis-blue\/","title":{"rendered":"Acropora Tenuis Blue"},"content":{"rendered":"<p>Acropora \u00e9 um g\u00eanero de pequeno coral pedregoso do p\u00f3lipo no filo Cnidaria. Algumas de suas esp\u00e9cies s\u00e3o conhecidas como coral de mesa, coral elkhorn e coral staghorn. Mais de 149 esp\u00e9cies s\u00e3o descritas.<\/p>\n<p>\u00a0<\/p>\n<p>Nome cient\u00edfico: Acropora<\/p>\n<p>Filo: Cnid\u00e1rio<\/p>\n<p>Classifica\u00e7\u00e3o superior: Acroporidae<\/p>\n<p>Classifica\u00e7\u00e3o: G\u00eanero<\/p>\n<p>Classe: Anthozoa<\/p>\n<p>Ordem: Scleractinia<\/p>\n<p>\u00a0<\/p>\n<p>Caracter\u00edsticas<\/p>\n<p>\u00a0<\/p>\n<p>Alimenta\u00e7\u00e3o: F\u00e1cil<\/p>\n<p>Circula\u00e7\u00e3o: Forte<\/p>\n<p>Ilumina\u00e7\u00e3o: Forte<\/p>\n<p>Dificuldade: Alta<\/p>\n<p>Agressivo com outras esp\u00e9cies : M\u00e9dia<\/p>\n<p>Agressivo com mesmo: N\u00e3o<\/p>","protected":false},"excerpt":{"rendered":"<p>Acropora \u00e9 um g\u00eanero de pequeno coral pedregoso do p\u00f3lipo no filo Cnidaria. Algumas de suas esp\u00e9cies s\u00e3o conhecidas como coral de mesa, coral elkhorn e coral staghorn. Mais de 149 esp\u00e9cies s\u00e3o descritas. \u00a0 Nome cient\u00edfico: Acropora Filo: Cnid\u00e1rio Classifica\u00e7\u00e3o superior: Acroporidae Classifica\u00e7\u00e3o: G\u00eanero Classe: Anthozoa Ordem: Scleractinia \u00a0 Caracter\u00edsticas \u00a0 Alimenta\u00e7\u00e3o: F\u00e1cil Circula\u00e7\u00e3o: [&hellip;]<\/p>\n","protected":false},"featured_media":1410788836,"comment_status":"open","ping_status":"closed","template":"","meta":{"googlesitekit_rrm_CAow0N7NCw:productID":"","content-type":"","pmpro_default_level":"","_themeisle_gutenberg_block_has_review":false},"product_brand":[],"product_cat":[186,176,179,180],"product_tag":[],"class_list":{"0":"post-1410783434","1":"product","2":"type-product","3":"status-publish","4":"has-post-thumbnail","6":"product_cat-animais-vivos","7":"product_cat-corais","8":"product_cat-sps","9":"product_cat-todos","10":"pmpro-has-access","12":"first","13":"outofstock","14":"taxable","15":"shipping-taxable","16":"purchasable","17":"product-type-simple"},"_links":{"self":[{"href":"https:\/\/dinhosreef.com\/en\/wp-json\/wp\/v2\/product\/1410783434","targetHints":{"allow":["GET"]}}],"collection":[{"href":"https:\/\/dinhosreef.com\/en\/wp-json\/wp\/v2\/product"}],"about":[{"href":"https:\/\/dinhosreef.com\/en\/wp-json\/wp\/v2\/types\/product"}],"replies":[{"embeddable":true,"href":"https:\/\/dinhosreef.com\/en\/wp-json\/wp\/v2\/comments?post=1410783434"}],"wp:featuredmedia":[{"embeddable":true,"href":"https:\/\/dinhosreef.com\/en\/wp-json\/wp\/v2\/media\/1410788836"}],"wp:attachment":[{"href":"https:\/\/dinhosreef.com\/en\/wp-json\/wp\/v2\/media?parent=1410783434"}],"wp:term":[{"taxonomy":"product_brand","embeddable":true,"href":"https:\/\/dinhosreef.com\/en\/wp-json\/wp\/v2\/product_brand?post=1410783434"},{"taxonomy":"product_cat","embeddable":true,"href":"https:\/\/dinhosreef.com\/en\/wp-json\/wp\/v2\/product_cat?post=1410783434"},{"taxonomy":"product_tag","embeddable":true,"href":"https:\/\/dinhosreef.com\/en\/wp-json\/wp\/v2\/product_tag?post=1410783434"}],"curies":[{"name":"wp","href":"https:\/\/api.w.org\/{rel}","templated":true}]}}