{"id":1410783471,"date":"2025-04-01T10:08:34","date_gmt":"2025-04-01T13:08:34","guid":{"rendered":"https:\/\/dinhosreef.com\/produto\/aquarios-de-vidro-curvo-ocean-tech-31x18x24-13l\/"},"modified":"2026-04-02T18:19:00","modified_gmt":"2026-04-02T21:19:00","slug":"aquarios-de-vidro-curvo-ocean-tech-31x18x24-13l","status":"publish","type":"product","link":"https:\/\/dinhosreef.com\/en\/product\/aquarios-de-vidro-curvo-ocean-tech-31x18x24-13l\/","title":{"rendered":"AQUARIOS DE VIDRO CURVO OCEAN TECH 31x18x24 &#8211; 13L"},"content":{"rendered":"<div class=\"col-md-8 form-group input-counter\">\n<div class=\"input-group viewing-input-group\">\n<p class=\"form-control-static viewing-input\">AQUARIOS DE VIDRO CURVO OCEAN TECH 31x18x24 &#8211; 13L<\/p>\n<\/div>\n<\/div>\n<p>Descubra a Eleg\u00e2ncia do Aqu\u00e1rio Oceantech em Vidro Curvo!<\/p>\n<p><strong>Acabamento<\/strong><\/p>\n<p>Vidros l\u00e1pidado<\/p>\n<p>Silicone preto<\/p>\n<p>EVA Preto<\/p>\n<p>Revitalize o seu espa\u00e7o com o refinado Aqu\u00e1rio Oceantech, projetado para encantar e oferecer uma experi\u00eancia aqu\u00e1tica \u00fanica. Com as suas dimens\u00f5es de 31X18X24 cm e uma capacidade de 13 litros, este aqu\u00e1rio proporciona uma vis\u00e3o panor\u00e2mica envolvente, tornando-se o destaque em qualquer ambiente.<\/p>\n<p><strong>Caracter\u00edsticas Principais:<\/strong><br \/>\nCapacidade Ideal: Com espa\u00e7o para at\u00e9 13 litros, este aqu\u00e1rio \u00e9 ideal para uma variedade de peixes e plantas aqu\u00e1ticas, criando um ecossistema vibrante e equilibrado.<br \/>\nDesign Sofisticado: O vidro curvo frontal n\u00e3o s\u00f3 aprimora a est\u00e9tica, como tamb\u00e9m oferece uma visualiza\u00e7\u00e3o clara e imersiva de todos os \u00e2ngulos.<br \/>\nDimens\u00f5es Perfeitas: Compacto o bastante para se adaptar a qualquer lugar, mas espa\u00e7oso o suficiente para criar um ambiente aqu\u00e1tico deslumbrante.<br \/>\nGarantia de Satisfa\u00e7\u00e3o:<\/p>\n<p>Com uma garantia de 7 dias oferecida pela Dshops, voc\u00ea pode adquirir com total confian\u00e7a, sabendo que est\u00e1 investindo em um produto de qualidade.<\/p>\n<p>N\u00e3o perca a chance de transformar o seu espa\u00e7o com o Aqu\u00e1rio Oceantech em Vidro Curvo. Adquira j\u00e1 e mergulhe em um espet\u00e1culo aqu\u00e1tico incompar\u00e1vel!<\/p>","protected":false},"excerpt":{"rendered":"<p>AQUARIOS DE VIDRO CURVO OCEAN TECH 31x18x24 &#8211; 13L Descubra a Eleg\u00e2ncia do Aqu\u00e1rio Oceantech em Vidro Curvo! Acabamento Vidros l\u00e1pidado Silicone preto EVA Preto Revitalize o seu espa\u00e7o com o refinado Aqu\u00e1rio Oceantech, projetado para encantar e oferecer uma experi\u00eancia aqu\u00e1tica \u00fanica. Com as suas dimens\u00f5es de 31X18X24 cm e uma capacidade de 13 [&hellip;]<\/p>\n","protected":false},"featured_media":1410783468,"comment_status":"open","ping_status":"closed","template":"","meta":{"googlesitekit_rrm_CAow0N7NCw:productID":"","content-type":"","pmpro_default_level":"","_themeisle_gutenberg_block_has_review":false},"product_brand":[],"product_cat":[62],"product_tag":[],"class_list":{"0":"post-1410783471","1":"product","2":"type-product","3":"status-publish","4":"has-post-thumbnail","6":"product_cat-aquarios","7":"product_shipping_class-pesado","8":"aux-has-gallery","9":"pmpro-has-access","11":"first","12":"instock","13":"taxable","14":"shipping-taxable","15":"purchasable","16":"product-type-simple"},"_links":{"self":[{"href":"https:\/\/dinhosreef.com\/en\/wp-json\/wp\/v2\/product\/1410783471","targetHints":{"allow":["GET"]}}],"collection":[{"href":"https:\/\/dinhosreef.com\/en\/wp-json\/wp\/v2\/product"}],"about":[{"href":"https:\/\/dinhosreef.com\/en\/wp-json\/wp\/v2\/types\/product"}],"replies":[{"embeddable":true,"href":"https:\/\/dinhosreef.com\/en\/wp-json\/wp\/v2\/comments?post=1410783471"}],"wp:featuredmedia":[{"embeddable":true,"href":"https:\/\/dinhosreef.com\/en\/wp-json\/wp\/v2\/media\/1410783468"}],"wp:attachment":[{"href":"https:\/\/dinhosreef.com\/en\/wp-json\/wp\/v2\/media?parent=1410783471"}],"wp:term":[{"taxonomy":"product_brand","embeddable":true,"href":"https:\/\/dinhosreef.com\/en\/wp-json\/wp\/v2\/product_brand?post=1410783471"},{"taxonomy":"product_cat","embeddable":true,"href":"https:\/\/dinhosreef.com\/en\/wp-json\/wp\/v2\/product_cat?post=1410783471"},{"taxonomy":"product_tag","embeddable":true,"href":"https:\/\/dinhosreef.com\/en\/wp-json\/wp\/v2\/product_tag?post=1410783471"}],"curies":[{"name":"wp","href":"https:\/\/api.w.org\/{rel}","templated":true}]}}