{"id":1410783490,"date":"2025-04-03T15:46:58","date_gmt":"2025-04-03T18:46:58","guid":{"rendered":"https:\/\/dinhosreef.com\/produto\/enfeite-de-silicone-soma-anemona-long-tentacle-rosa\/"},"modified":"2025-11-06T10:56:37","modified_gmt":"2025-11-06T13:56:37","slug":"enfeite-de-silicone-soma-anemona-long-tentacle-rosa","status":"publish","type":"product","link":"https:\/\/dinhosreef.com\/en\/product\/enfeite-de-silicone-soma-anemona-long-tentacle-rosa\/","title":{"rendered":"ENFEITE DE SILICONE SOMA ANEMONA LONG TENTACLE ROSA"},"content":{"rendered":"<p>ENFEITE DE SILICONE SOMA ANEMONA LONG TENTACLE ROSA. Informa\u00e7\u00f5es: Altura: 12 Largura: 7,5 Profundidade: 3 Peso: 0,03<br \/>Aqui voc\u00ea encontra os melhores produtos da SOMA.<br \/>D\u00favidas:\u00a0Os produtos s\u00e3o sempre novos e de alta qualidade. Todas as mercadorias s\u00e3o para pronta entrega. Envios por correios ou transportadora. Todos os produtos possuem garantia de 3 meses.<\/p>\n<p>Garantia do vendedor: 3 meses<\/p>","protected":false},"excerpt":{"rendered":"<p>ENFEITE DE SILICONE SOMA ANEMONA LONG TENTACLE ROSA. Informa\u00e7\u00f5es: Altura: 12 Largura: 7,5 Profundidade: 3 Peso: 0,03Aqui voc\u00ea encontra os melhores produtos da SOMA.D\u00favidas:\u00a0Os produtos s\u00e3o sempre novos e de alta qualidade. Todas as mercadorias s\u00e3o para pronta entrega. Envios por correios ou transportadora. Todos os produtos possuem garantia de 3 meses. Garantia do vendedor: [&hellip;]<\/p>\n","protected":false},"featured_media":1410783487,"comment_status":"open","ping_status":"closed","template":"","meta":{"googlesitekit_rrm_CAow0N7NCw:productID":"","content-type":"","pmpro_default_level":"","_themeisle_gutenberg_block_has_review":false},"product_brand":[],"product_cat":[33],"product_tag":[],"class_list":{"0":"post-1410783490","1":"product","2":"type-product","3":"status-publish","4":"has-post-thumbnail","6":"product_cat-enfeites-para-aquarios","7":"aux-has-gallery","8":"pmpro-has-access","10":"first","11":"outofstock","12":"taxable","13":"shipping-taxable","14":"purchasable","15":"product-type-simple"},"_links":{"self":[{"href":"https:\/\/dinhosreef.com\/en\/wp-json\/wp\/v2\/product\/1410783490","targetHints":{"allow":["GET"]}}],"collection":[{"href":"https:\/\/dinhosreef.com\/en\/wp-json\/wp\/v2\/product"}],"about":[{"href":"https:\/\/dinhosreef.com\/en\/wp-json\/wp\/v2\/types\/product"}],"replies":[{"embeddable":true,"href":"https:\/\/dinhosreef.com\/en\/wp-json\/wp\/v2\/comments?post=1410783490"}],"wp:featuredmedia":[{"embeddable":true,"href":"https:\/\/dinhosreef.com\/en\/wp-json\/wp\/v2\/media\/1410783487"}],"wp:attachment":[{"href":"https:\/\/dinhosreef.com\/en\/wp-json\/wp\/v2\/media?parent=1410783490"}],"wp:term":[{"taxonomy":"product_brand","embeddable":true,"href":"https:\/\/dinhosreef.com\/en\/wp-json\/wp\/v2\/product_brand?post=1410783490"},{"taxonomy":"product_cat","embeddable":true,"href":"https:\/\/dinhosreef.com\/en\/wp-json\/wp\/v2\/product_cat?post=1410783490"},{"taxonomy":"product_tag","embeddable":true,"href":"https:\/\/dinhosreef.com\/en\/wp-json\/wp\/v2\/product_tag?post=1410783490"}],"curies":[{"name":"wp","href":"https:\/\/api.w.org\/{rel}","templated":true}]}}