{"id":1410783494,"date":"2025-04-03T17:27:50","date_gmt":"2025-04-03T20:27:50","guid":{"rendered":"https:\/\/dinhosreef.com\/produto\/suplemento-prodac-ativador-de-biologia-nitridac-100-ml\/"},"modified":"2025-11-13T17:59:49","modified_gmt":"2025-11-13T20:59:49","slug":"suplemento-prodac-ativador-de-biologia-nitridac-100-ml","status":"publish","type":"product","link":"https:\/\/dinhosreef.com\/en\/product\/suplemento-prodac-ativador-de-biologia-nitridac-100-ml\/","title":{"rendered":"SUPLEMENTO PRODAC ATIVADOR DE BIOLOGIA NITRIDAC 100 ML"},"content":{"rendered":"<p>Nitridac Ativado \u00e9 um cultivo bacteriol\u00f3gico at\u00f3xico l\u00edquido de alta concentra\u00e7\u00e3o e possui 40 milh\u00f5es de bact\u00e9rias por ml<\/p>\n<p>Indica\u00e7\u00f5es\/Recomenda\u00e7\u00f5es: Pode ser utilizado em aqu\u00e1rios de \u00e1gua doce e salgada, novos ou maturados.<\/p>\n<p>Modo de usar: 5ml para cada 50litros de \u00e1gua 1 vez por dia durante 7 dias; durante a manuten\u00e7\u00e3o utilizar a mesma dose 1 vez por m\u00eas.<\/p>\n<p>&#8211; Para transformar o amon\u00edaco, altamente t\u00f3xico, em nitritos e estes em nitratos<br \/>&#8211; Degrada os compostos org\u00e2nicos<br \/>&#8211; Reduz a acumula\u00e7\u00e3o de sedimentos e lama<br \/>&#8211; Restaura as paredes e fundo<br \/>&#8211; Evita a forma\u00e7\u00e3o de algas e previne o aumento de nitritos<br \/>&#8211; Embalagem: 100ml<\/p>","protected":false},"excerpt":{"rendered":"<p>Nitridac Ativado \u00e9 um cultivo bacteriol\u00f3gico at\u00f3xico l\u00edquido de alta concentra\u00e7\u00e3o e possui 40 milh\u00f5es de bact\u00e9rias por ml Indica\u00e7\u00f5es\/Recomenda\u00e7\u00f5es: Pode ser utilizado em aqu\u00e1rios de \u00e1gua doce e salgada, novos ou maturados. Modo de usar: 5ml para cada 50litros de \u00e1gua 1 vez por dia durante 7 dias; durante a manuten\u00e7\u00e3o utilizar a mesma [&hellip;]<\/p>\n","protected":false},"featured_media":1410783493,"comment_status":"open","ping_status":"closed","template":"","meta":{"googlesitekit_rrm_CAow0N7NCw:productID":"","content-type":"","pmpro_default_level":"","_themeisle_gutenberg_block_has_review":false},"product_brand":[],"product_cat":[47],"product_tag":[],"class_list":{"0":"post-1410783494","1":"product","2":"type-product","3":"status-publish","4":"has-post-thumbnail","6":"product_cat-condicionadores-de-agua","7":"pmpro-has-access","9":"first","10":"instock","11":"taxable","12":"shipping-taxable","13":"purchasable","14":"product-type-simple"},"_links":{"self":[{"href":"https:\/\/dinhosreef.com\/en\/wp-json\/wp\/v2\/product\/1410783494","targetHints":{"allow":["GET"]}}],"collection":[{"href":"https:\/\/dinhosreef.com\/en\/wp-json\/wp\/v2\/product"}],"about":[{"href":"https:\/\/dinhosreef.com\/en\/wp-json\/wp\/v2\/types\/product"}],"replies":[{"embeddable":true,"href":"https:\/\/dinhosreef.com\/en\/wp-json\/wp\/v2\/comments?post=1410783494"}],"wp:featuredmedia":[{"embeddable":true,"href":"https:\/\/dinhosreef.com\/en\/wp-json\/wp\/v2\/media\/1410783493"}],"wp:attachment":[{"href":"https:\/\/dinhosreef.com\/en\/wp-json\/wp\/v2\/media?parent=1410783494"}],"wp:term":[{"taxonomy":"product_brand","embeddable":true,"href":"https:\/\/dinhosreef.com\/en\/wp-json\/wp\/v2\/product_brand?post=1410783494"},{"taxonomy":"product_cat","embeddable":true,"href":"https:\/\/dinhosreef.com\/en\/wp-json\/wp\/v2\/product_cat?post=1410783494"},{"taxonomy":"product_tag","embeddable":true,"href":"https:\/\/dinhosreef.com\/en\/wp-json\/wp\/v2\/product_tag?post=1410783494"}],"curies":[{"name":"wp","href":"https:\/\/api.w.org\/{rel}","templated":true}]}}