{"id":1410783496,"date":"2025-04-03T17:44:43","date_gmt":"2025-04-03T20:44:43","guid":{"rendered":"https:\/\/dinhosreef.com\/produto\/suplemento-prodac-ativador-de-biologia-nitridac-250-ml\/"},"modified":"2026-01-12T15:33:12","modified_gmt":"2026-01-12T18:33:12","slug":"suplemento-prodac-ativador-de-biologia-nitridac-250-ml","status":"publish","type":"product","link":"https:\/\/dinhosreef.com\/en\/product\/suplemento-prodac-ativador-de-biologia-nitridac-250-ml\/","title":{"rendered":"SUPLEMENTO PRODAC ATIVADOR DE BIOLOGIA NITRIDAC 250 ML"},"content":{"rendered":"<div class=\"ui-pdp-container__col col-3 ui-pdp-container--column-center pb-40\">\n<div class=\"ui-pdp--sticky-wrapper ui-pdp--sticky-wrapper-center\">\n<div class=\"ui-pdp-container__row\">\n<div class=\"ui-pdp-container__col col-1 pl-24 pr-24\">\n<div class=\"ui-pdp-collapsable mt-24 ui-pdp-description-collapse\">\n<div class=\"ui-pdp-collapsable__container\">\n<div class=\"ui-pdp-description\">\n<p class=\"ui-pdp-description__content\" data-testid=\"content\">O Suplemento Prodac Ativador De Biologia Nitridac 250 Ml \u00e9 um produto essencial para aquaristas que buscam manter a qualidade da \u00e1gua em seus aqu\u00e1rios. Com a marca renomada Prodac, este ativador biol\u00f3gico \u00e9 uma solu\u00e7\u00e3o eficaz para a manuten\u00e7\u00e3o de um ambiente aqu\u00e1tico saud\u00e1vel. O modelo ATIVADOR DE BIOLOGIA NITRIDAC vem em uma embalagem pr\u00e1tica de 250 ml, com dimens\u00f5es de 16 cm de altura, 4 cm de largura e 6 cm de profundidade, e um peso leve de apenas 0,3 g, facilitando o manuseio e aplica\u00e7\u00e3o. Este produto n\u00e3o \u00e9 um alimento vivo, mas sim um suplemento que ajuda na ativa\u00e7\u00e3o biol\u00f3gica do aqu\u00e1rio, promovendo a decomposi\u00e7\u00e3o de res\u00edduos org\u00e2nicos e a redu\u00e7\u00e3o de compostos nocivos como am\u00f4nia e nitritos. Ideal para aquaristas que prezam pela sa\u00fade de seus peixes e plantas aqu\u00e1ticas, o Suplemento Prodac garante um ambiente equilibrado e prop\u00edcio para a biodiversidade aqu\u00e1tica.<\/p>\n<\/p><\/div>\n<\/p><\/div>\n<\/p><\/div>\n<\/p><\/div>\n<\/p><\/div>\n<div class=\"ui-pdp-container__row\">\n<div class=\"ui-pdp-container__col col-1\">\u00a0<\/div>\n<\/p><\/div>\n<div class=\"ui-pdp-container__row ui-pdp-recommendations-row\">\n<div class=\"ui-pdp-container__col col-1\">\n<div class=\"ui-pdp-spot-middle\">\u00a0<\/div>\n<\/p><\/div>\n<\/p><\/div>\n<\/p><\/div>\n<\/p><\/div>\n<div class=\"ui-pdp-container__col col-1 ui-pdp-container--column-right mt-24 mr-8 pr-16\">\n<div class=\"ui-pdp--sticky-wrapper ui-pdp--sticky-wrapper-right\">\n<div class=\"ui-pdp-container__row\">\n<div class=\"ui-pdp-media ui-pdp-shipping ui-pdp-shipping--md mb-12 ui-pdp-color--BLACK\">\n<div class=\"ui-pdp-media__body\">\u00a0<\/div>\n<\/p><\/div>\n<\/p><\/div>\n<\/p><\/div>\n<\/p><\/div>","protected":false},"excerpt":{"rendered":"<p>O Suplemento Prodac Ativador De Biologia Nitridac 250 Ml \u00e9 um produto essencial para aquaristas que buscam manter a qualidade da \u00e1gua em seus aqu\u00e1rios. Com a marca renomada Prodac, este ativador biol\u00f3gico \u00e9 uma solu\u00e7\u00e3o eficaz para a manuten\u00e7\u00e3o de um ambiente aqu\u00e1tico saud\u00e1vel. O modelo ATIVADOR DE BIOLOGIA NITRIDAC vem em uma embalagem [&hellip;]<\/p>\n","protected":false},"featured_media":1410783495,"comment_status":"open","ping_status":"closed","template":"","meta":{"googlesitekit_rrm_CAow0N7NCw:productID":"","content-type":"","pmpro_default_level":"","_themeisle_gutenberg_block_has_review":false},"product_brand":[],"product_cat":[47],"product_tag":[],"class_list":{"0":"post-1410783496","1":"product","2":"type-product","3":"status-publish","4":"has-post-thumbnail","6":"product_cat-condicionadores-de-agua","7":"pmpro-has-access","9":"first","10":"instock","11":"taxable","12":"shipping-taxable","13":"purchasable","14":"product-type-simple"},"_links":{"self":[{"href":"https:\/\/dinhosreef.com\/en\/wp-json\/wp\/v2\/product\/1410783496","targetHints":{"allow":["GET"]}}],"collection":[{"href":"https:\/\/dinhosreef.com\/en\/wp-json\/wp\/v2\/product"}],"about":[{"href":"https:\/\/dinhosreef.com\/en\/wp-json\/wp\/v2\/types\/product"}],"replies":[{"embeddable":true,"href":"https:\/\/dinhosreef.com\/en\/wp-json\/wp\/v2\/comments?post=1410783496"}],"wp:featuredmedia":[{"embeddable":true,"href":"https:\/\/dinhosreef.com\/en\/wp-json\/wp\/v2\/media\/1410783495"}],"wp:attachment":[{"href":"https:\/\/dinhosreef.com\/en\/wp-json\/wp\/v2\/media?parent=1410783496"}],"wp:term":[{"taxonomy":"product_brand","embeddable":true,"href":"https:\/\/dinhosreef.com\/en\/wp-json\/wp\/v2\/product_brand?post=1410783496"},{"taxonomy":"product_cat","embeddable":true,"href":"https:\/\/dinhosreef.com\/en\/wp-json\/wp\/v2\/product_cat?post=1410783496"},{"taxonomy":"product_tag","embeddable":true,"href":"https:\/\/dinhosreef.com\/en\/wp-json\/wp\/v2\/product_tag?post=1410783496"}],"curies":[{"name":"wp","href":"https:\/\/api.w.org\/{rel}","templated":true}]}}