{"id":1410783508,"date":"2025-04-04T19:38:24","date_gmt":"2025-04-04T22:38:24","guid":{"rendered":"https:\/\/dinhosreef.com\/produto\/tetra-aquasafe-water-conditioner-100ml\/"},"modified":"2026-04-20T09:48:48","modified_gmt":"2026-04-20T12:48:48","slug":"tetra-aquasafe-water-conditioner-100ml","status":"publish","type":"product","link":"https:\/\/dinhosreef.com\/en\/product\/tetra-aquasafe-water-conditioner-100ml\/","title":{"rendered":"TETRA AQUASAFE WATER CONDITIONER 100ML"},"content":{"rendered":"<p>O Condicionador Tetra AquaSafe 100ml \u00e9 a solu\u00e7\u00e3o ideal para aquaristas que buscam garantir um ambiente saud\u00e1vel e seguro para seus peixes e plantas aqu\u00e1ticas. Este produto \u00e9 formulado para neutralizar subst\u00e2ncias nocivas presentes na \u00e1gua da torneira, como cloro e metais pesados, proporcionando um habitat mais equilibrado e livre de estresse para os habitantes do aqu\u00e1rio.<\/p>\n<p>Com uma aplica\u00e7\u00e3o simples, o AquaSafe transforma a \u00e1gua em um ambiente prop\u00edcio para a vida aqu\u00e1tica, promovendo a sa\u00fade e o bem-estar dos peixes. \u00c9 especialmente recomendado para aqu\u00e1rios de \u00e1gua doce, onde a qualidade da \u00e1gua \u00e9 fundamental para o desenvolvimento saud\u00e1vel dos organismos aqu\u00e1ticos.<\/p>\n<p>Al\u00e9m de proteger os peixes, o AquaSafe tamb\u00e9m cont\u00e9m ingredientes que ajudam a criar uma camada protetora nas mucosas dos peixes, fortalecendo suas defesas naturais. Isso \u00e9 essencial para prevenir doen\u00e7as e garantir que seus peixes se sintam confort\u00e1veis em seu novo lar.<\/p>\n<p>Escolher o Condicionador Tetra AquaSafe \u00e9 optar por qualidade e confian\u00e7a. Com 100ml, este produto \u00e9 perfeito para aquaristas iniciantes e experientes que desejam manter um aqu\u00e1rio vibrante e saud\u00e1vel. Experimente e veja a diferen\u00e7a na qualidade da \u00e1gua e na vitalidade dos seus peixes.<\/p>\n<p>Importante:<br \/>&#8211; Deve ser usado sempre que for realizada uma troca parcial, reposi\u00e7\u00e3o por evapora\u00e7\u00e3o ou em aqu\u00e1rios novos.<br \/>&#8211; AquaSafe n\u00e3o \u00e9 um rem\u00e9dio, portanto, n\u00e3o deve ser usado para substituir qualquer medicamento.<br \/>&#8211; Conservar em local seco e fresco<br \/>&#8211; Agite bem antes de usar<br \/>&#8211; Adicione 2 gotas de Aquasafe por litro de \u00e1gua<\/p>","protected":false},"excerpt":{"rendered":"<p>O Condicionador Tetra AquaSafe 100ml \u00e9 a solu\u00e7\u00e3o ideal para aquaristas que buscam garantir um ambiente saud\u00e1vel e seguro para seus peixes e plantas aqu\u00e1ticas. Este produto \u00e9 formulado para neutralizar subst\u00e2ncias nocivas presentes na \u00e1gua da torneira, como cloro e metais pesados, proporcionando um habitat mais equilibrado e livre de estresse para os habitantes [&hellip;]<\/p>\n","protected":false},"featured_media":1410783506,"comment_status":"open","ping_status":"closed","template":"","meta":{"googlesitekit_rrm_CAow0N7NCw:productID":"","content-type":"","pmpro_default_level":"","_themeisle_gutenberg_block_has_review":false},"product_brand":[],"product_cat":[47],"product_tag":[],"class_list":{"0":"post-1410783508","1":"product","2":"type-product","3":"status-publish","4":"has-post-thumbnail","6":"product_cat-condicionadores-de-agua","7":"aux-has-gallery","8":"pmpro-has-access","10":"first","11":"instock","12":"taxable","13":"shipping-taxable","14":"purchasable","15":"product-type-simple"},"_links":{"self":[{"href":"https:\/\/dinhosreef.com\/en\/wp-json\/wp\/v2\/product\/1410783508","targetHints":{"allow":["GET"]}}],"collection":[{"href":"https:\/\/dinhosreef.com\/en\/wp-json\/wp\/v2\/product"}],"about":[{"href":"https:\/\/dinhosreef.com\/en\/wp-json\/wp\/v2\/types\/product"}],"replies":[{"embeddable":true,"href":"https:\/\/dinhosreef.com\/en\/wp-json\/wp\/v2\/comments?post=1410783508"}],"wp:featuredmedia":[{"embeddable":true,"href":"https:\/\/dinhosreef.com\/en\/wp-json\/wp\/v2\/media\/1410783506"}],"wp:attachment":[{"href":"https:\/\/dinhosreef.com\/en\/wp-json\/wp\/v2\/media?parent=1410783508"}],"wp:term":[{"taxonomy":"product_brand","embeddable":true,"href":"https:\/\/dinhosreef.com\/en\/wp-json\/wp\/v2\/product_brand?post=1410783508"},{"taxonomy":"product_cat","embeddable":true,"href":"https:\/\/dinhosreef.com\/en\/wp-json\/wp\/v2\/product_cat?post=1410783508"},{"taxonomy":"product_tag","embeddable":true,"href":"https:\/\/dinhosreef.com\/en\/wp-json\/wp\/v2\/product_tag?post=1410783508"}],"curies":[{"name":"wp","href":"https:\/\/api.w.org\/{rel}","templated":true}]}}