{"id":1410783512,"date":"2025-04-05T17:27:31","date_gmt":"2025-04-05T20:27:31","guid":{"rendered":"https:\/\/dinhosreef.com\/produto\/turbo-snail\/"},"modified":"2026-02-16T12:40:28","modified_gmt":"2026-02-16T15:40:28","slug":"turbo-snail","status":"publish","type":"product","link":"https:\/\/dinhosreef.com\/en\/product\/turbo-snail\/","title":{"rendered":"Turbo Snail"},"content":{"rendered":"<p>REEF SAFE<\/p>\n<p>O turbo snail \u00e9 um molusco (tal como, as lesmas do mar, lesmas, carac\u00f3is, lapas e b\u00fazios)<\/p>\n<p>e se alimenta principalmente de algas marrom nas rochas, substratos e ate mesmo nos<\/p>\n<p>vidros, por esse motivo os turbos snails, juntamente com outros animais s\u00e3o conhecidos<\/p>\n<p>como \u201cequipe de limpeza\u201d de aqu\u00e1rios marinhos.<\/p>\n<p>FOTO ILUSTRATIVA<\/p>","protected":false},"excerpt":{"rendered":"<p>REEF SAFE O turbo snail \u00e9 um molusco (tal como, as lesmas do mar, lesmas, carac\u00f3is, lapas e b\u00fazios) e se alimenta principalmente de algas marrom nas rochas, substratos e ate mesmo nos vidros, por esse motivo os turbos snails, juntamente com outros animais s\u00e3o conhecidos como \u201cequipe de limpeza\u201d de aqu\u00e1rios marinhos. FOTO ILUSTRATIVA<\/p>","protected":false},"featured_media":1410783511,"comment_status":"open","ping_status":"closed","template":"","meta":{"googlesitekit_rrm_CAow0N7NCw:productID":"","content-type":"","pmpro_default_level":"","_themeisle_gutenberg_block_has_review":false},"product_brand":[],"product_cat":[186,182,184],"product_tag":[],"class_list":{"0":"post-1410783512","1":"product","2":"type-product","3":"status-publish","4":"has-post-thumbnail","6":"product_cat-animais-vivos","7":"product_cat-invertebrados-marinho","8":"product_cat-todos-invertebrados-marinho","9":"pmpro-has-access","11":"first","12":"outofstock","13":"taxable","14":"shipping-taxable","15":"purchasable","16":"product-type-simple"},"_links":{"self":[{"href":"https:\/\/dinhosreef.com\/en\/wp-json\/wp\/v2\/product\/1410783512","targetHints":{"allow":["GET"]}}],"collection":[{"href":"https:\/\/dinhosreef.com\/en\/wp-json\/wp\/v2\/product"}],"about":[{"href":"https:\/\/dinhosreef.com\/en\/wp-json\/wp\/v2\/types\/product"}],"replies":[{"embeddable":true,"href":"https:\/\/dinhosreef.com\/en\/wp-json\/wp\/v2\/comments?post=1410783512"}],"wp:featuredmedia":[{"embeddable":true,"href":"https:\/\/dinhosreef.com\/en\/wp-json\/wp\/v2\/media\/1410783511"}],"wp:attachment":[{"href":"https:\/\/dinhosreef.com\/en\/wp-json\/wp\/v2\/media?parent=1410783512"}],"wp:term":[{"taxonomy":"product_brand","embeddable":true,"href":"https:\/\/dinhosreef.com\/en\/wp-json\/wp\/v2\/product_brand?post=1410783512"},{"taxonomy":"product_cat","embeddable":true,"href":"https:\/\/dinhosreef.com\/en\/wp-json\/wp\/v2\/product_cat?post=1410783512"},{"taxonomy":"product_tag","embeddable":true,"href":"https:\/\/dinhosreef.com\/en\/wp-json\/wp\/v2\/product_tag?post=1410783512"}],"curies":[{"name":"wp","href":"https:\/\/api.w.org\/{rel}","templated":true}]}}