{"id":1410783522,"date":"2025-04-07T09:40:55","date_gmt":"2025-04-07T12:40:55","guid":{"rendered":"https:\/\/dinhosreef.com\/produto\/bio-plug-ocean-tech-36un-ocean-tech\/"},"modified":"2026-02-27T02:40:56","modified_gmt":"2026-02-27T05:40:56","slug":"bio-plug-ocean-tech-36un-ocean-tech","status":"publish","type":"product","link":"https:\/\/dinhosreef.com\/en\/product\/bio-plug-ocean-tech-36un-ocean-tech\/","title":{"rendered":"BIO PLUG OCEAN TECH 36UN  &#8211;  OCEAN TECH"},"content":{"rendered":"<p>Caracter\u00edsticas Principais:<br \/>I &#8211; Base de fixa\u00e7\u00e3o de corais produzida a partir de micro esferas cer\u00e2micas;<br \/>II &#8211; Extremamente porosas, permitindo o fluxo de \u00e1gua atrav\u00e9s delas;<br \/>III &#8211; Facilita o consumo de nutrientes na \u00e1gua;<br \/>IV &#8211; Devido a sua porosidade, serve como m\u00eddia biol\u00f3gica, fixando col\u00f4nias de milh\u00f5es de bact\u00e9rias;<br \/>V &#8211; Serve como fonte de alimenta\u00e7\u00e3o pr\u00f3xima e pass\u00edvel de captura pelos p\u00f3lipos dos corais nele fixados;<br \/>VI &#8211; Uso indicado para aqu\u00e1rios marinhos.<\/p>\n<p>Descri\u00e7\u00e3o:<br \/>OTBioPlug \u00e9 produzido a partir de microesferas cer\u00e2micas tridimensionais, extremamente porosas, que permitem o fluxo de \u00e1gua entre elas, facilitando que os frags ou mudas de corais consumam de forma facilitada e eficiente os elementos presentes na \u00e1gua. Al\u00e9m disso o OTBioPlug serve como biom\u00eddia, fixando milhares de bact\u00e9rias em sua superf\u00edcie, que ir\u00e3o auxiliar na filtragem biol\u00f3gica do sistema, al\u00e9m de servir como fonte de alimenta\u00e7\u00e3o pr\u00f3xima e pass\u00edvel de captura pelos p\u00f3lipos dos corais nele fixados.<br \/>Dimens\u00f5es aproximadas:<br \/>Base 28mm de di\u00e2metro x 6mm altura<br \/>Plug 8mm de di\u00e2metro x 9mm altura<\/p>\n<p>Atributos do Produto:<br \/>Marca: Ocean Tech<br \/>Modelo: Bioplug 36un<br \/>Tipo de \u00c1gua: Salgada<br \/>Tipo Elemento Filtrante: M\u00eddia para Filtragem Biol\u00f3gica<br \/>Dimens\u00e3o Aprox. Produto (CxLxA|cm): 2,8&#215;2,8&#215;1,5<br \/>Composi\u00e7\u00e3o|Formula\u00e7\u00e3o: Cer\u00e2mica<\/p>\n<p>Conte\u00fado da Embalagem:<br \/>36x Ocean Tech BioPLug<\/p>","protected":false},"excerpt":{"rendered":"<p>Caracter\u00edsticas Principais:I &#8211; Base de fixa\u00e7\u00e3o de corais produzida a partir de micro esferas cer\u00e2micas;II &#8211; Extremamente porosas, permitindo o fluxo de \u00e1gua atrav\u00e9s delas;III &#8211; Facilita o consumo de nutrientes na \u00e1gua;IV &#8211; Devido a sua porosidade, serve como m\u00eddia biol\u00f3gica, fixando col\u00f4nias de milh\u00f5es de bact\u00e9rias;V &#8211; Serve como fonte de alimenta\u00e7\u00e3o pr\u00f3xima [&hellip;]<\/p>\n","protected":false},"featured_media":1410783517,"comment_status":"open","ping_status":"closed","template":"","meta":{"googlesitekit_rrm_CAow0N7NCw:productID":"","content-type":"","pmpro_default_level":"","_themeisle_gutenberg_block_has_review":false},"product_brand":[],"product_cat":[31],"product_tag":[],"class_list":{"0":"post-1410783522","1":"product","2":"type-product","3":"status-publish","4":"has-post-thumbnail","6":"product_cat-materiais-filtrantes","7":"aux-has-gallery","8":"pmpro-has-access","10":"first","11":"instock","12":"taxable","13":"shipping-taxable","14":"purchasable","15":"product-type-simple"},"_links":{"self":[{"href":"https:\/\/dinhosreef.com\/en\/wp-json\/wp\/v2\/product\/1410783522","targetHints":{"allow":["GET"]}}],"collection":[{"href":"https:\/\/dinhosreef.com\/en\/wp-json\/wp\/v2\/product"}],"about":[{"href":"https:\/\/dinhosreef.com\/en\/wp-json\/wp\/v2\/types\/product"}],"replies":[{"embeddable":true,"href":"https:\/\/dinhosreef.com\/en\/wp-json\/wp\/v2\/comments?post=1410783522"}],"wp:featuredmedia":[{"embeddable":true,"href":"https:\/\/dinhosreef.com\/en\/wp-json\/wp\/v2\/media\/1410783517"}],"wp:attachment":[{"href":"https:\/\/dinhosreef.com\/en\/wp-json\/wp\/v2\/media?parent=1410783522"}],"wp:term":[{"taxonomy":"product_brand","embeddable":true,"href":"https:\/\/dinhosreef.com\/en\/wp-json\/wp\/v2\/product_brand?post=1410783522"},{"taxonomy":"product_cat","embeddable":true,"href":"https:\/\/dinhosreef.com\/en\/wp-json\/wp\/v2\/product_cat?post=1410783522"},{"taxonomy":"product_tag","embeddable":true,"href":"https:\/\/dinhosreef.com\/en\/wp-json\/wp\/v2\/product_tag?post=1410783522"}],"curies":[{"name":"wp","href":"https:\/\/api.w.org\/{rel}","templated":true}]}}