{"id":1410783524,"date":"2025-04-07T09:41:12","date_gmt":"2025-04-07T12:41:12","guid":{"rendered":"https:\/\/dinhosreef.com\/produto\/bio-pellets-500ml-ocean-tech-2\/"},"modified":"2025-11-21T22:10:35","modified_gmt":"2025-11-22T01:10:35","slug":"bio-pellets-500ml-ocean-tech-2","status":"publish","type":"product","link":"https:\/\/dinhosreef.com\/en\/product\/bio-pellets-500ml-ocean-tech-2\/","title":{"rendered":"BIO PELLETS 500ML  &#8211;  OCEAN TECH"},"content":{"rendered":"<p>Ocean Tech Bio Pellets estimula o processo de desnitrifica\u00e7\u00e3o que remove nitrato e fosfato da \u00e1gua do aqu\u00e1rio. Altos n\u00edveis de nitratos e fosfatos estimulam o desenvolvimento de algas e podem impactar negativamente invertebrados e corais.<\/p>\n<p>Use Ocean Tech Bio Pellets dentro de um reator de bio pellets, isso ajudar\u00e1 a alcan\u00e7ar o m\u00e1ximo de resultados e efici\u00eancia.<\/p>\n<p>Use 100ml de pellets para cada 100 litros de \u00e1gua. Devido ao alto poder de redu\u00e7\u00e3o, \u00e9 recomend\u00e1vel iniciar com metade da dose recomendada e aumentar gradualmente. Certifique-se de lavar a m\u00eddia antes do uso.<\/p>","protected":false},"excerpt":{"rendered":"<p>Ocean Tech Bio Pellets estimula o processo de desnitrifica\u00e7\u00e3o que remove nitrato e fosfato da \u00e1gua do aqu\u00e1rio. Altos n\u00edveis de nitratos e fosfatos estimulam o desenvolvimento de algas e podem impactar negativamente invertebrados e corais. Use Ocean Tech Bio Pellets dentro de um reator de bio pellets, isso ajudar\u00e1 a alcan\u00e7ar o m\u00e1ximo de [&hellip;]<\/p>\n","protected":false},"featured_media":1410783523,"comment_status":"open","ping_status":"closed","template":"","meta":{"googlesitekit_rrm_CAow0N7NCw:productID":"","content-type":"","pmpro_default_level":"","_themeisle_gutenberg_block_has_review":false},"product_brand":[],"product_cat":[31],"product_tag":[],"class_list":{"0":"post-1410783524","1":"product","2":"type-product","3":"status-publish","4":"has-post-thumbnail","6":"product_cat-materiais-filtrantes","7":"pmpro-has-access","9":"first","10":"instock","11":"taxable","12":"shipping-taxable","13":"purchasable","14":"product-type-simple"},"_links":{"self":[{"href":"https:\/\/dinhosreef.com\/en\/wp-json\/wp\/v2\/product\/1410783524","targetHints":{"allow":["GET"]}}],"collection":[{"href":"https:\/\/dinhosreef.com\/en\/wp-json\/wp\/v2\/product"}],"about":[{"href":"https:\/\/dinhosreef.com\/en\/wp-json\/wp\/v2\/types\/product"}],"replies":[{"embeddable":true,"href":"https:\/\/dinhosreef.com\/en\/wp-json\/wp\/v2\/comments?post=1410783524"}],"wp:featuredmedia":[{"embeddable":true,"href":"https:\/\/dinhosreef.com\/en\/wp-json\/wp\/v2\/media\/1410783523"}],"wp:attachment":[{"href":"https:\/\/dinhosreef.com\/en\/wp-json\/wp\/v2\/media?parent=1410783524"}],"wp:term":[{"taxonomy":"product_brand","embeddable":true,"href":"https:\/\/dinhosreef.com\/en\/wp-json\/wp\/v2\/product_brand?post=1410783524"},{"taxonomy":"product_cat","embeddable":true,"href":"https:\/\/dinhosreef.com\/en\/wp-json\/wp\/v2\/product_cat?post=1410783524"},{"taxonomy":"product_tag","embeddable":true,"href":"https:\/\/dinhosreef.com\/en\/wp-json\/wp\/v2\/product_tag?post=1410783524"}],"curies":[{"name":"wp","href":"https:\/\/api.w.org\/{rel}","templated":true}]}}