{"id":1410783530,"date":"2025-04-07T11:05:30","date_gmt":"2025-04-07T14:05:30","guid":{"rendered":"https:\/\/dinhosreef.com\/produto\/ocean-pure-1000ml-ocean-tech\/"},"modified":"2025-08-14T13:21:10","modified_gmt":"2025-08-14T16:21:10","slug":"ocean-pure-1000ml-ocean-tech","status":"publish","type":"product","link":"https:\/\/dinhosreef.com\/en\/product\/ocean-pure-1000ml-ocean-tech\/","title":{"rendered":"OCEAN PURE 1000ML  &#8211;  OCEAN TECH"},"content":{"rendered":"<div class=\"ui-pdp-header__title-container\">\n<h1 class=\"ui-pdp-title\">Ocean Pure 1000ml + Bag &#8211; Purigen Da Ocean Tech Regeneravel<\/h1>\n<\/p><\/div>\n<div class=\"ui-pdp-header__info\">Ocean Pure \u00e9 um pol\u00edmero filtrante macro poroso que elimina poluentes org\u00e2nicos nitrogenados, antes que se transformem em am\u00f4nia, nitrito e nitrato. Este produto aumenta tamb\u00e9m o potencial redox sem afetar o n\u00edvel de elementos tra\u00e7o no aqu\u00e1rio. \u00c9 adequado para uso em aqu\u00e1rios de \u00e1gua doce e marinhos.<\/p>\n<p>Instru\u00e7\u00f5es de uso: Coloque o Ocean Pure na bolsa filtrante (adquirida separadamente) e coloque em um compartimento do filtro. Quando o pol\u00edmero ficar com uma cor escura, \u00e9 hora de regenerar.<\/p>\n<p>Regenera\u00e7\u00e3o: Deixe de molho em uma solu\u00e7\u00e3o de 50% \u00e1gua e 50% alvejante por 24 horas em um recipiente n\u00e3o met\u00e1lico, coloque em um local bem ventilado e longe do alcande de crian\u00e7as e animais. Enxague bem e em seguida deixe de molho em uma solu\u00e7\u00e3o contendo um desclorificante de sua escolha. Enxague bem antes de colocar novamente no filtro.<\/p>\n<p>A bolsa com 200ml trata um aqu\u00e1rio de at\u00e9 760 litros.<\/p>\n<p>EMBALAGEM DE 1L.<\/p><\/div>","protected":false},"excerpt":{"rendered":"<p>Ocean Pure 1000ml + Bag &#8211; Purigen Da Ocean Tech Regeneravel Ocean Pure \u00e9 um pol\u00edmero filtrante macro poroso que elimina poluentes org\u00e2nicos nitrogenados, antes que se transformem em am\u00f4nia, nitrito e nitrato. Este produto aumenta tamb\u00e9m o potencial redox sem afetar o n\u00edvel de elementos tra\u00e7o no aqu\u00e1rio. \u00c9 adequado para uso em aqu\u00e1rios [&hellip;]<\/p>\n","protected":false},"featured_media":1410783527,"comment_status":"open","ping_status":"closed","template":"","meta":{"googlesitekit_rrm_CAow0N7NCw:productID":"","content-type":"","pmpro_default_level":"","_themeisle_gutenberg_block_has_review":false},"product_brand":[],"product_cat":[31],"product_tag":[],"class_list":{"0":"post-1410783530","1":"product","2":"type-product","3":"status-publish","4":"has-post-thumbnail","6":"product_cat-materiais-filtrantes","7":"aux-has-gallery","8":"pmpro-has-access","10":"first","11":"outofstock","12":"taxable","13":"shipping-taxable","14":"purchasable","15":"product-type-simple"},"_links":{"self":[{"href":"https:\/\/dinhosreef.com\/en\/wp-json\/wp\/v2\/product\/1410783530","targetHints":{"allow":["GET"]}}],"collection":[{"href":"https:\/\/dinhosreef.com\/en\/wp-json\/wp\/v2\/product"}],"about":[{"href":"https:\/\/dinhosreef.com\/en\/wp-json\/wp\/v2\/types\/product"}],"replies":[{"embeddable":true,"href":"https:\/\/dinhosreef.com\/en\/wp-json\/wp\/v2\/comments?post=1410783530"}],"wp:featuredmedia":[{"embeddable":true,"href":"https:\/\/dinhosreef.com\/en\/wp-json\/wp\/v2\/media\/1410783527"}],"wp:attachment":[{"href":"https:\/\/dinhosreef.com\/en\/wp-json\/wp\/v2\/media?parent=1410783530"}],"wp:term":[{"taxonomy":"product_brand","embeddable":true,"href":"https:\/\/dinhosreef.com\/en\/wp-json\/wp\/v2\/product_brand?post=1410783530"},{"taxonomy":"product_cat","embeddable":true,"href":"https:\/\/dinhosreef.com\/en\/wp-json\/wp\/v2\/product_cat?post=1410783530"},{"taxonomy":"product_tag","embeddable":true,"href":"https:\/\/dinhosreef.com\/en\/wp-json\/wp\/v2\/product_tag?post=1410783530"}],"curies":[{"name":"wp","href":"https:\/\/api.w.org\/{rel}","templated":true}]}}