{"id":1410783557,"date":"2025-04-13T12:53:15","date_gmt":"2025-04-13T15:53:15","guid":{"rendered":"https:\/\/dinhosreef.com\/produto\/combo-teste-hanna-ultra-kh-calcio-mg-fosfato-nitrato\/"},"modified":"2026-01-10T09:57:06","modified_gmt":"2026-01-10T12:57:06","slug":"combo-teste-hanna-ultra-kh-calcio-mg-fosfato-nitrato","status":"publish","type":"product","link":"https:\/\/dinhosreef.com\/en\/product\/combo-teste-hanna-ultra-kh-calcio-mg-fosfato-nitrato\/","title":{"rendered":"Combo teste Hanna Ultra  (kh, Calcio, Mg, Fosfato, Nitrato)"},"content":{"rendered":"<p>772 Chequer<\/p>\n<p>O HI772 Checker\u00aeHC (Color\u00edmetro Port\u00e1til) fornece uma maneira simples, precisa e econ\u00f4mica de medir a alcalinidade em graus de dureza de c\u00e1lcio, comumente abreviado como dKH. Cr\u00edtica para os ambientes marinhos, a alcalinidade n\u00e3o apenas fornece o \u00edon carbonato necess\u00e1rio para a regenera\u00e7\u00e3o esquel\u00e9tica do carbonato de c\u00e1lcio dos recifes de coral, mas tamb\u00e9m atua como um amortecedor de pH contra grandes mudan\u00e7as na acidez. Projetado como uma alternativa mais precisa aos kits de teste qu\u00edmico, o HI772 fornece resultados r\u00e1pidos e precisos em quatro etapas f\u00e1ceis<\/p>\n<p>758 Verificador<\/p>\n<p>O HI758 Checker\u00ae HC (Color\u00edmetro Port\u00e1til) fornece uma maneira simples, precisa e econ\u00f4mica de medir o c\u00e1lcio. Necess\u00e1rio para o desenvolvimento de esqueletos de carbonato de c\u00e1lcio de recifes de coral, o c\u00e1lcio \u00e9 um componente crucial das \u00e1guas marinhas. Projetado como uma alternativa mais precisa aos kits de teste qu\u00edmico, o HI758 fornece resultados r\u00e1pidos e precisos em quatro etapas f\u00e1ceis: Zero o Verificador, Adicionar um regente \u00e0 sua amostra de \u00e1gua, Inserir o Vil no Verificador, Ler os Resultados Numerados. BOOM F\u00c1CIL. ZAIR. Zero, Adicionar, Inserir, Ler.<\/p>\n<p>783 Checker<\/p>\n<p>O HI783 Marine Magnesium Checker HC \u00e9 um color\u00edmetro port\u00e1til que usa o princ\u00edpio Beer- Lambert para determinar a concentra\u00e7\u00e3o de magn\u00e9sio colorimetricamente. O HI783 foi projetado especificamente para medir os n\u00edveis de magn\u00e9sio em um aqu\u00e1rio de \u00e1gua salgada ou em aplica\u00e7\u00f5es de biologia marinha. A faixa de 1000 a 1800 ppm \u00e9 ideal para manuten\u00e7\u00e3o de corais\/peixes ou aqu\u00e1rios apenas para peixes.<\/p>\n<p>774 Verifica\u00e7\u00e3o<\/p>\n<p>O HI774 Ultra Low Range Phosphate Checker HC (Color\u00edmetro Port\u00e1til) fornece uma maneira simples, precisa e econ\u00f4mica de medir o fosfato em sistemas mar\u00edtimos, incluindo tanques de recife. O fosfato \u00e9 um par\u00e2metro importante a ser medido na aquicultura e nos aqu\u00e1rios; n\u00edveis muito altos podem levar ao crescimento extensivo de algas, n\u00edveis esgotados de oxig\u00eanio dissolvido e, em \u00faltima an\u00e1lise, podem ser fatais para muitos tipos de peixes e vida aqu\u00e1tica. Projetado como uma alternativa mais precisa aos kits de teste qu\u00edmico, o HI774 fornece resultados r\u00e1pidos e precisos em algumas etapas f\u00e1ceis.<\/p>\n<p>782 Verificador<\/p>\n<p>O Color\u00edmetro de Alto Alcance de Nitrato Marinho HI782 foi projetado especificamente para determinar com rapidez e precis\u00e3o altos n\u00edveis de nitrato para aqu\u00e1rios de \u00e1gua salgada e aplica\u00e7\u00f5es marinhas. Com uma leitura digital, n\u00e3o h\u00e1 mais dificuldades para determinar as cores visualmente.<\/p>","protected":false},"excerpt":{"rendered":"<p>772 Chequer O HI772 Checker\u00aeHC (Color\u00edmetro Port\u00e1til) fornece uma maneira simples, precisa e econ\u00f4mica de medir a alcalinidade em graus de dureza de c\u00e1lcio, comumente abreviado como dKH. Cr\u00edtica para os ambientes marinhos, a alcalinidade n\u00e3o apenas fornece o \u00edon carbonato necess\u00e1rio para a regenera\u00e7\u00e3o esquel\u00e9tica do carbonato de c\u00e1lcio dos recifes de coral, mas [&hellip;]<\/p>\n","protected":false},"featured_media":1410783551,"comment_status":"open","ping_status":"closed","template":"","meta":{"googlesitekit_rrm_CAow0N7NCw:productID":"","content-type":"","pmpro_default_level":"","_themeisle_gutenberg_block_has_review":false},"product_brand":[],"product_cat":[47],"product_tag":[],"class_list":{"0":"post-1410783557","1":"product","2":"type-product","3":"status-publish","4":"has-post-thumbnail","6":"product_cat-condicionadores-de-agua","7":"aux-has-gallery","8":"pmpro-has-access","10":"first","11":"outofstock","12":"taxable","13":"shipping-taxable","14":"purchasable","15":"product-type-simple"},"_links":{"self":[{"href":"https:\/\/dinhosreef.com\/en\/wp-json\/wp\/v2\/product\/1410783557","targetHints":{"allow":["GET"]}}],"collection":[{"href":"https:\/\/dinhosreef.com\/en\/wp-json\/wp\/v2\/product"}],"about":[{"href":"https:\/\/dinhosreef.com\/en\/wp-json\/wp\/v2\/types\/product"}],"replies":[{"embeddable":true,"href":"https:\/\/dinhosreef.com\/en\/wp-json\/wp\/v2\/comments?post=1410783557"}],"wp:featuredmedia":[{"embeddable":true,"href":"https:\/\/dinhosreef.com\/en\/wp-json\/wp\/v2\/media\/1410783551"}],"wp:attachment":[{"href":"https:\/\/dinhosreef.com\/en\/wp-json\/wp\/v2\/media?parent=1410783557"}],"wp:term":[{"taxonomy":"product_brand","embeddable":true,"href":"https:\/\/dinhosreef.com\/en\/wp-json\/wp\/v2\/product_brand?post=1410783557"},{"taxonomy":"product_cat","embeddable":true,"href":"https:\/\/dinhosreef.com\/en\/wp-json\/wp\/v2\/product_cat?post=1410783557"},{"taxonomy":"product_tag","embeddable":true,"href":"https:\/\/dinhosreef.com\/en\/wp-json\/wp\/v2\/product_tag?post=1410783557"}],"curies":[{"name":"wp","href":"https:\/\/api.w.org\/{rel}","templated":true}]}}