{"id":1410783577,"date":"2025-04-17T14:59:59","date_gmt":"2025-04-17T17:59:59","guid":{"rendered":"https:\/\/dinhosreef.com\/produto\/mx-mj-l165-65w-luminaria-led\/"},"modified":"2026-02-13T19:45:51","modified_gmt":"2026-02-13T22:45:51","slug":"mx-mj-l165-65w-luminaria-led","status":"publish","type":"product","link":"https:\/\/dinhosreef.com\/en\/product\/mx-mj-l165-65w-luminaria-led\/","title":{"rendered":"MX MJ-L165 &#8211; 65W &#8211; LUMINARIA LED"},"content":{"rendered":"<p>Lumin\u00e1ria led maxspect blue edition mx mj-l165 65w &#8211; bivolt<\/p>\n<p>Caracter\u00edsticas principais<\/p>\n<p>Marca<br \/>Maxspect<\/p>\n<p>Modelo<br \/>Mj l165 blue<\/p>\n<p>Comprimento<br \/>22 cm<\/p>\n<p>Outras caracter\u00edsticas<\/p>\n<p>Tipo de luz: led<\/p>\n<p>Pot\u00eancia: 65 w<\/p>\n<p>Comprimento recomendado do aqu\u00e1rio: 60 cm<\/p>\n<p>Largura recomendada do aqu\u00e1rio: 30 cm<\/p>\n<p>\u00c9 apto para crescimento de plantas: sim<\/p>\n<p>Descri\u00e7\u00e3o<br \/>A lumin\u00e1ria maxspect mj l165 blue, possui corpo \u00fanico, constru\u00edda com alta qualidade e leds de 65w com tecnologia maxspect propriet\u00e1ria, o sistema de ilumina\u00e7\u00e3o led l165 foi projetado especialmente para corais sps e lps, seu espectro forte azul, atinge profundamente os tecidos de coral at\u00e9 os mais exigentes<\/p>\n<p>Um sistema, m\u00faltiplos espectros<br \/>Full-spectrum com multi-phase color temperature technology<\/p>\n<p>A plataforma syna-g cloud permite que voc\u00ea controle remotamente seu sistema de leds em qualquer lugar do mundo<\/p>\n<p>O led maxspect jump l165 opera entre 95-100% (entre 62-65w) de efici\u00eancia m\u00e1xima entre perfis de cores<\/p>\n<p>Syna-g cloud smart aquarium system<br \/>A syna-g cloud platform permite que voc\u00ea controle remotamente seu sistema de led em todo o mundo, isto \u00e9, a ilumina\u00e7\u00e3o do seu aqu\u00e1rio na palma de suas m\u00e3os.<\/p>\n<p>Fique perto da natureza com o ciclo lunar automatizado. Ou defina o cronograma de aclimata\u00e7\u00e3o para permitir que seus corais se acostumem com uma nova luz.<\/p>\n<p>A biblioteca de perfis permite f\u00e1cil acesso e compartilhamento de perfis de configura\u00e7\u00e3o, permitindo que voc\u00ea escolha e escolha ou use seu pr\u00f3prio perfil.<\/p>\n<p>Detalhes de chips de led da lumin\u00e1ria maxspect mj-l165:<\/p>\n<p>6x red 620nm<br \/>6x green 530nm<br \/>6x blue 460nm<br \/>6x warm white 3000k<br \/>10x sky blue 470nm<br \/>2x deep blue 445nm<br \/>2x royal blue 450nm<br \/>2x violet<br \/>2x ultra violet<\/p>\n<p>Taxa de pot\u00eancia 65w<br \/>Tamanho recomendado de aqu\u00e1rio: 30 60 cm<br \/>Dimens\u00f5es: 222 176 32 mm&#8217;.<\/p>","protected":false},"excerpt":{"rendered":"<p>Lumin\u00e1ria led maxspect blue edition mx mj-l165 65w &#8211; bivolt Caracter\u00edsticas principais MarcaMaxspect ModeloMj l165 blue Comprimento22 cm Outras caracter\u00edsticas Tipo de luz: led Pot\u00eancia: 65 w Comprimento recomendado do aqu\u00e1rio: 60 cm Largura recomendada do aqu\u00e1rio: 30 cm \u00c9 apto para crescimento de plantas: sim Descri\u00e7\u00e3oA lumin\u00e1ria maxspect mj l165 blue, possui corpo \u00fanico, [&hellip;]<\/p>\n","protected":false},"featured_media":1410783573,"comment_status":"open","ping_status":"closed","template":"","meta":{"googlesitekit_rrm_CAow0N7NCw:productID":"","content-type":"","pmpro_default_level":"","_themeisle_gutenberg_block_has_review":false},"product_brand":[],"product_cat":[59],"product_tag":[],"class_list":{"0":"post-1410783577","1":"product","2":"type-product","3":"status-publish","4":"has-post-thumbnail","6":"product_cat-iluminacao-para-aquarios","7":"aux-has-gallery","8":"pmpro-has-access","10":"first","11":"instock","12":"taxable","13":"shipping-taxable","14":"purchasable","15":"product-type-simple"},"_links":{"self":[{"href":"https:\/\/dinhosreef.com\/en\/wp-json\/wp\/v2\/product\/1410783577","targetHints":{"allow":["GET"]}}],"collection":[{"href":"https:\/\/dinhosreef.com\/en\/wp-json\/wp\/v2\/product"}],"about":[{"href":"https:\/\/dinhosreef.com\/en\/wp-json\/wp\/v2\/types\/product"}],"replies":[{"embeddable":true,"href":"https:\/\/dinhosreef.com\/en\/wp-json\/wp\/v2\/comments?post=1410783577"}],"wp:featuredmedia":[{"embeddable":true,"href":"https:\/\/dinhosreef.com\/en\/wp-json\/wp\/v2\/media\/1410783573"}],"wp:attachment":[{"href":"https:\/\/dinhosreef.com\/en\/wp-json\/wp\/v2\/media?parent=1410783577"}],"wp:term":[{"taxonomy":"product_brand","embeddable":true,"href":"https:\/\/dinhosreef.com\/en\/wp-json\/wp\/v2\/product_brand?post=1410783577"},{"taxonomy":"product_cat","embeddable":true,"href":"https:\/\/dinhosreef.com\/en\/wp-json\/wp\/v2\/product_cat?post=1410783577"},{"taxonomy":"product_tag","embeddable":true,"href":"https:\/\/dinhosreef.com\/en\/wp-json\/wp\/v2\/product_tag?post=1410783577"}],"curies":[{"name":"wp","href":"https:\/\/api.w.org\/{rel}","templated":true}]}}