{"id":1410783581,"date":"2025-04-20T15:57:35","date_gmt":"2025-04-20T18:57:35","guid":{"rendered":"https:\/\/dinhosreef.com\/produto\/semente-de-niger-para-passaros-500g\/"},"modified":"2026-04-16T09:29:35","modified_gmt":"2026-04-16T12:29:35","slug":"semente-de-niger-para-passaros-500g","status":"publish","type":"product","link":"https:\/\/dinhosreef.com\/en\/product\/semente-de-niger-para-passaros-500g\/","title":{"rendered":"Semente De Niger Para P\u00e1ssaros &#8211; 500g"},"content":{"rendered":"<p>Gr\u00e3o muito apreciado por diferentes tipos de p\u00e1ssaros, especialmente por pintassilgos e can\u00e1rios do reino. Rico em extrato et\u00e9reo (\u00f3leos) e prote\u00ednas, esta semente mant\u00e9m um equil\u00edbrio perfeito de minerais, c\u00e1lcio e f\u00f3sforo. Ideal durante o per\u00edodo de cria\u00e7\u00e3o e muda.<\/p>\n<p>Gr\u00e3o rico em extrato et\u00e9reo (\u00f3leos) e prote\u00ednas, com excelente palatabilidade, \u00e9 muito apreciado por diferentes tipos de p\u00e1ssaros. Muito valorizado por pintassilgos e can\u00e1rios do reino como fortificante das mat\u00e9rias corantes.<\/p>\n<p>Prote\u00ednas: 23%<br \/>Carboidratos: 17%<br \/>Gorduras: 40%<\/p>","protected":false},"excerpt":{"rendered":"<p>Gr\u00e3o muito apreciado por diferentes tipos de p\u00e1ssaros, especialmente por pintassilgos e can\u00e1rios do reino. Rico em extrato et\u00e9reo (\u00f3leos) e prote\u00ednas, esta semente mant\u00e9m um equil\u00edbrio perfeito de minerais, c\u00e1lcio e f\u00f3sforo. Ideal durante o per\u00edodo de cria\u00e7\u00e3o e muda. Gr\u00e3o rico em extrato et\u00e9reo (\u00f3leos) e prote\u00ednas, com excelente palatabilidade, \u00e9 muito apreciado [&hellip;]<\/p>\n","protected":false},"featured_media":1410783579,"comment_status":"open","ping_status":"closed","template":"","meta":{"googlesitekit_rrm_CAow0N7NCw:productID":"","content-type":"","pmpro_default_level":"","_themeisle_gutenberg_block_has_review":false},"product_brand":[],"product_cat":[227],"product_tag":[],"class_list":{"0":"post-1410783581","1":"product","2":"type-product","3":"status-publish","4":"has-post-thumbnail","6":"product_cat-racao","7":"aux-has-gallery","8":"pmpro-has-access","10":"first","11":"outofstock","12":"taxable","13":"shipping-taxable","14":"purchasable","15":"product-type-simple"},"_links":{"self":[{"href":"https:\/\/dinhosreef.com\/en\/wp-json\/wp\/v2\/product\/1410783581","targetHints":{"allow":["GET"]}}],"collection":[{"href":"https:\/\/dinhosreef.com\/en\/wp-json\/wp\/v2\/product"}],"about":[{"href":"https:\/\/dinhosreef.com\/en\/wp-json\/wp\/v2\/types\/product"}],"replies":[{"embeddable":true,"href":"https:\/\/dinhosreef.com\/en\/wp-json\/wp\/v2\/comments?post=1410783581"}],"wp:featuredmedia":[{"embeddable":true,"href":"https:\/\/dinhosreef.com\/en\/wp-json\/wp\/v2\/media\/1410783579"}],"wp:attachment":[{"href":"https:\/\/dinhosreef.com\/en\/wp-json\/wp\/v2\/media?parent=1410783581"}],"wp:term":[{"taxonomy":"product_brand","embeddable":true,"href":"https:\/\/dinhosreef.com\/en\/wp-json\/wp\/v2\/product_brand?post=1410783581"},{"taxonomy":"product_cat","embeddable":true,"href":"https:\/\/dinhosreef.com\/en\/wp-json\/wp\/v2\/product_cat?post=1410783581"},{"taxonomy":"product_tag","embeddable":true,"href":"https:\/\/dinhosreef.com\/en\/wp-json\/wp\/v2\/product_tag?post=1410783581"}],"curies":[{"name":"wp","href":"https:\/\/api.w.org\/{rel}","templated":true}]}}