{"id":1410783599,"date":"2025-04-22T15:40:34","date_gmt":"2025-04-22T18:40:34","guid":{"rendered":"https:\/\/dinhosreef.com\/produto\/bomba-de-circ-wave-8000-127v-ocean-tech\/"},"modified":"2025-04-29T10:34:27","modified_gmt":"2025-04-29T13:34:27","slug":"bomba-de-circ-wave-8000-127v-ocean-tech","status":"publish","type":"product","link":"https:\/\/dinhosreef.com\/en\/product\/bomba-de-circ-wave-8000-127v-ocean-tech\/","title":{"rendered":"BOMBA DE CIRC WAVE 8000 127V  &#8211;  OCEAN TECH"},"content":{"rendered":"<p>Bomba De Circula\u00e7\u00e3o Wave Maker Ocean Tech 8000l\/h Com Im\u00e3<\/p>\n<p>&#8211; Transforma o aqu\u00e1rio em um ecossistema din\u00e2mico e vibrante.<br \/>&#8211; Simula correntes naturais, beneficiando peixes, plantas, corais e outras formas de vida aqu\u00e1tica.<br \/>&#8211; Instala\u00e7\u00e3o f\u00e1cil, design compacto e fixa\u00e7\u00e3o magn\u00e9tica para vidros de at\u00e9 12mm de espessura.<br \/>&#8211; Melhora a distribui\u00e7\u00e3o de nutrientes e a qualidade da \u00e1gua em ambientes de \u00e1gua doce e salgada.<br \/>&#8211; Vaz\u00e3o de 8.000L\/h e pot\u00eancia de 22W.<br \/>&#8211; Sem h\u00e9lice, reduzindo riscos para os habitantes do aqu\u00e1rio.<br \/>&#8211; Dimens\u00f5es: 78x105x140mm.<br \/>&#8211; Cor: Branca<br \/>&#8211; Marca: Ocean tech<\/p>","protected":false},"excerpt":{"rendered":"<p>Bomba De Circula\u00e7\u00e3o Wave Maker Ocean Tech 8000l\/h Com Im\u00e3 &#8211; Transforma o aqu\u00e1rio em um ecossistema din\u00e2mico e vibrante.&#8211; Simula correntes naturais, beneficiando peixes, plantas, corais e outras formas de vida aqu\u00e1tica.&#8211; Instala\u00e7\u00e3o f\u00e1cil, design compacto e fixa\u00e7\u00e3o magn\u00e9tica para vidros de at\u00e9 12mm de espessura.&#8211; Melhora a distribui\u00e7\u00e3o de nutrientes e a qualidade [&hellip;]<\/p>\n","protected":false},"featured_media":1410783595,"comment_status":"open","ping_status":"closed","template":"","meta":{"googlesitekit_rrm_CAow0N7NCw:productID":"","content-type":"","pmpro_default_level":"","_themeisle_gutenberg_block_has_review":false},"product_brand":[],"product_cat":[104],"product_tag":[],"class_list":{"0":"post-1410783599","1":"product","2":"type-product","3":"status-publish","4":"has-post-thumbnail","6":"product_cat-bombas-de-circulacao","7":"aux-has-gallery","8":"pmpro-has-access","10":"first","11":"instock","12":"taxable","13":"shipping-taxable","14":"purchasable","15":"product-type-simple"},"_links":{"self":[{"href":"https:\/\/dinhosreef.com\/en\/wp-json\/wp\/v2\/product\/1410783599","targetHints":{"allow":["GET"]}}],"collection":[{"href":"https:\/\/dinhosreef.com\/en\/wp-json\/wp\/v2\/product"}],"about":[{"href":"https:\/\/dinhosreef.com\/en\/wp-json\/wp\/v2\/types\/product"}],"replies":[{"embeddable":true,"href":"https:\/\/dinhosreef.com\/en\/wp-json\/wp\/v2\/comments?post=1410783599"}],"wp:featuredmedia":[{"embeddable":true,"href":"https:\/\/dinhosreef.com\/en\/wp-json\/wp\/v2\/media\/1410783595"}],"wp:attachment":[{"href":"https:\/\/dinhosreef.com\/en\/wp-json\/wp\/v2\/media?parent=1410783599"}],"wp:term":[{"taxonomy":"product_brand","embeddable":true,"href":"https:\/\/dinhosreef.com\/en\/wp-json\/wp\/v2\/product_brand?post=1410783599"},{"taxonomy":"product_cat","embeddable":true,"href":"https:\/\/dinhosreef.com\/en\/wp-json\/wp\/v2\/product_cat?post=1410783599"},{"taxonomy":"product_tag","embeddable":true,"href":"https:\/\/dinhosreef.com\/en\/wp-json\/wp\/v2\/product_tag?post=1410783599"}],"curies":[{"name":"wp","href":"https:\/\/api.w.org\/{rel}","templated":true}]}}