{"id":1410783604,"date":"2025-04-22T15:41:26","date_gmt":"2025-04-22T18:41:26","guid":{"rendered":"https:\/\/dinhosreef.com\/produto\/bomba-de-circ-wave-10000-127v-ocean-tech\/"},"modified":"2025-04-22T15:41:26","modified_gmt":"2025-04-22T18:41:26","slug":"bomba-de-circ-wave-10000-127v-ocean-tech","status":"publish","type":"product","link":"https:\/\/dinhosreef.com\/en\/product\/bomba-de-circ-wave-10000-127v-ocean-tech\/","title":{"rendered":"BOMBA DE CIRC WAVE 10000 127V  &#8211;  OCEAN TECH"},"content":{"rendered":"<p>A Bomba de circula\u00e7\u00e3o Wave 10.000, transforma o aqu\u00e1rio em um ecossistema, din\u00e2mico e vibrante. Cria uma circula\u00e7\u00e3o de \u00e1gua eficiente, simulando correntes que assemelham-se ao habitat natural. Benificia peixes, plantas, corais e outras formas de vida.<\/p>\n<p>F\u00e1cil instala\u00e7\u00e3o, design compact o e fixa\u00e7\u00e3o magn\u00e9tica em vidros de espessura m\u00e1xima de 12mm. Otimiza a distribui\u00e7\u00e3o de nutrientes, para qualidade da \u00e1gua doce e salgada.<\/p>\n<p>Vaz\u00e3o: 10.000 l\/h<br \/>Pot\u00eancia: 45W<br \/>Dimen\u00e7\u00f5es: 88 x 115 x 160mm<\/p>\n<p><em>FOTOS MERAMENTE ILUSTRATIVAS<\/em><\/p>\n<p>Garantia do vendedor: 1 anos<\/p>","protected":false},"excerpt":{"rendered":"<p>A Bomba de circula\u00e7\u00e3o Wave 10.000, transforma o aqu\u00e1rio em um ecossistema, din\u00e2mico e vibrante. Cria uma circula\u00e7\u00e3o de \u00e1gua eficiente, simulando correntes que assemelham-se ao habitat natural. Benificia peixes, plantas, corais e outras formas de vida. F\u00e1cil instala\u00e7\u00e3o, design compact o e fixa\u00e7\u00e3o magn\u00e9tica em vidros de espessura m\u00e1xima de 12mm. Otimiza a distribui\u00e7\u00e3o [&hellip;]<\/p>\n","protected":false},"featured_media":1410783600,"comment_status":"open","ping_status":"closed","template":"","meta":{"googlesitekit_rrm_CAow0N7NCw:productID":"","content-type":"","pmpro_default_level":"","_themeisle_gutenberg_block_has_review":false},"product_brand":[],"product_cat":[104],"product_tag":[],"class_list":{"0":"post-1410783604","1":"product","2":"type-product","3":"status-publish","4":"has-post-thumbnail","6":"product_cat-bombas-de-circulacao","7":"aux-has-gallery","8":"pmpro-has-access","10":"first","11":"instock","12":"taxable","13":"shipping-taxable","14":"purchasable","15":"product-type-simple"},"_links":{"self":[{"href":"https:\/\/dinhosreef.com\/en\/wp-json\/wp\/v2\/product\/1410783604","targetHints":{"allow":["GET"]}}],"collection":[{"href":"https:\/\/dinhosreef.com\/en\/wp-json\/wp\/v2\/product"}],"about":[{"href":"https:\/\/dinhosreef.com\/en\/wp-json\/wp\/v2\/types\/product"}],"replies":[{"embeddable":true,"href":"https:\/\/dinhosreef.com\/en\/wp-json\/wp\/v2\/comments?post=1410783604"}],"wp:featuredmedia":[{"embeddable":true,"href":"https:\/\/dinhosreef.com\/en\/wp-json\/wp\/v2\/media\/1410783600"}],"wp:attachment":[{"href":"https:\/\/dinhosreef.com\/en\/wp-json\/wp\/v2\/media?parent=1410783604"}],"wp:term":[{"taxonomy":"product_brand","embeddable":true,"href":"https:\/\/dinhosreef.com\/en\/wp-json\/wp\/v2\/product_brand?post=1410783604"},{"taxonomy":"product_cat","embeddable":true,"href":"https:\/\/dinhosreef.com\/en\/wp-json\/wp\/v2\/product_cat?post=1410783604"},{"taxonomy":"product_tag","embeddable":true,"href":"https:\/\/dinhosreef.com\/en\/wp-json\/wp\/v2\/product_tag?post=1410783604"}],"curies":[{"name":"wp","href":"https:\/\/api.w.org\/{rel}","templated":true}]}}