{"id":1410783608,"date":"2025-04-22T19:38:41","date_gmt":"2025-04-22T22:38:41","guid":{"rendered":"https:\/\/dinhosreef.com\/produto\/kit-12-unid-banheira-grande-passaro-conica-cristal-2\/"},"modified":"2026-04-07T09:32:27","modified_gmt":"2026-04-07T12:32:27","slug":"kit-12-unid-banheira-grande-passaro-conica-cristal-2","status":"publish","type":"product","link":"https:\/\/dinhosreef.com\/en\/product\/kit-12-unid-banheira-grande-passaro-conica-cristal-2\/","title":{"rendered":"Banheira Grande P\u00e1ssaro &#8211; C\u00f4nica &#8211; Cristal"},"content":{"rendered":"<p><strong>Banheira Grande P\u00e1ssaro &#8211; C\u00f4nica &#8211; Cristal<\/strong><\/p>\n<p>\u00a0<\/p>\n<p>Medidas:<\/p>\n<p>Comprimento: 16,5 cm<br \/>Largura: 8,5 cm<br \/>Capacidade: 561 ml<\/p>\n<p>Plastico translucido.<\/p>","protected":false},"excerpt":{"rendered":"<p>Banheira Grande P\u00e1ssaro &#8211; C\u00f4nica &#8211; Cristal \u00a0 Medidas: Comprimento: 16,5 cmLargura: 8,5 cmCapacidade: 561 ml Plastico translucido.<\/p>","protected":false},"featured_media":1410783607,"comment_status":"open","ping_status":"closed","template":"","meta":{"googlesitekit_rrm_CAow0N7NCw:productID":"","content-type":"","pmpro_default_level":"","_themeisle_gutenberg_block_has_review":false},"product_brand":[],"product_cat":[50],"product_tag":[],"class_list":{"0":"post-1410783608","1":"product","2":"type-product","3":"status-publish","4":"has-post-thumbnail","6":"product_cat-bebedouros-e-comedouros","7":"pmpro-has-access","9":"first","10":"instock","11":"taxable","12":"shipping-taxable","13":"purchasable","14":"product-type-simple"},"_links":{"self":[{"href":"https:\/\/dinhosreef.com\/en\/wp-json\/wp\/v2\/product\/1410783608","targetHints":{"allow":["GET"]}}],"collection":[{"href":"https:\/\/dinhosreef.com\/en\/wp-json\/wp\/v2\/product"}],"about":[{"href":"https:\/\/dinhosreef.com\/en\/wp-json\/wp\/v2\/types\/product"}],"replies":[{"embeddable":true,"href":"https:\/\/dinhosreef.com\/en\/wp-json\/wp\/v2\/comments?post=1410783608"}],"wp:featuredmedia":[{"embeddable":true,"href":"https:\/\/dinhosreef.com\/en\/wp-json\/wp\/v2\/media\/1410783607"}],"wp:attachment":[{"href":"https:\/\/dinhosreef.com\/en\/wp-json\/wp\/v2\/media?parent=1410783608"}],"wp:term":[{"taxonomy":"product_brand","embeddable":true,"href":"https:\/\/dinhosreef.com\/en\/wp-json\/wp\/v2\/product_brand?post=1410783608"},{"taxonomy":"product_cat","embeddable":true,"href":"https:\/\/dinhosreef.com\/en\/wp-json\/wp\/v2\/product_cat?post=1410783608"},{"taxonomy":"product_tag","embeddable":true,"href":"https:\/\/dinhosreef.com\/en\/wp-json\/wp\/v2\/product_tag?post=1410783608"}],"curies":[{"name":"wp","href":"https:\/\/api.w.org\/{rel}","templated":true}]}}