{"id":1410783612,"date":"2025-04-22T19:53:32","date_gmt":"2025-04-22T22:53:32","guid":{"rendered":"https:\/\/dinhosreef.com\/produto\/torch-green-white-blue-tips-euphyllia-glabrescens\/"},"modified":"2026-03-21T16:12:25","modified_gmt":"2026-03-21T19:12:25","slug":"torch-green-white-blue-tips-euphyllia-glabrescens","status":"publish","type":"product","link":"https:\/\/dinhosreef.com\/en\/product\/torch-green-white-blue-tips-euphyllia-glabrescens\/","title":{"rendered":"Torch Green White \/ Blue Tips (Euphyllia glabrescens)"},"content":{"rendered":"<div data-content-type=\"block\" data-appearance=\"default\" data-element=\"main\" data-pb-style=\"Q9LC4PX\">\n<div class=\"widget block block-static-block\">\n<div data-content-type=\"html\" data-appearance=\"default\" data-element=\"main\" data-decoded=\"true\">\n<p>\u00a0<strong>LOCALIZA\u00c7\u00c3O<\/strong><\/p>\n<p>Os corais Euphyllia s\u00e3o encontrados em todas as \u00e1guas tropicais do Pac\u00edfico. Em particular, eles s\u00e3o regularmente coletados nas ilhas do Indo-Pac\u00edfico, incluindo Fiji, Tonga, Ilhas Salom\u00e3o e a Grande Barreira de Corais.<\/p>\n<\/div>\n<\/div>\n<\/div>\n<div data-content-type=\"html\" data-appearance=\"default\" data-element=\"main\" data-decoded=\"true\"><\/div>\n<div data-content-type=\"block\" data-appearance=\"default\" data-element=\"main\" data-pb-style=\"JLA03UD\">\n<div class=\"widget block block-static-block\">\n<div data-content-type=\"html\" data-appearance=\"default\" data-element=\"main\" data-decoded=\"true\">\n<p><img decoding=\"async\" src=\"https:\/\/tidalgardens.com\/pub\/media\/wysiwyg\/descriptions\/tg-bullet-lrg.png\" alt=\"\" width=\"30\" height=\"30\" align=\"left\" \/>\u00a0<strong>ILUMINA\u00c7\u00c3O<\/strong><\/p>\n<\/div>\n<div class=\"pagebuilder-column-group\" data-background-images=\"{}\" data-content-type=\"column-group\" data-appearance=\"default\" data-grid-size=\"12\" data-element=\"main\" data-pb-style=\"E30IM92\">\n<div class=\"pagebuilder-column-line\" data-content-type=\"column-line\" data-element=\"main\" data-pb-style=\"XVD8AL9\">\n<div class=\"pagebuilder-column\" data-content-type=\"column\" data-appearance=\"full-height\" data-background-images=\"{}\" data-element=\"main\" data-pb-style=\"N7H5EJF\">\n<div data-content-type=\"html\" data-appearance=\"default\" data-element=\"main\" data-decoded=\"true\">\n<p>Hammers, Torches e Frogspawn (Euphyllia sp.) n\u00e3o requerem tanta luz quanto alguns outros corais. Podem ser mantidos sob fluorescentes de sa\u00edda normal sem muita dificuldade. Em alguns casos, Torches podem se estender mais facilmente sob ilumina\u00e7\u00e3o suave, no entanto, podem exibir cores mais atraentes quando colocados sob ilumina\u00e7\u00e3o mais forte.<\/p>\n<p><strong>Pouca luz<\/strong><br \/>\n<img decoding=\"async\" src=\"https:\/\/tidalgardens.com\/pub\/media\/wysiwyg\/descriptions\/lightbar\/tg-lightbar-low.png\" alt=\"\" width=\"450\" \/><br \/>\nPouca luz se traduz em cerca de 30-50 PAR<\/p>\n<p><strong>Luz m\u00e9dia<\/strong><br \/>\n<img decoding=\"async\" src=\"https:\/\/tidalgardens.com\/pub\/media\/wysiwyg\/descriptions\/lightbar\/tg-lightbar-mid.png\" alt=\"\" width=\"450\" \/><br \/>\nLuz m\u00e9dia est\u00e1 entre 50-150 PAR<\/p>\n<p><strong>Luz alta<\/strong><br \/>\n<img decoding=\"async\" src=\"https:\/\/tidalgardens.com\/pub\/media\/wysiwyg\/descriptions\/lightbar\/tg-lightbar-high.png\" alt=\"\" width=\"450\" \/><br \/>\nLuz alta \u00e9 qualquer coisa acima de 150 PAR<\/p>\n<\/div>\n<\/div>\n<div class=\"pagebuilder-column\" data-content-type=\"column\" data-appearance=\"full-height\" data-background-images=\"{}\" data-element=\"main\" data-pb-style=\"JS3SYIU\">\n<div data-content-type=\"html\" data-appearance=\"default\" data-element=\"main\" data-decoded=\"true\"><\/div>\n<\/div>\n<\/div>\n<\/div>\n<\/div>\n<\/div>\n<div data-content-type=\"block\" data-appearance=\"default\" data-element=\"main\">\n<div class=\"widget block block-static-block\">\n<div class=\"pagebuilder-column-group\" data-background-images=\"{}\" data-content-type=\"column-group\" data-appearance=\"default\" data-grid-size=\"12\" data-element=\"main\" data-pb-style=\"NUQVWTD\">\n<div class=\"pagebuilder-column-line\" data-content-type=\"column-line\" data-element=\"main\" data-pb-style=\"CMXCNSA\">\n<div class=\"pagebuilder-column\" data-content-type=\"column\" data-appearance=\"full-height\" data-background-images=\"{}\" data-element=\"main\" data-pb-style=\"YFP4UA4\">\n<div data-content-type=\"html\" data-appearance=\"default\" data-element=\"main\" data-decoded=\"true\">\n<p><img decoding=\"async\" src=\"https:\/\/tidalgardens.com\/pub\/media\/wysiwyg\/descriptions\/tg-bullet-lrg.png\" alt=\"\" width=\"30\" height=\"30\" align=\"left\" \/>\u00a0<strong>FLUXO DE \u00c1GUA<\/strong><\/p>\n<p>&nbsp;<\/p>\n<p>\u00c9 recomendado um movimento moderado a forte da \u00e1gua. Um dos principais atrativos desse tipo de coral LPS \u00e9 como ele balan\u00e7a na corrente. O fluxo de \u00e1gua \u00e9 saud\u00e1vel para o coral e agrad\u00e1vel esteticamente.<\/p>\n<\/div>\n<\/div>\n<div class=\"pagebuilder-column\" data-content-type=\"column\" data-appearance=\"full-height\" data-background-images=\"{}\" data-element=\"main\" data-pb-style=\"VMY0JAV\">\n<div data-content-type=\"block\" data-appearance=\"default\" data-element=\"main\">\n<div class=\"widget block block-static-block\">\n<div data-content-type=\"html\" data-appearance=\"default\" data-element=\"main\" data-decoded=\"true\"><\/div>\n<\/div>\n<\/div>\n<\/div>\n<\/div>\n<\/div>\n<\/div>\n<\/div>\n<div data-content-type=\"html\" data-appearance=\"default\" data-element=\"main\" data-decoded=\"true\"><\/div>\n<div data-content-type=\"block\" data-appearance=\"default\" data-element=\"main\">\n<div class=\"widget block block-static-block\">\n<div data-content-type=\"html\" data-appearance=\"default\" data-element=\"main\" data-decoded=\"true\">\n<p><img decoding=\"async\" src=\"https:\/\/tidalgardens.com\/pub\/media\/wysiwyg\/descriptions\/tg-bullet-lrg.png\" alt=\"\" width=\"30\" height=\"30\" align=\"left\" \/>\u00a0<strong>ALIMENTA\u00c7\u00c3O<\/strong><\/p>\n<p>&nbsp;<\/p>\n<p>Como a maioria dos corais, as Euphyllia dependem em grande parte dos produtos de suas zooxantelas, no entanto, em nossa experi\u00eancia, elas tamb\u00e9m se beneficiam da alimenta\u00e7\u00e3o direta. Martelos, tochas e ovas de sapo n\u00e3o parecem se alimentar agressivamente como outros LPS, ent\u00e3o encontrar o alimento certo pode ser um desafio. Tivemos alguma sorte com um alimento seco em pellets chamado Sustainable Aquatics Hatchery Diet. Ele \u00e9 destinado ao uso com peixes pequenos, mas tentamos aliment\u00e1-lo com corais como as Euphyllias, que tendem a ser comedores exigentes, com bons resultados.<\/p>\n<p><img decoding=\"async\" src=\"https:\/\/tidalgardens.com\/media\/wysiwyg\/descriptions\/feeding\/feeding-3.jpg\" alt=\"Alimenta\u00e7\u00e3o\" \/><\/p>\n<\/div>\n<\/div>\n<\/div>\n<div data-content-type=\"html\" data-appearance=\"default\" data-element=\"main\" data-decoded=\"true\"><\/div>\n<div data-content-type=\"block\" data-appearance=\"default\" data-element=\"main\">\n<div class=\"widget block block-static-block\">\n<div data-content-type=\"html\" data-appearance=\"default\" data-element=\"main\" data-decoded=\"true\">\n<p><img decoding=\"async\" src=\"https:\/\/tidalgardens.com\/pub\/media\/wysiwyg\/descriptions\/tg-bullet-lrg.png\" alt=\"\" width=\"30\" height=\"30\" align=\"left\" \/>\u00a0<strong>PROPAGA\u00c7\u00c3O<\/strong><\/p>\n<p>&nbsp;<\/p>\n<p>Este g\u00eanero, em sua maior parte, foi amplamente propagado em cativeiro e \u00e9 um excelente candidato para aquicultura. As variedades ramificadas tendem a ser candidatas muito melhores em compara\u00e7\u00e3o \u00e0s variedades de parede. \u00c9 razo\u00e1vel acreditar que uma colheita sustent\u00e1vel pode ser alcan\u00e7ada com o tempo.<\/p>\n<p>No entanto, h\u00e1 um m\u00e9todo muito menos comum de propaga\u00e7\u00e3o: o resgate de p\u00f3lipos. O resgate de p\u00f3lipos \u00e9 uma resposta ao estresse a condi\u00e7\u00f5es desfavor\u00e1veis \u200b\u200bdo tanque que certos corais p\u00e9treos podem ativar como um \u00faltimo esfor\u00e7o para se salvarem. Durante o resgate de p\u00f3lipos, os corais p\u00e9treos est\u00e3o matando seu pr\u00f3prio tecido conjuntivo por meio da apoptose. Para aqueles que n\u00e3o est\u00e3o familiarizados com o termo, a apoptose \u00e9 a morte celular programada, em oposi\u00e7\u00e3o \u00e0 necrose, que \u00e9 a morte celular traum\u00e1tica. A apoptose \u00e9 um processo altamente regulado e controlado, ent\u00e3o os p\u00f3lipos de coral que se salvam devido ao estresse o fazem em uma resposta direta calculada a uma amea\u00e7a ex\u00f3gena. Se voc\u00ea quiser saber mais, confira o v\u00eddeo abaixo.<\/p>\n<p><img decoding=\"async\" src=\"https:\/\/tidalgardens.com\/pub\/media\/wysiwyg\/descriptions\/tg-bullet-lrg.png\" alt=\"\" width=\"30\" height=\"30\" align=\"left\" \/> <strong>\u00a0AGRESSIVIDADE<\/strong><\/p>\n<p>Os corais desenvolveram todos os tipos de adapta\u00e7\u00f5es para ganhar uma vantagem competitiva na batalha por espa\u00e7o no recife. Em nossos aqu\u00e1rios dom\u00e9sticos, temos que estar cientes disso para criar o melhor ambiente para eles a longo prazo. Euphyllia \u00e9 um dos corais que estendem longos tent\u00e1culos varredores. Tent\u00e1culos varredores s\u00e3o frequentemente usados \u200b\u200bcomo um meio de defesa contra outras col\u00f4nias de corais invasoras. Suas pontas brancas cont\u00eam uma concentra\u00e7\u00e3o de nematcistos que podem danificar companheiros de tanque mais delicados. Na maioria das vezes, isso n\u00e3o \u00e9 um grande problema, mas para estar seguro, recomendamos coloc\u00e1-lo em um local longe de outros corais inicialmente.<\/p>\n<p>O v\u00eddeo abaixo fornece uma vis\u00e3o geral das diferentes manifesta\u00e7\u00f5es de agress\u00e3o aos corais e ideias sobre como mitigar alguns dos riscos inerentes \u00e0 manuten\u00e7\u00e3o de corais em ambientes fechados.<\/p>\n<p><img decoding=\"async\" src=\"https:\/\/tidalgardens.com\/pub\/media\/wysiwyg\/descriptions\/tg-bullet-lrg.png\" alt=\"\" width=\"30\" height=\"30\" align=\"left\" \/>\u00a0<strong>ACLIMATA\u00c7\u00c3O<\/strong><\/p>\n<p>A aclimata\u00e7\u00e3o adequada \u00e9 extremamente importante considerando o estresse imposto aos animais pelo processo de envio. Por favor, reserve um momento para rever nosso\u00a0<strong><a href=\"https:\/\/tidalgardens.com\/proper-coral-acclimation-guide\/\" target=\"_blank\" rel=\"noopener\">Guia de Aclimata\u00e7\u00e3o<\/a><\/strong>\u00a0.<\/p>\n<\/div>\n<\/div>\n<\/div>","protected":false},"excerpt":{"rendered":"<p>\u00a0LOCALIZA\u00c7\u00c3O Os corais Euphyllia s\u00e3o encontrados em todas as \u00e1guas tropicais do Pac\u00edfico. Em particular, eles s\u00e3o regularmente coletados nas ilhas do Indo-Pac\u00edfico, incluindo Fiji, Tonga, Ilhas Salom\u00e3o e a Grande Barreira de Corais. \u00a0ILUMINA\u00c7\u00c3O Hammers, Torches e Frogspawn (Euphyllia sp.) n\u00e3o requerem tanta luz quanto alguns outros corais. Podem ser mantidos sob fluorescentes de [&hellip;]<\/p>\n","protected":false},"featured_media":1410783611,"comment_status":"open","ping_status":"closed","template":"","meta":{"googlesitekit_rrm_CAow0N7NCw:productID":"","content-type":"","pmpro_default_level":"","_themeisle_gutenberg_block_has_review":false},"product_brand":[],"product_cat":[186,176,177,180],"product_tag":[],"class_list":{"0":"post-1410783612","1":"product","2":"type-product","3":"status-publish","4":"has-post-thumbnail","6":"product_cat-animais-vivos","7":"product_cat-corais","8":"product_cat-lps","9":"product_cat-todos","10":"product_shipping_class-animais-vivos","11":"pmpro-has-access","13":"first","14":"outofstock","15":"taxable","16":"shipping-taxable","17":"purchasable","18":"product-type-simple"},"_links":{"self":[{"href":"https:\/\/dinhosreef.com\/en\/wp-json\/wp\/v2\/product\/1410783612","targetHints":{"allow":["GET"]}}],"collection":[{"href":"https:\/\/dinhosreef.com\/en\/wp-json\/wp\/v2\/product"}],"about":[{"href":"https:\/\/dinhosreef.com\/en\/wp-json\/wp\/v2\/types\/product"}],"replies":[{"embeddable":true,"href":"https:\/\/dinhosreef.com\/en\/wp-json\/wp\/v2\/comments?post=1410783612"}],"wp:featuredmedia":[{"embeddable":true,"href":"https:\/\/dinhosreef.com\/en\/wp-json\/wp\/v2\/media\/1410783611"}],"wp:attachment":[{"href":"https:\/\/dinhosreef.com\/en\/wp-json\/wp\/v2\/media?parent=1410783612"}],"wp:term":[{"taxonomy":"product_brand","embeddable":true,"href":"https:\/\/dinhosreef.com\/en\/wp-json\/wp\/v2\/product_brand?post=1410783612"},{"taxonomy":"product_cat","embeddable":true,"href":"https:\/\/dinhosreef.com\/en\/wp-json\/wp\/v2\/product_cat?post=1410783612"},{"taxonomy":"product_tag","embeddable":true,"href":"https:\/\/dinhosreef.com\/en\/wp-json\/wp\/v2\/product_tag?post=1410783612"}],"curies":[{"name":"wp","href":"https:\/\/api.w.org\/{rel}","templated":true}]}}