{"id":1410783620,"date":"2025-04-22T20:57:34","date_gmt":"2025-04-22T23:57:34","guid":{"rendered":"https:\/\/dinhosreef.com\/produto\/acara-disco-asion-symphysodon-discus\/"},"modified":"2026-03-18T15:15:12","modified_gmt":"2026-03-18T18:15:12","slug":"acara-disco-asion-symphysodon-discus","status":"publish","type":"product","link":"https:\/\/dinhosreef.com\/en\/product\/acara-disco-asion-symphysodon-discus\/","title":{"rendered":"ACARA DISCO ASION Symphysodon discus"},"content":{"rendered":"<p class=\"\" data-start=\"140\" data-end=\"191\"><strong data-start=\"140\" data-end=\"191\">Acara Disco Asion 4 a 5 cm \u2013 Symphysodon discus<\/strong><\/p>\n<p class=\"\" data-start=\"193\" data-end=\"513\">Beleza ex\u00f3tica e personalidade \u00fanica em um s\u00f3 peixe! O <strong data-start=\"248\" data-end=\"269\">Acara Disco Asion<\/strong> \u00e9 uma varia\u00e7\u00e3o impressionante da esp\u00e9cie <em data-start=\"311\" data-end=\"331\">Symphysodon discus<\/em>, com padr\u00f5es marcantes e cores vibrantes que o destacam em qualquer aqu\u00e1rio ornamental. Ideal para quem busca um visual diferenciado com aquele toque asi\u00e1tico no nome e na linhagem.<\/p>\n<p class=\"\" data-start=\"515\" data-end=\"550\">\u2728 <strong data-start=\"517\" data-end=\"548\">Caracter\u00edsticas principais:<\/strong><\/p>\n<ul data-start=\"551\" data-end=\"833\">\n<li class=\"\" data-start=\"551\" data-end=\"593\">\n<p class=\"\" data-start=\"553\" data-end=\"593\">Tamanho: entre 4 e 5 cm (fase juvenil)<\/p>\n<\/li>\n<li class=\"\" data-start=\"594\" data-end=\"661\">\n<p class=\"\" data-start=\"596\" data-end=\"661\">Colora\u00e7\u00e3o: tons intensos com padr\u00e3o exclusivo da linhagem Asion<\/p>\n<\/li>\n<li class=\"\" data-start=\"662\" data-end=\"695\">\n<p class=\"\" data-start=\"664\" data-end=\"695\">Esp\u00e9cie: <em data-start=\"673\" data-end=\"693\">Symphysodon discus<\/em><\/p>\n<\/li>\n<li class=\"\" data-start=\"696\" data-end=\"771\">\n<p class=\"\" data-start=\"698\" data-end=\"771\">Comportamento: tranquilo, ideal para aqu\u00e1rios plantados ou comunit\u00e1rios<\/p>\n<\/li>\n<li class=\"\" data-start=\"772\" data-end=\"833\">\n<p class=\"\" data-start=\"774\" data-end=\"833\">Necessita \u00e1gua bem filtrada e temperatura entre 28\u00b0C e 30\u00b0C<\/p>\n<\/li>\n<\/ul>\n<p class=\"\" data-start=\"835\" data-end=\"994\">O Acara Disco Asion n\u00e3o \u00e9 apenas um peixe, \u00e9 uma pe\u00e7a viva de arte aqu\u00e1tica. Com bons cuidados, ele cresce saud\u00e1vel e revela ainda mais sua beleza com o tempo.<\/p>","protected":false},"excerpt":{"rendered":"<p>Acara Disco Asion 4 a 5 cm \u2013 Symphysodon discus Beleza ex\u00f3tica e personalidade \u00fanica em um s\u00f3 peixe! O Acara Disco Asion \u00e9 uma varia\u00e7\u00e3o impressionante da esp\u00e9cie Symphysodon discus, com padr\u00f5es marcantes e cores vibrantes que o destacam em qualquer aqu\u00e1rio ornamental. Ideal para quem busca um visual diferenciado com aquele toque asi\u00e1tico [&hellip;]<\/p>\n","protected":false},"featured_media":1410783619,"comment_status":"open","ping_status":"closed","template":"","meta":{"googlesitekit_rrm_CAow0N7NCw:productID":"","content-type":"","pmpro_default_level":"","_themeisle_gutenberg_block_has_review":false},"product_brand":[],"product_cat":[206,205,219],"product_tag":[],"class_list":{"0":"post-1410783620","1":"product","2":"type-product","3":"status-publish","4":"has-post-thumbnail","6":"product_cat-acara","7":"product_cat-peixes-agua-doce","8":"product_cat-todos-os-peixes-de-agua-doce","9":"product_shipping_class-animais-vivos","10":"pmpro-has-access","12":"first","13":"outofstock","14":"taxable","15":"shipping-taxable","16":"purchasable","17":"product-type-simple"},"_links":{"self":[{"href":"https:\/\/dinhosreef.com\/en\/wp-json\/wp\/v2\/product\/1410783620","targetHints":{"allow":["GET"]}}],"collection":[{"href":"https:\/\/dinhosreef.com\/en\/wp-json\/wp\/v2\/product"}],"about":[{"href":"https:\/\/dinhosreef.com\/en\/wp-json\/wp\/v2\/types\/product"}],"replies":[{"embeddable":true,"href":"https:\/\/dinhosreef.com\/en\/wp-json\/wp\/v2\/comments?post=1410783620"}],"wp:featuredmedia":[{"embeddable":true,"href":"https:\/\/dinhosreef.com\/en\/wp-json\/wp\/v2\/media\/1410783619"}],"wp:attachment":[{"href":"https:\/\/dinhosreef.com\/en\/wp-json\/wp\/v2\/media?parent=1410783620"}],"wp:term":[{"taxonomy":"product_brand","embeddable":true,"href":"https:\/\/dinhosreef.com\/en\/wp-json\/wp\/v2\/product_brand?post=1410783620"},{"taxonomy":"product_cat","embeddable":true,"href":"https:\/\/dinhosreef.com\/en\/wp-json\/wp\/v2\/product_cat?post=1410783620"},{"taxonomy":"product_tag","embeddable":true,"href":"https:\/\/dinhosreef.com\/en\/wp-json\/wp\/v2\/product_tag?post=1410783620"}],"curies":[{"name":"wp","href":"https:\/\/api.w.org\/{rel}","templated":true}]}}