{"id":1410783629,"date":"2025-04-25T17:11:33","date_gmt":"2025-04-25T20:11:33","guid":{"rendered":"https:\/\/dinhosreef.com\/produto\/alcon-health-carnivoros-500g\/"},"modified":"2026-04-12T10:51:40","modified_gmt":"2026-04-12T13:51:40","slug":"alcon-health-carnivoros-500g","status":"publish","type":"product","link":"https:\/\/dinhosreef.com\/en\/product\/alcon-health-carnivoros-500g\/","title":{"rendered":"ALCON HEALTH CARNIVOROS 500G"},"content":{"rendered":"<h1 class=\"mb-5\">Alcon Club Health Carn\u00edvoros<\/h1>\n<p>Alimento completo<br \/>Dieta equilibrada<br \/>Cuidados especiais<\/p>\n<p><strong>Alcon Club Health Carn\u00edvoros<\/strong> \u00e9 um alimento completo Super Premium, cientificamente elaborado para suprir as necessidades nutricionais e energ\u00e9ticas de animais carn\u00edvoros com estado nutricional desajustado ou que apresentam necessidade de cuidados especiais por dificuldades de mastiga\u00e7\u00e3o ou degluti\u00e7\u00e3o de alimento s\u00f3lido. \u00c9 indicado para animais como gatos, aves de rapina, serpentes, tartarugas, ferrets e hedgehogs. Muito recomendado para animais que necessitam recuperar o peso, j\u00e1 que fornece 4 kcal de energia metaboliz\u00e1vel por grama de produto. Esse elevado n\u00edvel energ\u00e9tico ajuda a reduzir o volume necess\u00e1rio das refei\u00e7\u00f5es. Possui excelente dilui\u00e7\u00e3o em \u00e1gua e pode ser utilizado para alimenta\u00e7\u00e3o volunt\u00e1ria ou em nutri\u00e7\u00e3o enteral (via sondas). \u00c9 um alimento com excelente digestibilidade e palatabilidade que foi desenvolvido para incentivar a aceita\u00e7\u00e3o por animais com apetite reduzido. Composto por ingredientes de alto valor biol\u00f3gico como plasma sangu\u00edneo (fonte de imunoglobulinas), prote\u00edna hidrolisada de f\u00edgado de frango, ovo integral, farinha e \u00f3leo de salm\u00e3o, prebi\u00f3tico, probi\u00f3ticos e nucleot\u00eddeos diet\u00e9ticos, proporciona diversos benef\u00edcios nutricionais e melhora o bem-estar dos animais.<\/p>\n<section class=\"col-xl-4\">\n<aside class=\"d-none d-lg-block d-xl-block\">\n<h2 class=\"mt-5\">Mais Produtos Desta Linha<\/h2>\n<ul class=\"produtos\">\n<li class=\"list-group-item produtos  menu-hover\"><a href=\"https:\/\/alconpet.com.br\/linha-club-health\/farinhadas-e-alimentos-periodos-especiais\" target=\"_blank\" rel=\"noopener\">Cuidados Especiais<br \/><span class=\"destaque-span\">Alimenta\u00e7\u00e3o Enteral<\/span><\/a><\/li>\n<li class=\"list-group-item produtos\"><a href=\"https:\/\/alconpet.com.br\/linha-club-health\/suplementos\" target=\"_blank\" rel=\"noopener\">Suplementos<\/a><\/li>\n<\/ul>\n<\/aside>\n<\/section>\n<article class=\"col-xl-4\">\n<h1 class=\"mb-5\">Alcon Club Health Carn\u00edvoros<\/h1>\n<p>Alimento completo<br \/>Dieta equilibrada<br \/>Cuidados especiais<\/p>\n<p><strong>Alcon Club Health Carn\u00edvoros<\/strong>\u00a0\u00e9 um alimento completo Super Premium, cientificamente elaborado para suprir as necessidades nutricionais e energ\u00e9ticas de animais carn\u00edvoros com estado nutricional desajustado ou que apresentam necessidade de cuidados especiais por dificuldades de mastiga\u00e7\u00e3o ou degluti\u00e7\u00e3o de alimento s\u00f3lido. \u00c9 indicado para animais como gatos, aves de rapina, serpentes, tartarugas, ferrets e hedgehogs. Muito recomendado para animais que necessitam recuperar o peso, j\u00e1 que fornece 4 kcal de energia metaboliz\u00e1vel por grama de produto. Esse elevado n\u00edvel energ\u00e9tico ajuda a reduzir o volume necess\u00e1rio das refei\u00e7\u00f5es. Possui excelente dilui\u00e7\u00e3o em \u00e1gua e pode ser utilizado para alimenta\u00e7\u00e3o volunt\u00e1ria ou em nutri\u00e7\u00e3o enteral (via sondas). \u00c9 um alimento com excelente digestibilidade e palatabilidade que foi desenvolvido para incentivar a aceita\u00e7\u00e3o por animais com apetite reduzido. Composto por ingredientes de alto valor biol\u00f3gico como plasma sangu\u00edneo (fonte de imunoglobulinas), prote\u00edna hidrolisada de f\u00edgado de frango, ovo integral, farinha e \u00f3leo de salm\u00e3o, prebi\u00f3tico, probi\u00f3ticos e nucleot\u00eddeos diet\u00e9ticos, proporciona diversos benef\u00edcios nutricionais e melhora o bem-estar dos animais.<\/p>\n<hr class=\"mt-5\"><a href=\"https:\/\/alconpet.com.br\/download\/guias\/guia-basico-uso-linha-club-health.pdf\" target=\"_blank\" rel=\"noopener\"> <\/p>\n<div class=\"row\">\n<div class=\"col-1\"><img decoding=\"async\" src=\"https:\/\/alconpet.com.br\/common\/img\/icon-tabela-guia.webp\"><\/div>\n<div class=\"col-11\">\n<h3 class=\"mt-2\">Guia B\u00e1sico de Uso da Linha Club Health<\/h3>\n<\/p><\/div>\n<\/p><\/div>\n<p> <\/a><\/p>\n<hr class=\"mt-1 mb-1\">\n<h3 class=\"mt-5 mb-2\">Modo de Usar<\/h3>\n<p>Despejar o alimento sobre \u00e1gua filtrada ou previamente fervida, mexer at\u00e9 homogeneizar bem e servir imediatamente ao animal. A tabela sugestiva seguinte apresenta as propor\u00e7\u00f5es de preparo e frequ\u00eancias de alimenta\u00e7\u00e3o di\u00e1ria de acordo com os grupos de animais e vias de alimenta\u00e7\u00e3o. Sob recomenda\u00e7\u00e3o profissional, a frequ\u00eancia e a propor\u00e7\u00e3o alimento\/\u00e1gua podem ser ajustadas para cada caso.<\/p>\n<p>\u00a0<\/p>\n<table class=\"table table-striped\">\n<thead>\n<tr>\n<th class=\"align-middle\" scope=\"col\">Alimenta\u00e7\u00e3o<\/th>\n<th class=\"text-center align-middle\" scope=\"col\">Grupo de animais<\/th>\n<th class=\"text-center align-middle\" scope=\"col\">Porpor\u00e7\u00e3o alimento\/\u00e1gua<br \/>(em volume)<\/th>\n<th class=\"text-center align-middle\" scope=\"col\">Frequ\u00eancia di\u00e1ria<\/th>\n<\/tr>\n<\/thead>\n<tbody>\n<tr>\n<th class=\"align-middle\" rowspan=\"3\" scope=\"row\">Enteral<\/th>\n<td class=\"text-center\">Aves e Mam\u00edferos at\u00e9 500 g<\/td>\n<td class=\"text-center\">2:3<\/td>\n<td class=\"text-center\">4 vezes<\/td>\n<\/tr>\n<tr>\n<td class=\"text-center\">Aves e Mam\u00edferos com mais de 500 g<\/td>\n<td class=\"text-center\">2:3<\/td>\n<td class=\"text-center\">3 vezes<\/td>\n<\/tr>\n<tr>\n<td class=\"text-center\">R\u00e9pteis<\/td>\n<td class=\"text-center\">2:3<\/td>\n<td class=\"text-center\">1 a 2 vezes<\/td>\n<\/tr>\n<tr>\n<th class=\"align-middle\" rowspan=\"2\" scope=\"row\">Volunt\u00e1ria<\/th>\n<td class=\"text-center\">Aves e Mam\u00edferos<\/td>\n<td class=\"text-center\">1:1<\/td>\n<td class=\"text-center\">4 a 6 vezes<\/td>\n<\/tr>\n<tr>\n<td class=\"text-center\">R\u00e9pteis<\/td>\n<td class=\"text-center\">1:1<\/td>\n<td class=\"text-center\">2 a 3 vezes<\/td>\n<\/tr>\n<\/tbody>\n<\/table>\n<p>Preparar somente a quantidade a ser administrada por vez, descartando as sobras. Remover restos do alimento da boca ou bico do animal e limpar muito bem utens\u00edlios de preparo, seringas, sondas e comedouros.<\/p>\n<p>\u00c9 importante realizar uma adapta\u00e7\u00e3o \u00e0 nova dieta, para evitar desconforto fisiol\u00f3gico nos animais. Para definir o volume em mL do alimento j\u00e1 preparado a ser fornecido, seguir as recomenda\u00e7\u00f5es a seguir:<\/p>\n<table class=\"table table-striped\">\n<thead>\n<tr>\n<th class=\"text-center align-middle\" scope=\"col\">Grupo de animais<\/th>\n<th class=\"text-center align-middle\" scope=\"col\">1\u00aa Alimenta\u00e7\u00e3o<\/th>\n<th class=\"text-center align-middle\" scope=\"col\">2\u00aa Alimenta\u00e7\u00e3o<\/th>\n<th class=\"text-center align-middle\" scope=\"col\">3\u00aa Alimenta\u00e7\u00e3o em diante<\/th>\n<\/tr>\n<\/thead>\n<tbody>\n<tr>\n<th class=\"text-center align-middle\" scope=\"row\">Aves e Mam\u00edferos<\/th>\n<td class=\"text-center align-middle\">1% do peso corporal<\/td>\n<td class=\"text-center align-middle\">2% do peso corporal<\/td>\n<td class=\"text-center align-middle\">3% do peso corporal<\/td>\n<\/tr>\n<tr>\n<th class=\"text-center align-middle\" scope=\"row\">R\u00e9pteis<\/th>\n<td class=\"text-center align-middle\">0,5% do peso corporal<\/td>\n<td class=\"text-center align-middle\">1% do peso corporal<\/td>\n<td class=\"text-center align-middle\">2% do peso corporal<\/td>\n<\/tr>\n<\/tbody>\n<\/table>\n<p>Para definir a quantidade a partir da necessidade cal\u00f3rica do animal, considerar que uma colher de sopa cheia do alimento seco cont\u00e9m aproximadamente 15 gramas, equivalente a 60 kcal.<\/p>\n<p>\u00a0<\/p>\n<h3 class=\"mt-5 mb-2\">Composi\u00e7\u00e3o B\u00e1sica do Produto<\/h3>\n<p>Hidrolisado de f\u00edgado desidratado de frango (16,8%), farinha de salm\u00e3o (5,2%), ovo em p\u00f3 (1,9%), biomassa de microalgas (<em>Schizochytrium sp.<\/em>) (DHA), \u00f3leo da salm\u00e3o (1,5%), hidrolisado de v\u00edsceras de frango (11,7%), aditivo zoot\u00e9cnico prebi\u00f3tico, aditivo nutricional &#8211; nucleot\u00eddeos (2%), aditivo zoot\u00e9cnico probi\u00f3tico, plasma sangu\u00edneo desidratado de bovino (3%), aditivo nutricional DL-Metionina, alho desidratado, aditivo nutricional Taurina, levedura inativada desidratada, aditivo nutricional L-Carnitina, biomassa de microalgas desidratada (<em>Spirulina platensis<\/em>), aditivo zoot\u00e9cnico enzim\u00e1tico, aditivo nutricional mineral, aditivo tecnol\u00f3gico adsorvente de odor (extrato de Yucca), aditivo nutricional vitam\u00ednico mineral, aditivo tecnol\u00f3gico adsorvente de micotoxinas (aluminossilicato de c\u00e1lcio e s\u00f3dio), aditivo nutricional vitam\u00ednico, aditivo sensorial pigmentante (cantaxantina), cloreto de s\u00f3dio, \u00f3leo de soja refinado*, farinha de milho, prote\u00edna texturizada de soja*, aditivos tecnol\u00f3gicos antioxidantes (\u00e1cido c\u00edtrico, BHA, BHT). *Esp\u00e9cies doadoras de gene:\u00a0<em>Agrobacterium tumefaciens<\/em>,\u00a0<em>Bacillus thuringiensis<\/em>,\u00a0<em>Arabidopsis thaliana<\/em>,\u00a0<em>Streptomyces viridochromogenes<\/em>.<\/p>\n<h3 class=\"mt-5 mb-2\">Enriquecimento por kg de Produto<\/h3>\n<table class=\"table table-striped\">\n<tbody>\n<tr>\n<td>Vitamina A<\/td>\n<td class=\"text-right\">12.132 UI<\/td>\n<\/tr>\n<tr>\n<td>Vitamina D<sub>3<\/sub><\/td>\n<td class=\"text-right\">2.022 UI<\/td>\n<\/tr>\n<tr>\n<td>Vitamina E<\/td>\n<td class=\"text-right\">33,7 UI<\/td>\n<\/tr>\n<tr>\n<td>Vitamina K<sub>3<\/sub><\/td>\n<td class=\"text-right\">3,4 mg<\/td>\n<\/tr>\n<tr>\n<td>Vitamina C<\/td>\n<td class=\"text-right\">101,1 mg<\/td>\n<\/tr>\n<tr>\n<td>Vitamina B<sub>1<\/sub><\/td>\n<td class=\"text-right\">2,7 mg<\/td>\n<\/tr>\n<tr>\n<td>Vitamina B<sub>2<\/sub><\/td>\n<td class=\"text-right\">10,1 mg<\/td>\n<\/tr>\n<tr>\n<td>Vitamina B<sub>6<\/sub><\/td>\n<td class=\"text-right\">2,7 mg<\/td>\n<\/tr>\n<tr>\n<td>Vitamina B<sub>12<\/sub><\/td>\n<td class=\"text-right\">13,5 mcg<\/td>\n<\/tr>\n<tr>\n<td>Niacina<\/td>\n<td class=\"text-right\">47,2 mg<\/td>\n<\/tr>\n<tr>\n<td>Pantotenato de c\u00e1lcio<\/td>\n<td class=\"text-right\">20,2 mg<\/td>\n<\/tr>\n<tr>\n<td>Biotina<\/td>\n<td class=\"text-right\">0,13 mg<\/td>\n<\/tr>\n<tr>\n<td>\u00c1cido f\u00f3lico<\/td>\n<td class=\"text-right\">1 mg<\/td>\n<\/tr>\n<tr>\n<td>Colina<\/td>\n<td class=\"text-right\">210,3 mg<\/td>\n<\/tr>\n<tr>\n<td>Ferro<\/td>\n<td class=\"text-right\">98,6 mg<\/td>\n<\/tr>\n<tr>\n<td>Cobre<\/td>\n<td class=\"text-right\">16,4 mg<\/td>\n<\/tr>\n<tr>\n<td>Zinco<\/td>\n<td class=\"text-right\">435,3 mg<\/td>\n<\/tr>\n<tr>\n<td>Mangan\u00eas<\/td>\n<td class=\"text-right\">205,5 mg<\/td>\n<\/tr>\n<tr>\n<td>Sel\u00eanio<\/td>\n<td class=\"text-right\">1,5 mg<\/td>\n<\/tr>\n<tr>\n<td>Iodo<\/td>\n<td class=\"text-right\">5 mg<\/td>\n<\/tr>\n<tr>\n<td>Metionina<\/td>\n<td class=\"text-right\">337 mg<\/td>\n<\/tr>\n<\/tbody>\n<\/table>\n<h3 class=\"mt-5 mb-2\">N\u00edveis de Garantia<\/h3>\n<table class=\"table table-striped\">\n<tbody>\n<tr>\n<td>Umidade (m\u00e1x.)<\/td>\n<td class=\"text-right\">100 g\/kg (10%)<\/td>\n<\/tr>\n<tr>\n<td>Prote\u00edna bruta (m\u00edn.)<\/td>\n<td class=\"text-right\">390 g\/kg (39%)<\/td>\n<\/tr>\n<tr>\n<td>Extrato et\u00e9reo (m\u00edn.)<\/td>\n<td class=\"text-right\">140 g\/kg (14%)<\/td>\n<\/tr>\n<tr>\n<td>Mat\u00e9ria fibrosa (m\u00e1x.)<\/td>\n<td class=\"text-right\">25 g\/kg (2,5%)<\/td>\n<\/tr>\n<tr>\n<td>Mat\u00e9ria mineral (m\u00e1x.)<\/td>\n<td class=\"text-right\">120 g\/kg (12%)<\/td>\n<\/tr>\n<tr>\n<td>C\u00e1lcio (m\u00e1x.)<\/td>\n<td class=\"text-right\">20 g\/kg (2%)<\/td>\n<\/tr>\n<tr>\n<td>C\u00e1lcio (m\u00edn.)<\/td>\n<td class=\"text-right\">11 g\/kg (1,1%)<\/td>\n<\/tr>\n<tr>\n<td>F\u00f3sforo (m\u00edn.)<\/td>\n<td class=\"text-right\">8.000 mg\/kg (0,8%)<\/td>\n<\/tr>\n<tr>\n<td>Mananoligossacar\u00eddeo (m\u00edn.)<\/td>\n<td class=\"text-right\">11 mg\/kg (0,0011%)<\/td>\n<\/tr>\n<tr>\n<td>Pectinase (m\u00edn.)<\/td>\n<td class=\"text-right\">4.300 u\/kg<\/td>\n<\/tr>\n<tr>\n<td>Protease (m\u00edn.)<\/td>\n<td class=\"text-right\">750 u\/kg<\/td>\n<\/tr>\n<tr>\n<td>Fitase (m\u00edn.)<\/td>\n<td class=\"text-right\">300 u\/kg<\/td>\n<\/tr>\n<tr>\n<td>Betaglucanase (m\u00edn.)<\/td>\n<td class=\"text-right\">200 u\/kg<\/td>\n<\/tr>\n<tr>\n<td>Xilase (m\u00edn.)<\/td>\n<td class=\"text-right\">100 u\/kg<\/td>\n<\/tr>\n<tr>\n<td>Celulase (m\u00edn.)<\/td>\n<td class=\"text-right\">43 u\/kg<\/td>\n<\/tr>\n<tr>\n<td>Amilase (m\u00edn.)<\/td>\n<td class=\"text-right\">32 u\/kg<\/td>\n<\/tr>\n<tr>\n<td><em>Saccharomyces cerevisiae<\/em>\u00a0(m\u00edn.)<\/td>\n<td class=\"text-right\">2 x 10<sup>8<\/sup>\u00a0UFC\/kg<\/td>\n<\/tr>\n<tr>\n<td><em>Enterococcus faecium<\/em>\u00a0(m\u00edn.)<\/td>\n<td class=\"text-right\">1 x 10<sup>7<\/sup>\u00a0UFC\/kg<\/td>\n<\/tr>\n<tr>\n<td><em>Lactobacillus acidophilus<\/em>\u00a0(m\u00edn.)<\/td>\n<td class=\"text-right\">1 x 10<sup>7<\/sup>\u00a0UFC\/kg<\/td>\n<\/tr>\n<tr>\n<td>Energia metaboliz\u00e1vel<\/td>\n<td class=\"text-right\">4.000 kcal \/ kg<\/td>\n<\/tr>\n<\/tbody>\n<\/table>\n<\/article>","protected":false},"excerpt":{"rendered":"<p>Alcon Club Health Carn\u00edvoros Alimento completoDieta equilibradaCuidados especiais Alcon Club Health Carn\u00edvoros \u00e9 um alimento completo Super Premium, cientificamente elaborado para suprir as necessidades nutricionais e energ\u00e9ticas de animais carn\u00edvoros com estado nutricional desajustado ou que apresentam necessidade de cuidados especiais por dificuldades de mastiga\u00e7\u00e3o ou degluti\u00e7\u00e3o de alimento s\u00f3lido. \u00c9 indicado para animais como [&hellip;]<\/p>\n","protected":false},"featured_media":1410783627,"comment_status":"open","ping_status":"closed","template":"","meta":{"googlesitekit_rrm_CAow0N7NCw:productID":"","content-type":"","pmpro_default_level":"","_themeisle_gutenberg_block_has_review":false},"product_brand":[332],"product_cat":[57,442,411],"product_tag":[],"class_list":{"0":"post-1410783629","1":"product","2":"type-product","3":"status-publish","4":"has-post-thumbnail","6":"product_brand-alcon","7":"product_cat-alimentos","8":"product_cat-repteis","9":"product_cat-roedores","10":"aux-has-gallery","11":"pmpro-has-access","13":"first","14":"instock","15":"taxable","16":"shipping-taxable","17":"purchasable","18":"product-type-simple"},"_links":{"self":[{"href":"https:\/\/dinhosreef.com\/en\/wp-json\/wp\/v2\/product\/1410783629","targetHints":{"allow":["GET"]}}],"collection":[{"href":"https:\/\/dinhosreef.com\/en\/wp-json\/wp\/v2\/product"}],"about":[{"href":"https:\/\/dinhosreef.com\/en\/wp-json\/wp\/v2\/types\/product"}],"replies":[{"embeddable":true,"href":"https:\/\/dinhosreef.com\/en\/wp-json\/wp\/v2\/comments?post=1410783629"}],"wp:featuredmedia":[{"embeddable":true,"href":"https:\/\/dinhosreef.com\/en\/wp-json\/wp\/v2\/media\/1410783627"}],"wp:attachment":[{"href":"https:\/\/dinhosreef.com\/en\/wp-json\/wp\/v2\/media?parent=1410783629"}],"wp:term":[{"taxonomy":"product_brand","embeddable":true,"href":"https:\/\/dinhosreef.com\/en\/wp-json\/wp\/v2\/product_brand?post=1410783629"},{"taxonomy":"product_cat","embeddable":true,"href":"https:\/\/dinhosreef.com\/en\/wp-json\/wp\/v2\/product_cat?post=1410783629"},{"taxonomy":"product_tag","embeddable":true,"href":"https:\/\/dinhosreef.com\/en\/wp-json\/wp\/v2\/product_tag?post=1410783629"}],"curies":[{"name":"wp","href":"https:\/\/api.w.org\/{rel}","templated":true}]}}