{"id":1410783640,"date":"2025-04-27T14:01:41","date_gmt":"2025-04-27T17:01:41","guid":{"rendered":"https:\/\/dinhosreef.com\/produto\/seachem-reef-zooplankton-250ml\/"},"modified":"2026-04-07T09:50:59","modified_gmt":"2026-04-07T12:50:59","slug":"seachem-reef-zooplankton-250ml","status":"publish","type":"product","link":"https:\/\/dinhosreef.com\/en\/product\/seachem-reef-zooplankton-250ml\/","title":{"rendered":"Seachem Reef Zooplankton 250ml"},"content":{"rendered":"<p>SEACHEM REEF ZOOPLANKTON 250ML MISTURA CONCENTRADA DE ZOOPL\u00c2NCTON MARINHO PARA CRESCIMENTO DE CORAIS. Reef Zooplankton \u00e9 uma mistura concentrada de zoopl\u00e2ncton marinho projetado para fornecer os \u00e1cidos graxos essenciais, prote\u00ednas, vitaminas, amino\u00e1cidos, com caroten\u00f3ides biol\u00f3gicos para o crescimento de corais. A faixa de tamanho de part\u00edcula \u00e9 de 12,5 a 500 para alimentar uma ampla gama de habitantes de aqu\u00e1rios marinhos. Reef Zooplankton cont\u00e9m uma fonte natural de caroten\u00f3ides que fornece prote\u00ednas essenciais, bem como uma fonte de pigmenta\u00e7\u00e3o mais biodispon\u00edvel quando comparado a outras fontes naturais e pigmentos sint\u00e9ticos. Os caroten\u00f3ides fornecem o benef\u00edcio extra da atividade antioxidante. Al\u00e9m disso, o Reef Zooplankton \u00e9 aprimorado para aumentar a biodisponibilidade de nutrientes importantes, como prote\u00ednas, lip\u00eddios, vitaminas do complexo B e outros pigmentos org\u00e2nicos; assim, os corais gastam menos energia para obter o benef\u00edcio nutricional. \u00c9 misturado para conter propor\u00e7\u00e3o adequada de \u00e1cidos graxos, carboidratos e prote\u00ednas. Principais Caracter\u00edsticas: Mistura concentrada de zoopl\u00e2ncton marinho; O tamanho varia de 12,5 a 500; Melhorado para aumentar a biodisponibilidade de nutrientes importantes.<\/p>","protected":false},"excerpt":{"rendered":"<p>SEACHEM REEF ZOOPLANKTON 250ML MISTURA CONCENTRADA DE ZOOPL\u00c2NCTON MARINHO PARA CRESCIMENTO DE CORAIS. Reef Zooplankton \u00e9 uma mistura concentrada de zoopl\u00e2ncton marinho projetado para fornecer os \u00e1cidos graxos essenciais, prote\u00ednas, vitaminas, amino\u00e1cidos, com caroten\u00f3ides biol\u00f3gicos para o crescimento de corais. A faixa de tamanho de part\u00edcula \u00e9 de 12,5 a 500 para alimentar uma ampla [&hellip;]<\/p>\n","protected":false},"featured_media":1410783639,"comment_status":"open","ping_status":"closed","template":"","meta":{"googlesitekit_rrm_CAow0N7NCw:productID":"","content-type":"","pmpro_default_level":"","_themeisle_gutenberg_block_has_review":false},"product_brand":[402],"product_cat":[31],"product_tag":[],"class_list":{"0":"post-1410783640","1":"product","2":"type-product","3":"status-publish","4":"has-post-thumbnail","6":"product_brand-seachem","7":"product_cat-materiais-filtrantes","8":"pmpro-has-access","10":"first","11":"instock","12":"taxable","13":"shipping-taxable","14":"purchasable","15":"product-type-simple"},"_links":{"self":[{"href":"https:\/\/dinhosreef.com\/en\/wp-json\/wp\/v2\/product\/1410783640","targetHints":{"allow":["GET"]}}],"collection":[{"href":"https:\/\/dinhosreef.com\/en\/wp-json\/wp\/v2\/product"}],"about":[{"href":"https:\/\/dinhosreef.com\/en\/wp-json\/wp\/v2\/types\/product"}],"replies":[{"embeddable":true,"href":"https:\/\/dinhosreef.com\/en\/wp-json\/wp\/v2\/comments?post=1410783640"}],"wp:featuredmedia":[{"embeddable":true,"href":"https:\/\/dinhosreef.com\/en\/wp-json\/wp\/v2\/media\/1410783639"}],"wp:attachment":[{"href":"https:\/\/dinhosreef.com\/en\/wp-json\/wp\/v2\/media?parent=1410783640"}],"wp:term":[{"taxonomy":"product_brand","embeddable":true,"href":"https:\/\/dinhosreef.com\/en\/wp-json\/wp\/v2\/product_brand?post=1410783640"},{"taxonomy":"product_cat","embeddable":true,"href":"https:\/\/dinhosreef.com\/en\/wp-json\/wp\/v2\/product_cat?post=1410783640"},{"taxonomy":"product_tag","embeddable":true,"href":"https:\/\/dinhosreef.com\/en\/wp-json\/wp\/v2\/product_tag?post=1410783640"}],"curies":[{"name":"wp","href":"https:\/\/api.w.org\/{rel}","templated":true}]}}