{"id":1410783644,"date":"2025-04-28T14:06:17","date_gmt":"2025-04-28T17:06:17","guid":{"rendered":"https:\/\/dinhosreef.com\/produto\/premium-carbon-1l-sachet-ocean-tech\/"},"modified":"2025-12-18T21:51:46","modified_gmt":"2025-12-19T00:51:46","slug":"premium-carbon-1l-sachet-ocean-tech","status":"publish","type":"product","link":"https:\/\/dinhosreef.com\/en\/product\/premium-carbon-1l-sachet-ocean-tech\/","title":{"rendered":"PREMIUM CARBON 1L SACHET  &#8211;  OCEAN TECH"},"content":{"rendered":"<p>Premium Carbon \u00e9 um carv\u00e3o ativado produzido a partir de casca de coco e ativado atrav\u00e9s de vapor, sendo livre de fosfato, ideal para uso em aqu\u00e1rios de \u00e1gua doce ou marinho. O Premium Carbon tem uma baixa densidade e alt\u00edssima capacidade de absor\u00e7\u00e3o em compara\u00e7\u00e3o com o carv\u00e3o ativado tradicional, o n\u00famero de micro poros \u00e9 maior e a \u00e1rea de superf\u00edcie efetiva maior (1 g \u02dc 1100 m\u00b2) rendendo at\u00e9 6x mais. Reduz e elimina poluentes org\u00e2nicos, odores, res\u00edduos de medicamentos e colora\u00e7\u00e3o da \u00e1gua do aqu\u00e1rio.<\/p>\n<p>Instru\u00e7\u00f5es de uso:<br \/>Usar 200ml para cada 150 litros<br \/>Enxaguar em \u00e1gua limpa antes do uso<br \/>Sempre remova o carv\u00e3o ativado quando iniciar um tratamento medicamentoso, o carv\u00e3o deve ser usado ap\u00f3s o tratamento para remo\u00e7\u00e3o dos res\u00edduos do medicamento<br \/>Trocar o carv\u00e3o a cada 30 dias ou assim que estiver saturado.<\/p>","protected":false},"excerpt":{"rendered":"<p>Premium Carbon \u00e9 um carv\u00e3o ativado produzido a partir de casca de coco e ativado atrav\u00e9s de vapor, sendo livre de fosfato, ideal para uso em aqu\u00e1rios de \u00e1gua doce ou marinho. O Premium Carbon tem uma baixa densidade e alt\u00edssima capacidade de absor\u00e7\u00e3o em compara\u00e7\u00e3o com o carv\u00e3o ativado tradicional, o n\u00famero de micro [&hellip;]<\/p>\n","protected":false},"featured_media":1410783641,"comment_status":"open","ping_status":"closed","template":"","meta":{"googlesitekit_rrm_CAow0N7NCw:productID":"","content-type":"","pmpro_default_level":"","_themeisle_gutenberg_block_has_review":false},"product_brand":[],"product_cat":[47],"product_tag":[],"class_list":{"0":"post-1410783644","1":"product","2":"type-product","3":"status-publish","4":"has-post-thumbnail","6":"product_cat-condicionadores-de-agua","7":"aux-has-gallery","8":"pmpro-has-access","10":"first","11":"outofstock","12":"taxable","13":"shipping-taxable","14":"purchasable","15":"product-type-simple"},"_links":{"self":[{"href":"https:\/\/dinhosreef.com\/en\/wp-json\/wp\/v2\/product\/1410783644","targetHints":{"allow":["GET"]}}],"collection":[{"href":"https:\/\/dinhosreef.com\/en\/wp-json\/wp\/v2\/product"}],"about":[{"href":"https:\/\/dinhosreef.com\/en\/wp-json\/wp\/v2\/types\/product"}],"replies":[{"embeddable":true,"href":"https:\/\/dinhosreef.com\/en\/wp-json\/wp\/v2\/comments?post=1410783644"}],"wp:featuredmedia":[{"embeddable":true,"href":"https:\/\/dinhosreef.com\/en\/wp-json\/wp\/v2\/media\/1410783641"}],"wp:attachment":[{"href":"https:\/\/dinhosreef.com\/en\/wp-json\/wp\/v2\/media?parent=1410783644"}],"wp:term":[{"taxonomy":"product_brand","embeddable":true,"href":"https:\/\/dinhosreef.com\/en\/wp-json\/wp\/v2\/product_brand?post=1410783644"},{"taxonomy":"product_cat","embeddable":true,"href":"https:\/\/dinhosreef.com\/en\/wp-json\/wp\/v2\/product_cat?post=1410783644"},{"taxonomy":"product_tag","embeddable":true,"href":"https:\/\/dinhosreef.com\/en\/wp-json\/wp\/v2\/product_tag?post=1410783644"}],"curies":[{"name":"wp","href":"https:\/\/api.w.org\/{rel}","templated":true}]}}