{"id":1410783647,"date":"2025-04-29T11:47:53","date_gmt":"2025-04-29T14:47:53","guid":{"rendered":"https:\/\/dinhosreef.com\/produto\/vt-marine-grazer-mini-120g\/"},"modified":"2025-07-17T22:24:19","modified_gmt":"2025-07-18T01:24:19","slug":"vt-marine-grazer-mini-120g","status":"publish","type":"product","link":"https:\/\/dinhosreef.com\/en\/product\/vt-marine-grazer-mini-120g\/","title":{"rendered":"VT MARINE GRAZER MINI 120G"},"content":{"rendered":"<p>RA\u00c7\u00c3O VITALIS MARINE GRAZER AQUATIC NUTRITION<\/p>\n<p>A ra\u00e7\u00e3o Marine Grazers \u00e9 um alimento balanceado palat\u00e1vel e altamente diger\u00edvel, completo para peixes ornamentais. Incentiva o comportamento de pastejo natural com an\u00e9is Mini Grazer exclusivos que podem ser fixados na lateral do aqu\u00e1rio usando fixa\u00e7\u00f5es de suc\u00e7\u00e3o (inclu\u00eddas na embalagem), permitindo observar a alimenta\u00e7\u00e3o dos peixes de maneira similar ao seu habitat natural. Atende todos os requisitos nutricionais das esp\u00e9cies marinhas de pastoreio e \u00e9 projetada para manter a estabilidade da \u00e1gua, reduzindo o desperd\u00edcio e permitindo que os peixes se alimentem conforme sua necessidade.<\/p>\n<p>Os Mini Grazers s\u00e3o altamente est\u00e1veis na \u00e1gua, possibilitando que os peixes pastem ao longo do dia e promovendo uma experi\u00eancia de alimenta\u00e7\u00e3o natural.<\/p>","protected":false},"excerpt":{"rendered":"<p>RA\u00c7\u00c3O VITALIS MARINE GRAZER AQUATIC NUTRITION A ra\u00e7\u00e3o Marine Grazers \u00e9 um alimento balanceado palat\u00e1vel e altamente diger\u00edvel, completo para peixes ornamentais. Incentiva o comportamento de pastejo natural com an\u00e9is Mini Grazer exclusivos que podem ser fixados na lateral do aqu\u00e1rio usando fixa\u00e7\u00f5es de suc\u00e7\u00e3o (inclu\u00eddas na embalagem), permitindo observar a alimenta\u00e7\u00e3o dos peixes de [&hellip;]<\/p>\n","protected":false},"featured_media":1410783645,"comment_status":"open","ping_status":"closed","template":"","meta":{"googlesitekit_rrm_CAow0N7NCw:productID":"","content-type":"","pmpro_default_level":"","_themeisle_gutenberg_block_has_review":false},"product_brand":[],"product_cat":[57],"product_tag":[],"class_list":{"0":"post-1410783647","1":"product","2":"type-product","3":"status-publish","4":"has-post-thumbnail","6":"product_cat-alimentos","7":"aux-has-gallery","8":"pmpro-has-access","10":"first","11":"instock","12":"taxable","13":"shipping-taxable","14":"purchasable","15":"product-type-simple"},"_links":{"self":[{"href":"https:\/\/dinhosreef.com\/en\/wp-json\/wp\/v2\/product\/1410783647","targetHints":{"allow":["GET"]}}],"collection":[{"href":"https:\/\/dinhosreef.com\/en\/wp-json\/wp\/v2\/product"}],"about":[{"href":"https:\/\/dinhosreef.com\/en\/wp-json\/wp\/v2\/types\/product"}],"replies":[{"embeddable":true,"href":"https:\/\/dinhosreef.com\/en\/wp-json\/wp\/v2\/comments?post=1410783647"}],"wp:featuredmedia":[{"embeddable":true,"href":"https:\/\/dinhosreef.com\/en\/wp-json\/wp\/v2\/media\/1410783645"}],"wp:attachment":[{"href":"https:\/\/dinhosreef.com\/en\/wp-json\/wp\/v2\/media?parent=1410783647"}],"wp:term":[{"taxonomy":"product_brand","embeddable":true,"href":"https:\/\/dinhosreef.com\/en\/wp-json\/wp\/v2\/product_brand?post=1410783647"},{"taxonomy":"product_cat","embeddable":true,"href":"https:\/\/dinhosreef.com\/en\/wp-json\/wp\/v2\/product_cat?post=1410783647"},{"taxonomy":"product_tag","embeddable":true,"href":"https:\/\/dinhosreef.com\/en\/wp-json\/wp\/v2\/product_tag?post=1410783647"}],"curies":[{"name":"wp","href":"https:\/\/api.w.org\/{rel}","templated":true}]}}