{"id":1410783652,"date":"2025-04-29T11:48:28","date_gmt":"2025-04-29T14:48:28","guid":{"rendered":"https:\/\/dinhosreef.com\/produto\/vt-marine-pellets-70g-1mm-xs-peletes\/"},"modified":"2026-04-09T22:52:37","modified_gmt":"2026-04-10T01:52:37","slug":"vt-marine-pellets-70g-1mm-xs-peletes","status":"publish","type":"product","link":"https:\/\/dinhosreef.com\/en\/product\/vt-marine-pellets-70g-1mm-xs-peletes\/","title":{"rendered":"VT MARINE PELLETS 70G &#8211; 1MM (XS) &#8211; PELETES"},"content":{"rendered":"<p>Vitalis Marine Pellets 70g &#8211; 1mm &#8211; Ra\u00e7\u00e3o Peixes<\/p>\n<p>\u00a0<\/p>\n<p>MARINE PELLETS<\/p>\n<p>\u00a0<\/p>\n<p>Os Marine Pellets proporcionam uma ra\u00e7\u00e3o balanceada, saborosa e altamente diger\u00edvel. Representam uma ra\u00e7\u00e3o completa para peixes.<\/p>\n<p>\u00a0<\/p>\n<p>Os Marine Pellets cont\u00eam uma formula\u00e7\u00e3o \u00fanica de prote\u00ednas marinhas, incluindo farinha de peixe integral e uma mistura personalizada de moluscos e crust\u00e1ceos. Podem ser utilizados em rota\u00e7\u00e3o com a nossa linha Platinum Marine para manter a sa\u00fade e a condi\u00e7\u00e3o \u00f3timas dos seus peixes.<\/p>\n<p>\u00a0<\/p>\n<p>Cada uma das nossas dietas de pellets \u00e9 suave para facilitar a digest\u00e3o e projetada para afundar lentamente na \u00e1gua. Isso \u00e9 para incentivar uma experi\u00eancia de alimenta\u00e7\u00e3o natural para os peixes.<\/p>\n<p>\u00a0<\/p>\n<p>Formulado para todos os peixes marinhos tropicais, incluindo:<\/p>\n<p>\u00a0<\/p>\n<p>Clownfish, Angelfish, Butterflyfish, Gobies, Damselfish, Wrasse, Parrotfish, Hawkfish e Pufferfish.<\/p>\n<p>\u00a0<\/p>\n<p>Imagens ilustrativas.<\/p>","protected":false},"excerpt":{"rendered":"<p>Vitalis Marine Pellets 70g &#8211; 1mm &#8211; Ra\u00e7\u00e3o Peixes \u00a0 MARINE PELLETS \u00a0 Os Marine Pellets proporcionam uma ra\u00e7\u00e3o balanceada, saborosa e altamente diger\u00edvel. Representam uma ra\u00e7\u00e3o completa para peixes. \u00a0 Os Marine Pellets cont\u00eam uma formula\u00e7\u00e3o \u00fanica de prote\u00ednas marinhas, incluindo farinha de peixe integral e uma mistura personalizada de moluscos e crust\u00e1ceos. Podem [&hellip;]<\/p>\n","protected":false},"featured_media":1410783648,"comment_status":"open","ping_status":"closed","template":"","meta":{"googlesitekit_rrm_CAow0N7NCw:productID":"","content-type":"","pmpro_default_level":"","_themeisle_gutenberg_block_has_review":false},"product_brand":[],"product_cat":[57],"product_tag":[],"class_list":{"0":"post-1410783652","1":"product","2":"type-product","3":"status-publish","4":"has-post-thumbnail","6":"product_cat-alimentos","7":"aux-has-gallery","8":"pmpro-has-access","10":"first","11":"outofstock","12":"taxable","13":"shipping-taxable","14":"purchasable","15":"product-type-simple"},"_links":{"self":[{"href":"https:\/\/dinhosreef.com\/en\/wp-json\/wp\/v2\/product\/1410783652","targetHints":{"allow":["GET"]}}],"collection":[{"href":"https:\/\/dinhosreef.com\/en\/wp-json\/wp\/v2\/product"}],"about":[{"href":"https:\/\/dinhosreef.com\/en\/wp-json\/wp\/v2\/types\/product"}],"replies":[{"embeddable":true,"href":"https:\/\/dinhosreef.com\/en\/wp-json\/wp\/v2\/comments?post=1410783652"}],"wp:featuredmedia":[{"embeddable":true,"href":"https:\/\/dinhosreef.com\/en\/wp-json\/wp\/v2\/media\/1410783648"}],"wp:attachment":[{"href":"https:\/\/dinhosreef.com\/en\/wp-json\/wp\/v2\/media?parent=1410783652"}],"wp:term":[{"taxonomy":"product_brand","embeddable":true,"href":"https:\/\/dinhosreef.com\/en\/wp-json\/wp\/v2\/product_brand?post=1410783652"},{"taxonomy":"product_cat","embeddable":true,"href":"https:\/\/dinhosreef.com\/en\/wp-json\/wp\/v2\/product_cat?post=1410783652"},{"taxonomy":"product_tag","embeddable":true,"href":"https:\/\/dinhosreef.com\/en\/wp-json\/wp\/v2\/product_tag?post=1410783652"}],"curies":[{"name":"wp","href":"https:\/\/api.w.org\/{rel}","templated":true}]}}