{"id":1410783693,"date":"2025-04-29T11:51:46","date_gmt":"2025-04-29T14:51:46","guid":{"rendered":"https:\/\/dinhosreef.com\/produto\/vt-algae-marine-pellets-140g-1mm-xs-peletes\/"},"modified":"2025-04-29T11:51:46","modified_gmt":"2025-04-29T14:51:46","slug":"vt-algae-marine-pellets-140g-1mm-xs-peletes","status":"publish","type":"product","link":"https:\/\/dinhosreef.com\/en\/product\/vt-algae-marine-pellets-140g-1mm-xs-peletes\/","title":{"rendered":"VT ALGAE MARINE PELLETS 140G &#8211; 1MM (XS) &#8211; PELETES"},"content":{"rendered":"<p>VT ALGAE MARINE PELLETS 140G &#8211; 1MM (XS) &#8211; PELETES<\/p>\n<p>\u00a0<\/p>\n<p>PEL\u00cdCULAS DE ALGAS<\/p>\n<p>Nossos pellets de algas fornecem um alimento balanceado palat\u00e1vel e altamente diger\u00edvel. Eles s\u00e3o um alimento completo para animais de estima\u00e7\u00e3o para peixes.<\/p>\n<p>\u00a0<\/p>\n<p>\u00a0<\/p>\n<p>\u00a0<\/p>\n<p>Formulado para esp\u00e9cies marinhas herb\u00edvoras, nossos Pellets de Alga incluem uma mistura exclusiva de algas marinhas ricas em nutrientes. Eles podem ser usados \u200b\u200bem rota\u00e7\u00e3o com nossa linha Platinum Marine para manter a sa\u00fade e a condi\u00e7\u00e3o de pico em seus peixes.<\/p>\n<p>\u00a0<\/p>\n<p>\u200b<\/p>\n<p>\u00a0<\/p>\n<p>Cada uma de nossas dietas de pellets \u00e9 macia para facilitar a digest\u00e3o e projetada para afundar lentamente na \u00e1gua. Isto \u00e9 para encorajar uma experi\u00eancia de alimenta\u00e7\u00e3o natural para os peixes.<\/p>\n<p>\u00a0<\/p>\n<p>\u00a0<\/p>\n<p>Tamanho da pelota: 1mm\u00d8<\/p>\n<p>Tamanhos de pote: 70g, 140g, 260g, 1,8kg<\/p>\n<p>Formulado para todos os peixes marinhos tropicais herb\u00edvoros, incluindo:<\/p>\n<p>\u00a0<\/p>\n<p>Peixe-palha\u00e7o, Peixe-coelho, Peixe-anjo, Peixe-borboleta, Peixe-cirurgi\u00e3o, Damselfish\u00a0 e Wrasse.<\/p>","protected":false},"excerpt":{"rendered":"<p>VT ALGAE MARINE PELLETS 140G &#8211; 1MM (XS) &#8211; PELETES \u00a0 PEL\u00cdCULAS DE ALGAS Nossos pellets de algas fornecem um alimento balanceado palat\u00e1vel e altamente diger\u00edvel. Eles s\u00e3o um alimento completo para animais de estima\u00e7\u00e3o para peixes. \u00a0 \u00a0 \u00a0 Formulado para esp\u00e9cies marinhas herb\u00edvoras, nossos Pellets de Alga incluem uma mistura exclusiva de algas [&hellip;]<\/p>\n","protected":false},"featured_media":1410783687,"comment_status":"open","ping_status":"closed","template":"","meta":{"googlesitekit_rrm_CAow0N7NCw:productID":"","content-type":"","pmpro_default_level":"","_themeisle_gutenberg_block_has_review":false},"product_brand":[],"product_cat":[57],"product_tag":[],"class_list":{"0":"post-1410783693","1":"product","2":"type-product","3":"status-publish","4":"has-post-thumbnail","6":"product_cat-alimentos","7":"aux-has-gallery","8":"pmpro-has-access","10":"first","11":"outofstock","12":"taxable","13":"shipping-taxable","14":"purchasable","15":"product-type-simple"},"_links":{"self":[{"href":"https:\/\/dinhosreef.com\/en\/wp-json\/wp\/v2\/product\/1410783693","targetHints":{"allow":["GET"]}}],"collection":[{"href":"https:\/\/dinhosreef.com\/en\/wp-json\/wp\/v2\/product"}],"about":[{"href":"https:\/\/dinhosreef.com\/en\/wp-json\/wp\/v2\/types\/product"}],"replies":[{"embeddable":true,"href":"https:\/\/dinhosreef.com\/en\/wp-json\/wp\/v2\/comments?post=1410783693"}],"wp:featuredmedia":[{"embeddable":true,"href":"https:\/\/dinhosreef.com\/en\/wp-json\/wp\/v2\/media\/1410783687"}],"wp:attachment":[{"href":"https:\/\/dinhosreef.com\/en\/wp-json\/wp\/v2\/media?parent=1410783693"}],"wp:term":[{"taxonomy":"product_brand","embeddable":true,"href":"https:\/\/dinhosreef.com\/en\/wp-json\/wp\/v2\/product_brand?post=1410783693"},{"taxonomy":"product_cat","embeddable":true,"href":"https:\/\/dinhosreef.com\/en\/wp-json\/wp\/v2\/product_cat?post=1410783693"},{"taxonomy":"product_tag","embeddable":true,"href":"https:\/\/dinhosreef.com\/en\/wp-json\/wp\/v2\/product_tag?post=1410783693"}],"curies":[{"name":"wp","href":"https:\/\/api.w.org\/{rel}","templated":true}]}}