{"id":1410783702,"date":"2025-04-29T12:03:16","date_gmt":"2025-04-29T15:03:16","guid":{"rendered":"https:\/\/dinhosreef.com\/produto\/af-test-pro-phosphate-po4\/"},"modified":"2025-05-02T12:01:28","modified_gmt":"2025-05-02T15:01:28","slug":"af-test-pro-phosphate-po4","status":"publish","type":"product","link":"https:\/\/dinhosreef.com\/en\/product\/af-test-pro-phosphate-po4\/","title":{"rendered":"AF TEST PRO &#8211; PHOSPHATE (PO4)"},"content":{"rendered":"<p>O AF Phosphate TestPro \u00e9 um teste desenhado para medir rapidamente a concentra\u00e7\u00e3o de \u00edons de fosfato em aqu\u00e1rios marinhos. Os fosfatos s\u00e3o uma das causas de crescimento de algas indesej\u00e1veis, por isso \u00e9 muito importante testar constantemente as suas concentra\u00e7\u00f5es nos aqu\u00e1rios marinhos. Al\u00e9m disso, altas concentra\u00e7\u00f5es de fosfatos s\u00e3o prejudiciais aos corais. O n\u00edvel dos fosfatos no aqu\u00e1rio marinho n\u00e3o deve exceder 0,02 mg\/l (ppm). Este teste contem reagentes suficientes para realizar 40 medi\u00e7\u00f5es da concentra\u00e7\u00e3o de fosfato.<\/p>\n<p>Composi\u00e7\u00e3o do Kit:<\/p>\n<p>Frasco com o reagente A\u2013PO4<br \/>Recipiente com o reagente B\u2013PO4<br \/>1 frasco de testes com tampa roscada<br \/>Seringa 5 ml<br \/>Seringa 1 ml<br \/>Colher de medi\u00e7\u00e3o<br \/>Instru\u00e7\u00f5es<br \/>Escala de cores<\/p>","protected":false},"excerpt":{"rendered":"<p>O AF Phosphate TestPro \u00e9 um teste desenhado para medir rapidamente a concentra\u00e7\u00e3o de \u00edons de fosfato em aqu\u00e1rios marinhos. Os fosfatos s\u00e3o uma das causas de crescimento de algas indesej\u00e1veis, por isso \u00e9 muito importante testar constantemente as suas concentra\u00e7\u00f5es nos aqu\u00e1rios marinhos. Al\u00e9m disso, altas concentra\u00e7\u00f5es de fosfatos s\u00e3o prejudiciais aos corais. O [&hellip;]<\/p>\n","protected":false},"featured_media":1410783701,"comment_status":"open","ping_status":"closed","template":"","meta":{"googlesitekit_rrm_CAow0N7NCw:productID":"","content-type":"","pmpro_default_level":"","_themeisle_gutenberg_block_has_review":false},"product_brand":[],"product_cat":[47],"product_tag":[],"class_list":{"0":"post-1410783702","1":"product","2":"type-product","3":"status-publish","4":"has-post-thumbnail","6":"product_cat-condicionadores-de-agua","7":"pmpro-has-access","9":"first","10":"instock","11":"taxable","12":"shipping-taxable","13":"purchasable","14":"product-type-simple"},"_links":{"self":[{"href":"https:\/\/dinhosreef.com\/en\/wp-json\/wp\/v2\/product\/1410783702","targetHints":{"allow":["GET"]}}],"collection":[{"href":"https:\/\/dinhosreef.com\/en\/wp-json\/wp\/v2\/product"}],"about":[{"href":"https:\/\/dinhosreef.com\/en\/wp-json\/wp\/v2\/types\/product"}],"replies":[{"embeddable":true,"href":"https:\/\/dinhosreef.com\/en\/wp-json\/wp\/v2\/comments?post=1410783702"}],"wp:featuredmedia":[{"embeddable":true,"href":"https:\/\/dinhosreef.com\/en\/wp-json\/wp\/v2\/media\/1410783701"}],"wp:attachment":[{"href":"https:\/\/dinhosreef.com\/en\/wp-json\/wp\/v2\/media?parent=1410783702"}],"wp:term":[{"taxonomy":"product_brand","embeddable":true,"href":"https:\/\/dinhosreef.com\/en\/wp-json\/wp\/v2\/product_brand?post=1410783702"},{"taxonomy":"product_cat","embeddable":true,"href":"https:\/\/dinhosreef.com\/en\/wp-json\/wp\/v2\/product_cat?post=1410783702"},{"taxonomy":"product_tag","embeddable":true,"href":"https:\/\/dinhosreef.com\/en\/wp-json\/wp\/v2\/product_tag?post=1410783702"}],"curies":[{"name":"wp","href":"https:\/\/api.w.org\/{rel}","templated":true}]}}