{"id":1410783704,"date":"2025-04-29T12:03:33","date_gmt":"2025-04-29T15:03:33","guid":{"rendered":"https:\/\/dinhosreef.com\/produto\/af-test-pro-magnesium-mg\/"},"modified":"2025-04-29T12:03:33","modified_gmt":"2025-04-29T15:03:33","slug":"af-test-pro-magnesium-mg","status":"publish","type":"product","link":"https:\/\/dinhosreef.com\/en\/product\/af-test-pro-magnesium-mg\/","title":{"rendered":"AF TEST PRO &#8211; MAGNESIUM (MG)"},"content":{"rendered":"<p>Aquaforest TestPro Magnesium \u00e9 projetado para medir a concentra\u00e7\u00e3o de magn\u00e9sio (Mg) em \u00e1gua salgada de forma r\u00e1pida. O magn\u00e9sio \u00e9 essencial em diversos processos biol\u00f3gicos, incluindo a forma\u00e7\u00e3o do esqueleto de carbonato de c\u00e1lcio dos corais duros. Suas propriedades qu\u00edmicas influenciam na capacidade de tamponamento da \u00e1gua do mar e ajudam a evitar a precipita\u00e7\u00e3o excessiva de carbonato de c\u00e1lcio nos equipamentos do aqu\u00e1rio. Manter o n\u00edvel correto de magn\u00e9sio \u00e9 fundamental para o equil\u00edbrio de c\u00e1lcio e alcalinidade em aqu\u00e1rios de recife. A concentra\u00e7\u00e3o de magn\u00e9sio em \u00e1guas naturais varia entre 1260-1460 mg\/l (ppm). Este kit permite realizar aproximadamente 55-60 testes dentro do intervalo de valores recomendado.<\/p>\n<p>Componentes do conjunto:<\/p>\n<p>&#8211; Garrafa com reagente A Mg 2 x 10 ml<br \/>&#8211; Garrafa com reagente B Mg 10 ml<br \/>&#8211; Garrafa com reagente C Mg<br \/>&#8211; Garrafa com reagente D Mg 50 ml<br \/>&#8211; Frasco<br \/>&#8211; Seringa 3 ml<br \/>&#8211; Seringa 1ml<br \/>&#8211; Ponta de seringa<br \/>&#8211; Colher de dosagem<br \/>&#8211; Solu\u00e7\u00e3o de refer\u00eancia 15 ml<\/p>","protected":false},"excerpt":{"rendered":"<p>Aquaforest TestPro Magnesium \u00e9 projetado para medir a concentra\u00e7\u00e3o de magn\u00e9sio (Mg) em \u00e1gua salgada de forma r\u00e1pida. O magn\u00e9sio \u00e9 essencial em diversos processos biol\u00f3gicos, incluindo a forma\u00e7\u00e3o do esqueleto de carbonato de c\u00e1lcio dos corais duros. Suas propriedades qu\u00edmicas influenciam na capacidade de tamponamento da \u00e1gua do mar e ajudam a evitar a [&hellip;]<\/p>\n","protected":false},"featured_media":1410783703,"comment_status":"open","ping_status":"closed","template":"","meta":{"googlesitekit_rrm_CAow0N7NCw:productID":"","content-type":"","pmpro_default_level":"","_themeisle_gutenberg_block_has_review":false},"product_brand":[],"product_cat":[47],"product_tag":[],"class_list":{"0":"post-1410783704","1":"product","2":"type-product","3":"status-publish","4":"has-post-thumbnail","6":"product_cat-condicionadores-de-agua","7":"pmpro-has-access","9":"first","10":"outofstock","11":"taxable","12":"shipping-taxable","13":"purchasable","14":"product-type-simple"},"_links":{"self":[{"href":"https:\/\/dinhosreef.com\/en\/wp-json\/wp\/v2\/product\/1410783704","targetHints":{"allow":["GET"]}}],"collection":[{"href":"https:\/\/dinhosreef.com\/en\/wp-json\/wp\/v2\/product"}],"about":[{"href":"https:\/\/dinhosreef.com\/en\/wp-json\/wp\/v2\/types\/product"}],"replies":[{"embeddable":true,"href":"https:\/\/dinhosreef.com\/en\/wp-json\/wp\/v2\/comments?post=1410783704"}],"wp:featuredmedia":[{"embeddable":true,"href":"https:\/\/dinhosreef.com\/en\/wp-json\/wp\/v2\/media\/1410783703"}],"wp:attachment":[{"href":"https:\/\/dinhosreef.com\/en\/wp-json\/wp\/v2\/media?parent=1410783704"}],"wp:term":[{"taxonomy":"product_brand","embeddable":true,"href":"https:\/\/dinhosreef.com\/en\/wp-json\/wp\/v2\/product_brand?post=1410783704"},{"taxonomy":"product_cat","embeddable":true,"href":"https:\/\/dinhosreef.com\/en\/wp-json\/wp\/v2\/product_cat?post=1410783704"},{"taxonomy":"product_tag","embeddable":true,"href":"https:\/\/dinhosreef.com\/en\/wp-json\/wp\/v2\/product_tag?post=1410783704"}],"curies":[{"name":"wp","href":"https:\/\/api.w.org\/{rel}","templated":true}]}}