{"id":1410783707,"date":"2025-04-29T12:03:54","date_gmt":"2025-04-29T15:03:54","guid":{"rendered":"https:\/\/dinhosreef.com\/produto\/af-test-pro-calcium-ca\/"},"modified":"2025-06-03T14:06:18","modified_gmt":"2025-06-03T17:06:18","slug":"af-test-pro-calcium-ca","status":"publish","type":"product","link":"https:\/\/dinhosreef.com\/en\/product\/af-test-pro-calcium-ca\/","title":{"rendered":"AF TEST PRO &#8211; CALCIUM (CA)"},"content":{"rendered":"<p>AQUAFOREST TEST PRO &#8211; CALCIUM (CA)<br \/>\u00a0<br \/>O Aquaforest TestPro Ca \u00e9 projetado para medir rapidamente o teor de c\u00e1lcio em aqu\u00e1rios marinhos, aqu\u00e1rios de \u00e1gua doce, lagoas ou reservat\u00f3rios de \u00e1gua. Para garantir o bom funcionamento do aqu\u00e1rio marinho, os n\u00edveis de c\u00e1lcio devem ser mantidos na faixa de 380-460 mg\/l (ppm). O conjunto cont\u00e9m reagentes suficientes para realizar 55-65 determina\u00e7\u00f5es dos n\u00edveis de c\u00e1lcio.<br \/>\u00a0<br \/>Conjunto:<br \/>Recipiente de reagente A-Ca<br \/>Frasco de 30 ml de reagente B-Ca<br \/>Reagente C-Ca frasco de 50 ml<br \/>Frasco de teste<br \/>Seringa \u2013 3ml<br \/>Seringa \u2013 1ml<br \/>Seringa \u2013 1 ml (com listras azuis)<br \/>Ponta da seringa<br \/>Colher de medida<br \/>Solu\u00e7\u00e3o de refer\u00eancia &#8211; 15 ml<br \/>Certificado de qualidade<br \/>Manual de instru\u00e7\u00f5es<br \/>\u00a0<br \/>Vale a pena saber: Manter em local fresco e seco, longe de fontes de calor e luz.<\/p>","protected":false},"excerpt":{"rendered":"<p>AQUAFOREST TEST PRO &#8211; CALCIUM (CA)\u00a0O Aquaforest TestPro Ca \u00e9 projetado para medir rapidamente o teor de c\u00e1lcio em aqu\u00e1rios marinhos, aqu\u00e1rios de \u00e1gua doce, lagoas ou reservat\u00f3rios de \u00e1gua. Para garantir o bom funcionamento do aqu\u00e1rio marinho, os n\u00edveis de c\u00e1lcio devem ser mantidos na faixa de 380-460 mg\/l (ppm). O conjunto cont\u00e9m reagentes [&hellip;]<\/p>\n","protected":false},"featured_media":1410783705,"comment_status":"open","ping_status":"closed","template":"","meta":{"googlesitekit_rrm_CAow0N7NCw:productID":"","content-type":"","pmpro_default_level":"","_themeisle_gutenberg_block_has_review":false},"product_brand":[],"product_cat":[47],"product_tag":[],"class_list":{"0":"post-1410783707","1":"product","2":"type-product","3":"status-publish","4":"has-post-thumbnail","6":"product_cat-condicionadores-de-agua","7":"aux-has-gallery","8":"pmpro-has-access","10":"first","11":"instock","12":"taxable","13":"shipping-taxable","14":"purchasable","15":"product-type-simple"},"_links":{"self":[{"href":"https:\/\/dinhosreef.com\/en\/wp-json\/wp\/v2\/product\/1410783707","targetHints":{"allow":["GET"]}}],"collection":[{"href":"https:\/\/dinhosreef.com\/en\/wp-json\/wp\/v2\/product"}],"about":[{"href":"https:\/\/dinhosreef.com\/en\/wp-json\/wp\/v2\/types\/product"}],"replies":[{"embeddable":true,"href":"https:\/\/dinhosreef.com\/en\/wp-json\/wp\/v2\/comments?post=1410783707"}],"wp:featuredmedia":[{"embeddable":true,"href":"https:\/\/dinhosreef.com\/en\/wp-json\/wp\/v2\/media\/1410783705"}],"wp:attachment":[{"href":"https:\/\/dinhosreef.com\/en\/wp-json\/wp\/v2\/media?parent=1410783707"}],"wp:term":[{"taxonomy":"product_brand","embeddable":true,"href":"https:\/\/dinhosreef.com\/en\/wp-json\/wp\/v2\/product_brand?post=1410783707"},{"taxonomy":"product_cat","embeddable":true,"href":"https:\/\/dinhosreef.com\/en\/wp-json\/wp\/v2\/product_cat?post=1410783707"},{"taxonomy":"product_tag","embeddable":true,"href":"https:\/\/dinhosreef.com\/en\/wp-json\/wp\/v2\/product_tag?post=1410783707"}],"curies":[{"name":"wp","href":"https:\/\/api.w.org\/{rel}","templated":true}]}}