{"id":1410783710,"date":"2025-04-29T12:04:17","date_gmt":"2025-04-29T15:04:17","guid":{"rendered":"https:\/\/dinhosreef.com\/produto\/af-test-pro-alkalinity-kh\/"},"modified":"2025-11-06T20:48:40","modified_gmt":"2025-11-06T23:48:40","slug":"af-test-pro-alkalinity-kh","status":"publish","type":"product","link":"https:\/\/dinhosreef.com\/en\/product\/af-test-pro-alkalinity-kh\/","title":{"rendered":"AF TEST PRO &#8211; ALKALINITY (KH)"},"content":{"rendered":"<p>Aquaforest TestPro Alkalinity \u00e9 desenhado para medir rapidamente a dureza de carbonato (dKH) e Alcalinidade (meq \/ L) da \u00e1gua salgada. Os n\u00edveis de alcalinidade devem ser analisados regularmente, juntamente com outros par\u00e2metros cr\u00edticos da \u00e1gua, como c\u00e1lcio e magn\u00e9sio. O N\u00edvel de dureza de Carbonato recomendado \u00e9 de: 6.5 8.0 dKH. O kit de teste cont\u00e9m reagentes suficientes para realizar aprox. 78-100 testes dentro do intervalo de valores recomendado.<\/p>\n<p>Componentes do conjunto:<\/p>\n<p>Garrafa com reagente A-KH 10 ml<br \/>Garrafa com reagente B- KH 50 ml<br \/>Frasco<br \/>Seringa 3 ml<br \/>Seringa 1 ml<br \/>Ponta de seringa<br \/>Instru\u00e7\u00f5es<br \/>Solu\u00e7\u00e3o de refer\u00eancia 15 ml<br \/>Certificado de qualidade<\/p>\n<p>VALL: 28\/02\/2027 UN<\/p>","protected":false},"excerpt":{"rendered":"<p>Aquaforest TestPro Alkalinity \u00e9 desenhado para medir rapidamente a dureza de carbonato (dKH) e Alcalinidade (meq \/ L) da \u00e1gua salgada. Os n\u00edveis de alcalinidade devem ser analisados regularmente, juntamente com outros par\u00e2metros cr\u00edticos da \u00e1gua, como c\u00e1lcio e magn\u00e9sio. O N\u00edvel de dureza de Carbonato recomendado \u00e9 de: 6.5 8.0 dKH. O kit de [&hellip;]<\/p>\n","protected":false},"featured_media":1410783708,"comment_status":"open","ping_status":"closed","template":"","meta":{"googlesitekit_rrm_CAow0N7NCw:productID":"","content-type":"","pmpro_default_level":"","_themeisle_gutenberg_block_has_review":false},"product_brand":[],"product_cat":[47],"product_tag":[],"class_list":{"0":"post-1410783710","1":"product","2":"type-product","3":"status-publish","4":"has-post-thumbnail","6":"product_cat-condicionadores-de-agua","7":"aux-has-gallery","8":"pmpro-has-access","10":"first","11":"outofstock","12":"taxable","13":"shipping-taxable","14":"purchasable","15":"product-type-simple"},"_links":{"self":[{"href":"https:\/\/dinhosreef.com\/en\/wp-json\/wp\/v2\/product\/1410783710","targetHints":{"allow":["GET"]}}],"collection":[{"href":"https:\/\/dinhosreef.com\/en\/wp-json\/wp\/v2\/product"}],"about":[{"href":"https:\/\/dinhosreef.com\/en\/wp-json\/wp\/v2\/types\/product"}],"replies":[{"embeddable":true,"href":"https:\/\/dinhosreef.com\/en\/wp-json\/wp\/v2\/comments?post=1410783710"}],"wp:featuredmedia":[{"embeddable":true,"href":"https:\/\/dinhosreef.com\/en\/wp-json\/wp\/v2\/media\/1410783708"}],"wp:attachment":[{"href":"https:\/\/dinhosreef.com\/en\/wp-json\/wp\/v2\/media?parent=1410783710"}],"wp:term":[{"taxonomy":"product_brand","embeddable":true,"href":"https:\/\/dinhosreef.com\/en\/wp-json\/wp\/v2\/product_brand?post=1410783710"},{"taxonomy":"product_cat","embeddable":true,"href":"https:\/\/dinhosreef.com\/en\/wp-json\/wp\/v2\/product_cat?post=1410783710"},{"taxonomy":"product_tag","embeddable":true,"href":"https:\/\/dinhosreef.com\/en\/wp-json\/wp\/v2\/product_tag?post=1410783710"}],"curies":[{"name":"wp","href":"https:\/\/api.w.org\/{rel}","templated":true}]}}