{"id":1410783715,"date":"2025-04-29T12:05:04","date_gmt":"2025-04-29T15:05:04","guid":{"rendered":"https:\/\/dinhosreef.com\/produto\/af-magnesium-4-0-kg-balde\/"},"modified":"2026-02-18T15:42:29","modified_gmt":"2026-02-18T18:42:29","slug":"af-magnesium-4-0-kg-balde","status":"publish","type":"product","link":"https:\/\/dinhosreef.com\/en\/product\/af-magnesium-4-0-kg-balde\/","title":{"rendered":"AF MAGNESIUM &#8211; 4.0 KG (BALDE)"},"content":{"rendered":"<p>Um agente para aumentar os n\u00edveis de magn\u00e9sio em aqu\u00e1rios de recife. O magn\u00e9sio \u00e9 essencial para o bom desenvolvimento dos corais. O n\u00edvel reduzido de magn\u00e9sio pode causar incapacidade de manter o n\u00edvel adequado de c\u00e1lcio e pH muito baixo. O n\u00edvel recomendado de magn\u00e9sio em aqu\u00e1rios de recife \u00e9 1180-1460 mg\/l (ppm).<\/p>\n<p>Dosagem: Dissolver 10 g em 1000 ml de \u00e1gua RODI. A dosagem deve ser determinada pelos resultados do teste de \u00e1gua e pelo consumo di\u00e1rio de corais. Antes de aplicar a solu\u00e7\u00e3o de magn\u00e9sio na \u00e1gua, \u00e9 recomend\u00e1vel executar um teste de \u00e1gua para verificar os par\u00e2metros atuais da \u00e1gua. 100 ml de solu\u00e7\u00e3o de magn\u00e9sio em 100 l de \u00e1gua aumenta o n\u00edvel de magn\u00e9sio em 1,2 mg\/l (ppm). N\u00e3o recomendamos aumentar o n\u00edvel de magn\u00e9sio em mais de 50 ppm diariamente. Para manter o equil\u00edbrio i\u00f4nico KH Buffer e Reef Mineral Salt tamb\u00e9m devem ser aplicados. Magn\u00e9sio e C\u00e1lcio ou Sal Mineral de Recife podem ser combinados em uma solu\u00e7\u00e3o. Cont\u00e9m MgCl2x6H2O.<\/p>\n<p>Vale a pena saber: Mantenha longe das crian\u00e7as. Produto apenas para uso em aqu\u00e1rios. N\u00e3o \u00e9 adequado para consumo humano.<\/p>","protected":false},"excerpt":{"rendered":"<p>Um agente para aumentar os n\u00edveis de magn\u00e9sio em aqu\u00e1rios de recife. O magn\u00e9sio \u00e9 essencial para o bom desenvolvimento dos corais. O n\u00edvel reduzido de magn\u00e9sio pode causar incapacidade de manter o n\u00edvel adequado de c\u00e1lcio e pH muito baixo. O n\u00edvel recomendado de magn\u00e9sio em aqu\u00e1rios de recife \u00e9 1180-1460 mg\/l (ppm). Dosagem: [&hellip;]<\/p>\n","protected":false},"featured_media":1410783713,"comment_status":"open","ping_status":"closed","template":"","meta":{"googlesitekit_rrm_CAow0N7NCw:productID":"","content-type":"","pmpro_default_level":"","_themeisle_gutenberg_block_has_review":false},"product_brand":[],"product_cat":[47],"product_tag":[],"class_list":{"0":"post-1410783715","1":"product","2":"type-product","3":"status-publish","4":"has-post-thumbnail","6":"product_cat-condicionadores-de-agua","7":"aux-has-gallery","8":"pmpro-has-access","10":"first","11":"outofstock","12":"taxable","13":"shipping-taxable","14":"purchasable","15":"product-type-simple"},"_links":{"self":[{"href":"https:\/\/dinhosreef.com\/en\/wp-json\/wp\/v2\/product\/1410783715","targetHints":{"allow":["GET"]}}],"collection":[{"href":"https:\/\/dinhosreef.com\/en\/wp-json\/wp\/v2\/product"}],"about":[{"href":"https:\/\/dinhosreef.com\/en\/wp-json\/wp\/v2\/types\/product"}],"replies":[{"embeddable":true,"href":"https:\/\/dinhosreef.com\/en\/wp-json\/wp\/v2\/comments?post=1410783715"}],"wp:featuredmedia":[{"embeddable":true,"href":"https:\/\/dinhosreef.com\/en\/wp-json\/wp\/v2\/media\/1410783713"}],"wp:attachment":[{"href":"https:\/\/dinhosreef.com\/en\/wp-json\/wp\/v2\/media?parent=1410783715"}],"wp:term":[{"taxonomy":"product_brand","embeddable":true,"href":"https:\/\/dinhosreef.com\/en\/wp-json\/wp\/v2\/product_brand?post=1410783715"},{"taxonomy":"product_cat","embeddable":true,"href":"https:\/\/dinhosreef.com\/en\/wp-json\/wp\/v2\/product_cat?post=1410783715"},{"taxonomy":"product_tag","embeddable":true,"href":"https:\/\/dinhosreef.com\/en\/wp-json\/wp\/v2\/product_tag?post=1410783715"}],"curies":[{"name":"wp","href":"https:\/\/api.w.org\/{rel}","templated":true}]}}