{"id":1410783718,"date":"2025-04-29T12:05:31","date_gmt":"2025-04-29T15:05:31","guid":{"rendered":"https:\/\/dinhosreef.com\/produto\/af-liquid-rotifer-200ml\/"},"modified":"2025-06-03T14:30:23","modified_gmt":"2025-06-03T17:30:23","slug":"af-liquid-rotifer-200ml","status":"publish","type":"product","link":"https:\/\/dinhosreef.com\/en\/product\/af-liquid-rotifer-200ml\/","title":{"rendered":"AF LIQUID ROTIFER &#8211; 200ML"},"content":{"rendered":"<p>Os AF Liquid Rotifers cont\u00eam os principais componentes do zoopl\u00e2ncton marinho, tornando-o perfeito, pr\u00f3ximo do alimento natural para corais, especialmente para SPS.<br \/>A sua f\u00f3rmula rica fornece todos os nutrientes necess\u00e1rios, incluindo Omega-3 e outros \u00e1cidos graxos insaturados.<br \/>Esta mistura extremamente valiosa foi enriquecida com ovas marinhas, que fornecem prote\u00ednas e vitaminas preciosas.<\/p>\n<p>Uso:<\/p>\n<p>Use pelo menos uma vez por semana.<br \/>Em aqu\u00e1rios maturados e bem populados, o produto pode ser usado com mais frequ\u00eancia, mesmo diariamente.<\/p>\n<p>Agitar antes de usar.<br \/>Guarde no frigor\u00edfico ap\u00f3s a abertura.<\/p>\n<p>Ingredientes:<br \/>Rot\u00edferos, ovas marinhas, pl\u00e2ncton vermelho, \u00e1gua, sal, antioxidante.<\/p>","protected":false},"excerpt":{"rendered":"<p>Os AF Liquid Rotifers cont\u00eam os principais componentes do zoopl\u00e2ncton marinho, tornando-o perfeito, pr\u00f3ximo do alimento natural para corais, especialmente para SPS.A sua f\u00f3rmula rica fornece todos os nutrientes necess\u00e1rios, incluindo Omega-3 e outros \u00e1cidos graxos insaturados.Esta mistura extremamente valiosa foi enriquecida com ovas marinhas, que fornecem prote\u00ednas e vitaminas preciosas. Uso: Use pelo menos [&hellip;]<\/p>\n","protected":false},"featured_media":1410783716,"comment_status":"open","ping_status":"closed","template":"","meta":{"googlesitekit_rrm_CAow0N7NCw:productID":"","content-type":"","pmpro_default_level":"","_themeisle_gutenberg_block_has_review":false},"product_brand":[],"product_cat":[47],"product_tag":[],"class_list":{"0":"post-1410783718","1":"product","2":"type-product","3":"status-publish","4":"has-post-thumbnail","6":"product_cat-condicionadores-de-agua","7":"aux-has-gallery","8":"pmpro-has-access","10":"first","11":"instock","12":"taxable","13":"shipping-taxable","14":"purchasable","15":"product-type-simple"},"_links":{"self":[{"href":"https:\/\/dinhosreef.com\/en\/wp-json\/wp\/v2\/product\/1410783718","targetHints":{"allow":["GET"]}}],"collection":[{"href":"https:\/\/dinhosreef.com\/en\/wp-json\/wp\/v2\/product"}],"about":[{"href":"https:\/\/dinhosreef.com\/en\/wp-json\/wp\/v2\/types\/product"}],"replies":[{"embeddable":true,"href":"https:\/\/dinhosreef.com\/en\/wp-json\/wp\/v2\/comments?post=1410783718"}],"wp:featuredmedia":[{"embeddable":true,"href":"https:\/\/dinhosreef.com\/en\/wp-json\/wp\/v2\/media\/1410783716"}],"wp:attachment":[{"href":"https:\/\/dinhosreef.com\/en\/wp-json\/wp\/v2\/media?parent=1410783718"}],"wp:term":[{"taxonomy":"product_brand","embeddable":true,"href":"https:\/\/dinhosreef.com\/en\/wp-json\/wp\/v2\/product_brand?post=1410783718"},{"taxonomy":"product_cat","embeddable":true,"href":"https:\/\/dinhosreef.com\/en\/wp-json\/wp\/v2\/product_cat?post=1410783718"},{"taxonomy":"product_tag","embeddable":true,"href":"https:\/\/dinhosreef.com\/en\/wp-json\/wp\/v2\/product_tag?post=1410783718"}],"curies":[{"name":"wp","href":"https:\/\/api.w.org\/{rel}","templated":true}]}}