{"id":1410783723,"date":"2025-04-29T12:06:17","date_gmt":"2025-04-29T15:06:17","guid":{"rendered":"https:\/\/dinhosreef.com\/produto\/af-pure-food-30-g\/"},"modified":"2025-04-29T12:06:17","modified_gmt":"2025-04-29T15:06:17","slug":"af-pure-food-30-g","status":"publish","type":"product","link":"https:\/\/dinhosreef.com\/en\/product\/af-pure-food-30-g\/","title":{"rendered":"AF PURE FOOD &#8211; 30 G"},"content":{"rendered":"<p>AF Pure Food:<\/p>\n<p>AF Pure Food \u00e9 uma comida 100% natural para os corais, que ajuda na calcifica\u00e7\u00e3o dos corais, e que assegura o correto desenvolvimento e crescimento dos corais e outros invertebrados. AF Pure Food \u00e9 derivado dos tecidos dos corais, e \u00e9 o que alimenta os corais na natureza. AF Pure Food ajuda tamb\u00e9m a estabilizar o PH em aqu\u00e1rios de \u00e1gua salgada.<\/p>\n<p>Instru\u00e7\u00f5es de uso: em um pequeno recipiente deve encher-se aproximadamente 20 ml de \u00e1gua do aqu\u00e1rio, e em seguida, adicione uma colher de ch\u00e1 com o alimento e mexa por um minuto.<\/p>","protected":false},"excerpt":{"rendered":"<p>AF Pure Food: AF Pure Food \u00e9 uma comida 100% natural para os corais, que ajuda na calcifica\u00e7\u00e3o dos corais, e que assegura o correto desenvolvimento e crescimento dos corais e outros invertebrados. AF Pure Food \u00e9 derivado dos tecidos dos corais, e \u00e9 o que alimenta os corais na natureza. AF Pure Food ajuda [&hellip;]<\/p>\n","protected":false},"featured_media":1410783719,"comment_status":"open","ping_status":"closed","template":"","meta":{"googlesitekit_rrm_CAow0N7NCw:productID":"","content-type":"","pmpro_default_level":"","_themeisle_gutenberg_block_has_review":false},"product_brand":[],"product_cat":[57],"product_tag":[],"class_list":{"0":"post-1410783723","1":"product","2":"type-product","3":"status-publish","4":"has-post-thumbnail","6":"product_cat-alimentos","7":"aux-has-gallery","8":"pmpro-has-access","10":"first","11":"outofstock","12":"taxable","13":"shipping-taxable","14":"purchasable","15":"product-type-simple"},"_links":{"self":[{"href":"https:\/\/dinhosreef.com\/en\/wp-json\/wp\/v2\/product\/1410783723","targetHints":{"allow":["GET"]}}],"collection":[{"href":"https:\/\/dinhosreef.com\/en\/wp-json\/wp\/v2\/product"}],"about":[{"href":"https:\/\/dinhosreef.com\/en\/wp-json\/wp\/v2\/types\/product"}],"replies":[{"embeddable":true,"href":"https:\/\/dinhosreef.com\/en\/wp-json\/wp\/v2\/comments?post=1410783723"}],"wp:featuredmedia":[{"embeddable":true,"href":"https:\/\/dinhosreef.com\/en\/wp-json\/wp\/v2\/media\/1410783719"}],"wp:attachment":[{"href":"https:\/\/dinhosreef.com\/en\/wp-json\/wp\/v2\/media?parent=1410783723"}],"wp:term":[{"taxonomy":"product_brand","embeddable":true,"href":"https:\/\/dinhosreef.com\/en\/wp-json\/wp\/v2\/product_brand?post=1410783723"},{"taxonomy":"product_cat","embeddable":true,"href":"https:\/\/dinhosreef.com\/en\/wp-json\/wp\/v2\/product_cat?post=1410783723"},{"taxonomy":"product_tag","embeddable":true,"href":"https:\/\/dinhosreef.com\/en\/wp-json\/wp\/v2\/product_tag?post=1410783723"}],"curies":[{"name":"wp","href":"https:\/\/api.w.org\/{rel}","templated":true}]}}