{"id":1410783727,"date":"2025-04-29T12:06:46","date_gmt":"2025-04-29T15:06:46","guid":{"rendered":"https:\/\/dinhosreef.com\/produto\/af-power-food-20-g\/"},"modified":"2025-12-09T17:28:20","modified_gmt":"2025-12-09T20:28:20","slug":"af-power-food-20-g","status":"publish","type":"product","link":"https:\/\/dinhosreef.com\/en\/product\/af-power-food-20-g\/","title":{"rendered":"AF POWER FOOD &#8211; 20 G"},"content":{"rendered":"<p>AQUAFOREST AF POWER FOOD 20G ALIMENTO EM P\u00d3 PARA CORAIS SPS E LPS.<\/p>\n<p>Alimentos em p\u00f3 destinados principalmente para os corais tipo SPS e LPS. Rico em proteinas para uma nutri\u00e7\u00e3o mais completa para os corais.<\/p>\n<p>Principais Caracteristicas:<br \/>Alimento em p\u00f3 para corais SPS e LPS;<br \/>Para uma nutri\u00e7\u00e3o mais completa para os corais;<br \/>Pode ser usado em aqu\u00e1rios com: SPS CORAL, LPS CORAL, SALT WATER.<\/p>\n<p>Instru\u00e7\u00e3o de Uso:<br \/>Em um pequeno recipiente deve encher-se aproximadamente 20 ml de \u00e1gua do aqu\u00e1rio, e em seguida, adicione uma colher de ch\u00e1 com o alimento e mexa por um minuto. A mistura deve ser vertida diretamente para dentro do aqu\u00e1rio ou usando uma pipeta, alimentar os corais selecionados.<\/p>","protected":false},"excerpt":{"rendered":"<p>AQUAFOREST AF POWER FOOD 20G ALIMENTO EM P\u00d3 PARA CORAIS SPS E LPS. Alimentos em p\u00f3 destinados principalmente para os corais tipo SPS e LPS. Rico em proteinas para uma nutri\u00e7\u00e3o mais completa para os corais. Principais Caracteristicas:Alimento em p\u00f3 para corais SPS e LPS;Para uma nutri\u00e7\u00e3o mais completa para os corais;Pode ser usado em [&hellip;]<\/p>\n","protected":false},"featured_media":1410783724,"comment_status":"open","ping_status":"closed","template":"","meta":{"googlesitekit_rrm_CAow0N7NCw:productID":"","content-type":"","pmpro_default_level":"","_themeisle_gutenberg_block_has_review":false},"product_brand":[],"product_cat":[57],"product_tag":[],"class_list":{"0":"post-1410783727","1":"product","2":"type-product","3":"status-publish","4":"has-post-thumbnail","6":"product_cat-alimentos","7":"aux-has-gallery","8":"pmpro-has-access","10":"first","11":"outofstock","12":"taxable","13":"shipping-taxable","14":"purchasable","15":"product-type-simple"},"_links":{"self":[{"href":"https:\/\/dinhosreef.com\/en\/wp-json\/wp\/v2\/product\/1410783727","targetHints":{"allow":["GET"]}}],"collection":[{"href":"https:\/\/dinhosreef.com\/en\/wp-json\/wp\/v2\/product"}],"about":[{"href":"https:\/\/dinhosreef.com\/en\/wp-json\/wp\/v2\/types\/product"}],"replies":[{"embeddable":true,"href":"https:\/\/dinhosreef.com\/en\/wp-json\/wp\/v2\/comments?post=1410783727"}],"wp:featuredmedia":[{"embeddable":true,"href":"https:\/\/dinhosreef.com\/en\/wp-json\/wp\/v2\/media\/1410783724"}],"wp:attachment":[{"href":"https:\/\/dinhosreef.com\/en\/wp-json\/wp\/v2\/media?parent=1410783727"}],"wp:term":[{"taxonomy":"product_brand","embeddable":true,"href":"https:\/\/dinhosreef.com\/en\/wp-json\/wp\/v2\/product_brand?post=1410783727"},{"taxonomy":"product_cat","embeddable":true,"href":"https:\/\/dinhosreef.com\/en\/wp-json\/wp\/v2\/product_cat?post=1410783727"},{"taxonomy":"product_tag","embeddable":true,"href":"https:\/\/dinhosreef.com\/en\/wp-json\/wp\/v2\/product_tag?post=1410783727"}],"curies":[{"name":"wp","href":"https:\/\/api.w.org\/{rel}","templated":true}]}}