{"id":1410783735,"date":"2025-04-29T12:07:51","date_gmt":"2025-04-29T15:07:51","guid":{"rendered":"https:\/\/dinhosreef.com\/produto\/af-growth-boost-35-g\/"},"modified":"2025-08-26T14:30:40","modified_gmt":"2025-08-26T17:30:40","slug":"af-growth-boost-35-g","status":"publish","type":"product","link":"https:\/\/dinhosreef.com\/en\/product\/af-growth-boost-35-g\/","title":{"rendered":"AF GROWTH BOOST &#8211; 35 G"},"content":{"rendered":"<div id=\"description\" class=\"ui-pdp-container__row ui-pdp-container__row--description\">\n<div class=\"ui-pdp-collapsable ui-pdp-description-collapse\">\n<div class=\"ui-pdp-collapsable__container\">\n<div class=\"ui-pdp-description\">\n<p class=\"ui-pdp-description__content\">AF Growth Boost \u00e9 um suplemento para todos os tipos de Coral. Cont\u00e9m amino\u00e1cidos de alta qualidade que n\u00e3o s\u00f3 cura seus tent\u00e1culos de corais, mas tamb\u00e9m fortalece seu metabolismo para que ele possa crescer mais r\u00e1pido e mais forte. Dosagem: 1 colher de medida por 100 L depois de desligar a luz.<\/p>\n<\/p><\/div>\n<\/p><\/div>\n<\/p><\/div>\n<\/p><\/div>\n<div class=\"ui-vip-core-spot-middle\">\n<section class=\"ui-recommendations-carousel-wrapper-ref\">\n<div class=\"ui-recommendations-carousel-snapped ui-pdp-with--separator-top ui-pdp-with--separator-top--full mb-40 ui-pdp-with--separator ui-pdp-with--separator--full recos-override__card-vertical\">\n<div class=\"ui-recommendations-carousel-snapped__header\">\n<div class=\"ui-recommendations-carousel-snapped__header-titles\">\u00a0<\/div>\n<\/p><\/div>\n<\/p><\/div>\n<\/section><\/div>","protected":false},"excerpt":{"rendered":"<p>AF Growth Boost \u00e9 um suplemento para todos os tipos de Coral. Cont\u00e9m amino\u00e1cidos de alta qualidade que n\u00e3o s\u00f3 cura seus tent\u00e1culos de corais, mas tamb\u00e9m fortalece seu metabolismo para que ele possa crescer mais r\u00e1pido e mais forte. Dosagem: 1 colher de medida por 100 L depois de desligar a luz. \u00a0<\/p>","protected":false},"featured_media":1410783733,"comment_status":"open","ping_status":"closed","template":"","meta":{"googlesitekit_rrm_CAow0N7NCw:productID":"","content-type":"","pmpro_default_level":"","_themeisle_gutenberg_block_has_review":false},"product_brand":[],"product_cat":[57],"product_tag":[],"class_list":{"0":"post-1410783735","1":"product","2":"type-product","3":"status-publish","4":"has-post-thumbnail","6":"product_cat-alimentos","7":"aux-has-gallery","8":"pmpro-has-access","10":"first","11":"outofstock","12":"taxable","13":"shipping-taxable","14":"purchasable","15":"product-type-simple"},"_links":{"self":[{"href":"https:\/\/dinhosreef.com\/en\/wp-json\/wp\/v2\/product\/1410783735","targetHints":{"allow":["GET"]}}],"collection":[{"href":"https:\/\/dinhosreef.com\/en\/wp-json\/wp\/v2\/product"}],"about":[{"href":"https:\/\/dinhosreef.com\/en\/wp-json\/wp\/v2\/types\/product"}],"replies":[{"embeddable":true,"href":"https:\/\/dinhosreef.com\/en\/wp-json\/wp\/v2\/comments?post=1410783735"}],"wp:featuredmedia":[{"embeddable":true,"href":"https:\/\/dinhosreef.com\/en\/wp-json\/wp\/v2\/media\/1410783733"}],"wp:attachment":[{"href":"https:\/\/dinhosreef.com\/en\/wp-json\/wp\/v2\/media?parent=1410783735"}],"wp:term":[{"taxonomy":"product_brand","embeddable":true,"href":"https:\/\/dinhosreef.com\/en\/wp-json\/wp\/v2\/product_brand?post=1410783735"},{"taxonomy":"product_cat","embeddable":true,"href":"https:\/\/dinhosreef.com\/en\/wp-json\/wp\/v2\/product_cat?post=1410783735"},{"taxonomy":"product_tag","embeddable":true,"href":"https:\/\/dinhosreef.com\/en\/wp-json\/wp\/v2\/product_tag?post=1410783735"}],"curies":[{"name":"wp","href":"https:\/\/api.w.org\/{rel}","templated":true}]}}