{"id":1410783745,"date":"2025-04-29T12:09:14","date_gmt":"2025-04-29T15:09:14","guid":{"rendered":"https:\/\/dinhosreef.com\/produto\/af-build-50-ml\/"},"modified":"2026-03-30T12:22:42","modified_gmt":"2026-03-30T15:22:42","slug":"af-build-50-ml","status":"publish","type":"product","link":"https:\/\/dinhosreef.com\/en\/product\/af-build-50-ml\/","title":{"rendered":"AF BUILD &#8211; 50 ML"},"content":{"rendered":"<p>AQUAFOREST AF BUILD 50ML TAMPONADOR QUE MANT\u00c9M UM N\u00cdVEL ADEQUADO DE PH PARA AQU\u00c1RIO DE CORAIS E RECIFES.<\/p>\n<p>AF Build \u00e9 uma prepara\u00e7\u00e3o para manter um n\u00edvel adequado de pH em um aqu\u00e1rio de corais de recife. Acelera a absor\u00e7\u00e3o do c\u00e1lcio e de carbono necess\u00e1rio para a constru\u00e7\u00e3o de corais duros. Cont\u00e9m tamb\u00e9m iodo. Tem propriedades que reduzem os n\u00edveis de algas indesej\u00e1veis e inibe o crescimento da patogenicidade das algas azuis-verdes. AF Build deve ser utilizado durante a alimenta\u00e7\u00e3o intensiva dos corais, especialmente durante o uso do suplemento AF Energy.<\/p>\n<p>Principais Caracter\u00edsticas:<br \/>Tamponador de ph para coral e Recife;<br \/>Auxilia no equil\u00edbrio do ph em aqu\u00e1rio de corais;<br \/>Cont\u00e9m iodetos, carbonatos, c\u00e1lcio;<br \/>Pode ser usado em aqu\u00e1rios com: CLAMS, LPS CORAL, SPS CORAL.<\/p>\n<p>Instru\u00e7\u00e3o de Uso:<br \/>1 gota por cada 100 l de \u00e1gua por dia.<\/p>","protected":false},"excerpt":{"rendered":"<p>AQUAFOREST AF BUILD 50ML TAMPONADOR QUE MANT\u00c9M UM N\u00cdVEL ADEQUADO DE PH PARA AQU\u00c1RIO DE CORAIS E RECIFES. AF Build \u00e9 uma prepara\u00e7\u00e3o para manter um n\u00edvel adequado de pH em um aqu\u00e1rio de corais de recife. Acelera a absor\u00e7\u00e3o do c\u00e1lcio e de carbono necess\u00e1rio para a constru\u00e7\u00e3o de corais duros. Cont\u00e9m tamb\u00e9m iodo. [&hellip;]<\/p>\n","protected":false},"featured_media":1410783744,"comment_status":"open","ping_status":"closed","template":"","meta":{"googlesitekit_rrm_CAow0N7NCw:productID":"","content-type":"","pmpro_default_level":"","_themeisle_gutenberg_block_has_review":false},"product_brand":[],"product_cat":[47],"product_tag":[],"class_list":{"0":"post-1410783745","1":"product","2":"type-product","3":"status-publish","4":"has-post-thumbnail","6":"product_cat-condicionadores-de-agua","7":"pmpro-has-access","9":"first","10":"outofstock","11":"taxable","12":"shipping-taxable","13":"purchasable","14":"product-type-simple"},"_links":{"self":[{"href":"https:\/\/dinhosreef.com\/en\/wp-json\/wp\/v2\/product\/1410783745","targetHints":{"allow":["GET"]}}],"collection":[{"href":"https:\/\/dinhosreef.com\/en\/wp-json\/wp\/v2\/product"}],"about":[{"href":"https:\/\/dinhosreef.com\/en\/wp-json\/wp\/v2\/types\/product"}],"replies":[{"embeddable":true,"href":"https:\/\/dinhosreef.com\/en\/wp-json\/wp\/v2\/comments?post=1410783745"}],"wp:featuredmedia":[{"embeddable":true,"href":"https:\/\/dinhosreef.com\/en\/wp-json\/wp\/v2\/media\/1410783744"}],"wp:attachment":[{"href":"https:\/\/dinhosreef.com\/en\/wp-json\/wp\/v2\/media?parent=1410783745"}],"wp:term":[{"taxonomy":"product_brand","embeddable":true,"href":"https:\/\/dinhosreef.com\/en\/wp-json\/wp\/v2\/product_brand?post=1410783745"},{"taxonomy":"product_cat","embeddable":true,"href":"https:\/\/dinhosreef.com\/en\/wp-json\/wp\/v2\/product_cat?post=1410783745"},{"taxonomy":"product_tag","embeddable":true,"href":"https:\/\/dinhosreef.com\/en\/wp-json\/wp\/v2\/product_tag?post=1410783745"}],"curies":[{"name":"wp","href":"https:\/\/api.w.org\/{rel}","templated":true}]}}