{"id":1410783757,"date":"2025-04-29T15:39:12","date_gmt":"2025-04-29T18:39:12","guid":{"rendered":"https:\/\/dinhosreef.com\/produto\/auratus-azul-3-6cm\/"},"modified":"2025-05-24T15:24:25","modified_gmt":"2025-05-24T18:24:25","slug":"auratus-azul-3-6cm","status":"publish","type":"product","link":"https:\/\/dinhosreef.com\/en\/product\/auratus-azul-3-6cm\/","title":{"rendered":"Auratus Azul 3 &#8211; 6cm"},"content":{"rendered":"<h3><strong>Ficha T\u00e9cnica<\/strong><\/h3>\n<p>Auratus Azul 3-6cm<\/p>\n<p><strong>Nome Popular<\/strong>: Maingano, Auratus Azul \u2014 Ingl\u00eas: Maingano<\/p>\n<p><strong>Ordem<\/strong>: Perciformes \u2014\u00a0<strong>Fam\u00edlia<\/strong>: Cichlidae (Cicl\u00eddeos)<\/p>\n<p><strong>Distribui\u00e7\u00e3o<\/strong>: \u00c1frica, end\u00eamico do Lago Malawi. Ocorre na ilha de Likoma.<\/p>\n<p><strong>Tamanho Adulto<\/strong>: 9 cm<\/p>\n<p><strong>Expectativa de Vida<\/strong>: 8 anos +<\/p>\n<p><strong>pH<\/strong>: 7.8 a 8.6 \u2014\u00a0<strong>Dureza<\/strong>: 10 a 15<\/p>\n<p><strong>Temperatura<\/strong>: 24\u00b0C a 28\u00b0C<\/p>\n<p><strong>Aqu\u00e1rio M\u00ednimo<\/strong>: 100 cm comprimento X 40 cm largura \u2014 Para manter um har\u00e9m com um macho e diversas f\u00eameas considere aqu\u00e1rio com pelo menos 100 cm de comprimento, para aqu\u00e1rio comunit\u00e1rio m\u00ednimo de 150 cm. O aqu\u00e1rio para a esp\u00e9cie, assim como para qualquer cicl\u00eddeo Mbuna, dever\u00e1 conter in\u00fameras rochas formando um pared\u00e3o rochoso para se refugiarem e demarcarem territ\u00f3rio. Deixe algum espa\u00e7o livre para nadarem. Os mainganos n\u00e3o t\u00eam tend\u00eancia para defender territ\u00f3rios espec\u00edficos.<\/p>\n<p><strong>Comportamento &amp; Compatibilidade<\/strong>: Como a maioria dos Mbunas (palavra africana que significa morador de rochas), apresentam uma intensa agressividade intra-esp\u00e9cie. Sua agressividade \u00e9 mais restrita aos machos da mesma esp\u00e9cie e outros peixes de padr\u00f5es e cores semelhantes. Como s\u00e3o peixes de har\u00e9m, \u00e9 recomendado sempre manter pelo menos um macho e tr\u00eas f\u00eameas, assim elas n\u00e3o ficar\u00e3o muito estressadas por causa de persegui\u00e7\u00f5es da parte do macho.<\/p>\n<p><strong>Alimenta\u00e7\u00e3o<\/strong>: On\u00edvoro. Em seu ambiente natural alimentam-se da biocobertura das rochas. Esta biocobertura \u00e9 um sistema biol\u00f3gico composto por algas e um largo n\u00famero de min\u00fasculos invertebrados que nelas vivem (denominados de aufwuchs). Peixes rec\u00e9m-nascidos que sejam encontrados tamb\u00e9m fazem parte da sua dieta. Em aqu\u00e1rio devem ser alimentados com alimento apropriado para peixes com uma alimenta\u00e7\u00e3o rica em mat\u00e9ria vegetal. Alimento seco com base de prote\u00edna animal pode ser ministrado com parcim\u00f4nia periodicamente. O excesso de prote\u00edna animal (encontrado\u00a0nas ra\u00e7\u00f5es para os peixes on\u00edvoros e carn\u00edvoros) prejudica a sa\u00fade do peixe herb\u00edvoro, podendo resultar em Bloat ou outras doen\u00e7as.<\/p>\n<p><strong>Reprodu\u00e7\u00e3o<\/strong>: Ov\u00edparo. O acasalamento ocorre num local escolhido previamente pelo casal e o macho atrai a f\u00eamea num ritual de movimentos. A f\u00eamea depositar\u00e1 os ovos no solo e o macho fertilizar\u00e1 em seguida. Incubadores bucais, a f\u00eamea guardar\u00e1 os ovos na boca. Cerca de 10 dias os ovos eclodem e a f\u00eamea ir\u00e1 proteg\u00ea-los na sua boca por cerca de duas semanas ou tr\u00eas semanas. No final do per\u00edodo de incuba\u00e7\u00e3o os alevinos s\u00e3o libertados, completamente formados e auto-suficientes para procurarem a sua pr\u00f3pria alimenta\u00e7\u00e3o.<\/p>\n<p><strong>Dimorfismo Sexual<\/strong>: Ambos os sexos apresentam colora\u00e7\u00f5es id\u00eanticas, com cor b\u00e1sica entre um azul escuro e o preto, e duas listras longitudinais de um azul vivo (mais marcado no macho dominante ou em acasalamento). Machos s\u00e3o ligeiramente maiores.<\/p>\n<p><strong>Bi\u00f3topo<\/strong>: Pertence ao grupo Mbuna (fala-se ambuna), por viver pr\u00f3ximo de rochas, se alimentando da biocobertura presente. 5 a 10 metros de profundidade.<\/p>\n<p><strong>Etimologia<\/strong>:\u00a0<em>Pseudotropheus<\/em>: grego,\u00a0<em>pseudes<\/em>\u00a0= falso + grego,\u00a0<em>tropaion<\/em>\u00a0= derrota.<\/p>\n<p><strong>Sin\u00f4nimos<\/strong>:\u00a0<em>Melanochromis cyaneorhabdos<\/em><\/p>","protected":false},"excerpt":{"rendered":"<p>Ficha T\u00e9cnica Auratus Azul 3-6cm Nome Popular: Maingano, Auratus Azul \u2014 Ingl\u00eas: Maingano Ordem: Perciformes \u2014\u00a0Fam\u00edlia: Cichlidae (Cicl\u00eddeos) Distribui\u00e7\u00e3o: \u00c1frica, end\u00eamico do Lago Malawi. Ocorre na ilha de Likoma. Tamanho Adulto: 9 cm Expectativa de Vida: 8 anos + pH: 7.8 a 8.6 \u2014\u00a0Dureza: 10 a 15 Temperatura: 24\u00b0C a 28\u00b0C Aqu\u00e1rio M\u00ednimo: 100 cm [&hellip;]<\/p>\n","protected":false},"featured_media":1410783756,"comment_status":"open","ping_status":"closed","template":"","meta":{"googlesitekit_rrm_CAow0N7NCw:productID":"","content-type":"","pmpro_default_level":"","_themeisle_gutenberg_block_has_review":false},"product_brand":[],"product_cat":[251,205,219],"product_tag":[],"class_list":{"0":"post-1410783757","1":"product","2":"type-product","3":"status-publish","4":"has-post-thumbnail","6":"product_cat-ciclideos-africanos","7":"product_cat-peixes-agua-doce","8":"product_cat-todos-os-peixes-de-agua-doce","9":"pmpro-has-access","11":"first","12":"outofstock","13":"taxable","14":"shipping-taxable","15":"purchasable","16":"product-type-simple"},"_links":{"self":[{"href":"https:\/\/dinhosreef.com\/en\/wp-json\/wp\/v2\/product\/1410783757","targetHints":{"allow":["GET"]}}],"collection":[{"href":"https:\/\/dinhosreef.com\/en\/wp-json\/wp\/v2\/product"}],"about":[{"href":"https:\/\/dinhosreef.com\/en\/wp-json\/wp\/v2\/types\/product"}],"replies":[{"embeddable":true,"href":"https:\/\/dinhosreef.com\/en\/wp-json\/wp\/v2\/comments?post=1410783757"}],"wp:featuredmedia":[{"embeddable":true,"href":"https:\/\/dinhosreef.com\/en\/wp-json\/wp\/v2\/media\/1410783756"}],"wp:attachment":[{"href":"https:\/\/dinhosreef.com\/en\/wp-json\/wp\/v2\/media?parent=1410783757"}],"wp:term":[{"taxonomy":"product_brand","embeddable":true,"href":"https:\/\/dinhosreef.com\/en\/wp-json\/wp\/v2\/product_brand?post=1410783757"},{"taxonomy":"product_cat","embeddable":true,"href":"https:\/\/dinhosreef.com\/en\/wp-json\/wp\/v2\/product_cat?post=1410783757"},{"taxonomy":"product_tag","embeddable":true,"href":"https:\/\/dinhosreef.com\/en\/wp-json\/wp\/v2\/product_tag?post=1410783757"}],"curies":[{"name":"wp","href":"https:\/\/api.w.org\/{rel}","templated":true}]}}