{"id":1410783759,"date":"2025-04-29T15:39:20","date_gmt":"2025-04-29T18:39:20","guid":{"rendered":"https:\/\/dinhosreef.com\/produto\/zebra-laranja-3-a-6-cm\/"},"modified":"2025-05-02T13:03:52","modified_gmt":"2025-05-02T16:03:52","slug":"zebra-laranja-3-a-6-cm","status":"publish","type":"product","link":"https:\/\/dinhosreef.com\/en\/product\/zebra-laranja-3-a-6-cm\/","title":{"rendered":"ZEBRA LARANJA 3 A 6 CM"},"content":{"rendered":"<p><strong>Apesar de ser alimenta\u00e7\u00e3o<\/strong>\u00a0\u00a0, natureza, chegar a se alimentar e algas, quando em vertebrados e animais \u00e9 melhor: na natureza n\u00e3o abusa da prote\u00edna animal sua dieta.\u00a0.\u00a0Ra\u00e7\u00f5es um pouco mais prot\u00e9icas podem ser ministradas, por\u00e9m, com certa parcim\u00f4nia, ent\u00e3o fa\u00e7a uso delas no m\u00e1ximo uma vez por semana e em quantidade n\u00e3o muito grande.<\/p>\n<p><strong>\u00a0<\/strong><strong>D\u00a0<\/strong><strong>imorfismo sexual:<\/strong>\u00a0\u00a0O macho possui as nadadeiras, anal e dorsal, com as pontas mais finas, lembrando o formato de um \u201cV\u201d, seus n\u00facleos s\u00e3o mais fortes e seu corpo \u00e9 maior.\u00a0A f\u00eamea tem a identifica\u00e7\u00e3o mais p\u00e1lida e as nadadeiras (dorsal e anal) s\u00e3o mais arredondadas nas pontas, lembrando um &#8220;U&#8221;.\u00a0O uso da avalia\u00e7\u00e3o da quantidade e forma de ovos nas nadadeiras para determinar o sexo nestas esp\u00e9cies n\u00e3o \u00e9 seguro, portanto nem deve ser levado em conta.\u00a0<strong>Importante: estas caracter\u00edsticas aparecem em peixes no final do est\u00e1gio juvenil e em adultos, a sexual entre filhotes \u00e9 mais dif\u00edcil de ser observada.<\/strong><\/p>\n<p><strong>\u00a0<\/strong><strong>Comportamento\u00a0<\/strong><strong>:<\/strong>\u00a0\u00a0\u00c9 agressivo como a maioria dos mbunas, mas sua agressividade \u00e9 mais restrita a uma mesma esp\u00e9cie e outros peixes de padr\u00f5es e n\u00facleos semelhantes.\u00a0<strong>Evite mais de uma esp\u00e9cie de manuten\u00e7\u00e3o em um mesmo peixe de manuten\u00e7\u00e3o, isso ajuda a minimizar.\u00a0Escolha apenas uma esp\u00e9cie azul, uma vermelha, uma amarela, etc. Mantenha apenas um exemplar macho por esp\u00e9cie!<\/strong><\/p>\n<p><strong>\u00a0<\/strong><strong>Reprodu\u00e7\u00e3o:\u00a0<\/strong>\u00a0S\u00e3o ov\u00edparos e incubadores bucais, ou seja, depois da desova e fertiliza\u00e7\u00e3o, a f\u00eamea guarda os ovos na boca.\u00a0Como s\u00e3o peixes recomendados sem pelo menos um macho e tr\u00eas f\u00eameas, assim elas n\u00e3o sustentam muito har\u00e9m estressadas por causa de manter a\u00e7\u00f5es da parte do macho.<\/p>\n<p>O per\u00edodo entre a desova e a libera\u00e7\u00e3o dos filhotes costuma durar cerca de 21 a 30 dias, passado o per\u00edodo de incuba\u00e7\u00e3o, caso a f\u00eamea demore muito para soltar os filhotes naturalmente, pode ser usada uma t\u00e9cnica \u201cstripping fry\u201d que consiste na retirada dos filhotes filhotes da boca da m\u00e3e pelo aquarista.\u00a0Depois da entrega dos filhotes \u00e9 garantido separado a f\u00eamea e refor\u00e7o de alimenta\u00e7\u00e3o por alguns dias que ela se recupere bem.<\/p>\n<p><strong>Tamanho m\u00ednimo do aqu\u00e1rio:<\/strong>\u00a0\u00a0200 litros para monoesp\u00e9cie e pelo menos comunit\u00e1rio 25 tamanhos para aqu\u00e1rios que vivem entre rochas, al\u00e9m do comprimento, outro fator \u00e9 a largura do aqu\u00e1rio devido ao hardscape.<\/p>\n<p><strong>\u00a0<\/strong><strong>Nome popular:<\/strong>\u00a0\u00a0Zebra laranja<\/p>\n<p><strong>Nome cient\u00edfico:\u00a0<\/strong>\u00a0<em>Maylandia estherae<\/em>\u00a0, Konings, 1995<\/p>\n<p><strong>Fam\u00edlia:<\/strong>\u00a0\u00a0Cichlidae<\/p>\n<p><strong>Origem:<\/strong>\u00a0\u00a0\u00c1frica \/ Lago Malawi<\/p>\n<p><strong>Sociabilidade:<\/strong>\u00a0\u00a0Sozinho \/ Har\u00e9m<\/p>\n<p><strong>pH:<\/strong>\u00a0\u00a07,8 a 8,6<\/p>\n<p><strong>Temperatura:<\/strong>\u00a0\u00a024 a 26\u00baC<\/p>\n<p><strong>Dureza da \u00e1gua:<\/strong>\u00a0\u00a0M\u00e9dia a Dura<\/p>\n<p><strong>Expectativa de vida:<\/strong>\u00a0\u00a0Cerca de 5 a 8 anos<\/p>\n<p><strong>Manuten\u00e7\u00e3o:<\/strong>\u00a0\u00a0M\u00e9dia<\/p>\n<p><strong>adulto adulto:<\/strong> \u00a012 cm<\/p>","protected":false},"excerpt":{"rendered":"<p>Apesar de ser alimenta\u00e7\u00e3o\u00a0\u00a0, natureza, chegar a se alimentar e algas, quando em vertebrados e animais \u00e9 melhor: na natureza n\u00e3o abusa da prote\u00edna animal sua dieta.\u00a0.\u00a0Ra\u00e7\u00f5es um pouco mais prot\u00e9icas podem ser ministradas, por\u00e9m, com certa parcim\u00f4nia, ent\u00e3o fa\u00e7a uso delas no m\u00e1ximo uma vez por semana e em quantidade n\u00e3o muito grande. \u00a0D\u00a0imorfismo [&hellip;]<\/p>\n","protected":false},"featured_media":1410783758,"comment_status":"open","ping_status":"closed","template":"","meta":{"googlesitekit_rrm_CAow0N7NCw:productID":"","content-type":"","pmpro_default_level":"","_themeisle_gutenberg_block_has_review":false},"product_brand":[],"product_cat":[251,205,219],"product_tag":[],"class_list":{"0":"post-1410783759","1":"product","2":"type-product","3":"status-publish","4":"has-post-thumbnail","6":"product_cat-ciclideos-africanos","7":"product_cat-peixes-agua-doce","8":"product_cat-todos-os-peixes-de-agua-doce","9":"pmpro-has-access","11":"first","12":"outofstock","13":"taxable","14":"shipping-taxable","15":"purchasable","16":"product-type-simple"},"_links":{"self":[{"href":"https:\/\/dinhosreef.com\/en\/wp-json\/wp\/v2\/product\/1410783759","targetHints":{"allow":["GET"]}}],"collection":[{"href":"https:\/\/dinhosreef.com\/en\/wp-json\/wp\/v2\/product"}],"about":[{"href":"https:\/\/dinhosreef.com\/en\/wp-json\/wp\/v2\/types\/product"}],"replies":[{"embeddable":true,"href":"https:\/\/dinhosreef.com\/en\/wp-json\/wp\/v2\/comments?post=1410783759"}],"wp:featuredmedia":[{"embeddable":true,"href":"https:\/\/dinhosreef.com\/en\/wp-json\/wp\/v2\/media\/1410783758"}],"wp:attachment":[{"href":"https:\/\/dinhosreef.com\/en\/wp-json\/wp\/v2\/media?parent=1410783759"}],"wp:term":[{"taxonomy":"product_brand","embeddable":true,"href":"https:\/\/dinhosreef.com\/en\/wp-json\/wp\/v2\/product_brand?post=1410783759"},{"taxonomy":"product_cat","embeddable":true,"href":"https:\/\/dinhosreef.com\/en\/wp-json\/wp\/v2\/product_cat?post=1410783759"},{"taxonomy":"product_tag","embeddable":true,"href":"https:\/\/dinhosreef.com\/en\/wp-json\/wp\/v2\/product_tag?post=1410783759"}],"curies":[{"name":"wp","href":"https:\/\/api.w.org\/{rel}","templated":true}]}}