{"id":1410783773,"date":"2025-04-29T21:54:35","date_gmt":"2025-04-30T00:54:35","guid":{"rendered":"https:\/\/dinhosreef.com\/produto\/af-reef-salt-10-kg-caixa\/"},"modified":"2025-11-13T13:44:48","modified_gmt":"2025-11-13T16:44:48","slug":"af-reef-salt-10-kg-caixa","status":"publish","type":"product","link":"https:\/\/dinhosreef.com\/en\/product\/af-reef-salt-10-kg-caixa\/","title":{"rendered":"AF REEF SALT &#8211; 10 KG CAIXA"},"content":{"rendered":"<p>Sal marinho sint\u00e9tico criado para a cria\u00e7\u00e3o de corais. A composi\u00e7\u00e3o do sal foi escolhida de forma a criar as melhores condi\u00e7\u00f5es poss\u00edveis para os animais marinhos. Os elementos micro e macro contidos no mesmo satisfazem plenamente a procura de corais para os elementos necess\u00e1rios ao seu crescimento e colora\u00e7\u00e3o adequados. Ao criar novos aqu\u00e1rios, recomenda-se que os primeiros animais sejam deixados entrar no aqu\u00e1rio n\u00e3o antes de 10-14 dias ap\u00f3s a inunda\u00e7\u00e3o do tanque.<\/p>\n<p>M\u00e9todo de prepara\u00e7\u00e3o:<\/p>\n<p>O sal deve ser dissolvido em \u00e1gua preparada e desmineralizada. A temperatura da \u00e1gua deve ser de aproximadamente 24\u00b0C (75\u00b0F). Para uma salinidade de 33 ppt, dissolver cerca de 390 g (13,75 oz)\/10 l (2,7 US gal) de \u00e1gua. A solu\u00e7\u00e3o deve ser agitada de forma intensiva durante cerca de 15 minutos. Quando totalmente dissolvida e clara, a \u00e1gua assim salgada est\u00e1 pronta para ser utilizada. Armazenar o sal num local seco e sombreado. Utilizar o sal dissolvido no prazo de 5 dias. Manter afastado das crian\u00e7as. O produto s\u00f3 pode ser utilizado num aqu\u00e1rio. N\u00e3o \u00e9 adequado para consumo. Ficha de dados de seguran\u00e7a dispon\u00edvel mediante pedido.<\/p>\n<p>Os produtos Aquaforest s\u00e3o desenvolvidos na Uni\u00e3o Europeia sob condi\u00e7\u00f5es laboratoriais rigorosamente controladas para satisfazer os mais elevados padr\u00f5es de qualidade. Cada produto \u00e9 fabricado a partir de mat\u00e9rias-primas cuidadosamente seleccionadas, em quantidades que garantem uma composi\u00e7\u00e3o uniforme. Cada um dos nossos lotes \u00e9 testado no ICP-OES antes de ser embalado com sal. Desde Maio de 2017, introduzimos a possibilidade de os clientes verem os resultados online.<\/p>","protected":false},"excerpt":{"rendered":"<p>Sal marinho sint\u00e9tico criado para a cria\u00e7\u00e3o de corais. A composi\u00e7\u00e3o do sal foi escolhida de forma a criar as melhores condi\u00e7\u00f5es poss\u00edveis para os animais marinhos. Os elementos micro e macro contidos no mesmo satisfazem plenamente a procura de corais para os elementos necess\u00e1rios ao seu crescimento e colora\u00e7\u00e3o adequados. Ao criar novos aqu\u00e1rios, [&hellip;]<\/p>\n","protected":false},"featured_media":1410783772,"comment_status":"open","ping_status":"closed","template":"","meta":{"googlesitekit_rrm_CAow0N7NCw:productID":"","content-type":"","pmpro_default_level":"","_themeisle_gutenberg_block_has_review":false},"product_brand":[],"product_cat":[68],"product_tag":[],"class_list":{"0":"post-1410783773","1":"product","2":"type-product","3":"status-publish","4":"has-post-thumbnail","6":"product_cat-sal","7":"pmpro-has-access","9":"first","10":"outofstock","11":"taxable","12":"shipping-taxable","13":"purchasable","14":"product-type-simple"},"_links":{"self":[{"href":"https:\/\/dinhosreef.com\/en\/wp-json\/wp\/v2\/product\/1410783773","targetHints":{"allow":["GET"]}}],"collection":[{"href":"https:\/\/dinhosreef.com\/en\/wp-json\/wp\/v2\/product"}],"about":[{"href":"https:\/\/dinhosreef.com\/en\/wp-json\/wp\/v2\/types\/product"}],"replies":[{"embeddable":true,"href":"https:\/\/dinhosreef.com\/en\/wp-json\/wp\/v2\/comments?post=1410783773"}],"wp:featuredmedia":[{"embeddable":true,"href":"https:\/\/dinhosreef.com\/en\/wp-json\/wp\/v2\/media\/1410783772"}],"wp:attachment":[{"href":"https:\/\/dinhosreef.com\/en\/wp-json\/wp\/v2\/media?parent=1410783773"}],"wp:term":[{"taxonomy":"product_brand","embeddable":true,"href":"https:\/\/dinhosreef.com\/en\/wp-json\/wp\/v2\/product_brand?post=1410783773"},{"taxonomy":"product_cat","embeddable":true,"href":"https:\/\/dinhosreef.com\/en\/wp-json\/wp\/v2\/product_cat?post=1410783773"},{"taxonomy":"product_tag","embeddable":true,"href":"https:\/\/dinhosreef.com\/en\/wp-json\/wp\/v2\/product_tag?post=1410783773"}],"curies":[{"name":"wp","href":"https:\/\/api.w.org\/{rel}","templated":true}]}}