{"id":1410783784,"date":"2025-05-09T21:05:12","date_gmt":"2025-05-10T00:05:12","guid":{"rendered":"https:\/\/dinhosreef.com\/produto\/premier-racas-pequenas-filhotes-20kg\/"},"modified":"2026-03-30T11:35:08","modified_gmt":"2026-03-30T14:35:08","slug":"premier-racas-pequenas-filhotes-20kg","status":"publish","type":"product","link":"https:\/\/dinhosreef.com\/en\/product\/premier-racas-pequenas-filhotes-20kg\/","title":{"rendered":"PREMIER RACAS PEQUENAS FILHOTES 20KG"},"content":{"rendered":"<section id=\"description\" class=\"description\">\n<div class=\"container\">\n<div class=\"spec-content\">\n<p>&#8211; Indicada para c\u00e3es filhotes de ra\u00e7as pequenas;<br \/>&#8211; Proporciona desenvolvimento equilibrado e saud\u00e1vel;<br \/>&#8211; Com n\u00edveis \u00f3timos de prote\u00ednas, vitaminas e minerais;-\u00a0Enriquecida com \u00f4mega 3, que \u00e9 essencial ao aprendizado dos filhotes;<br \/>&#8211; Auxilia na sa\u00fade da pele e beleza da pelagem;-\u00a0Oferece maior sa\u00fade intestinal,\u00a0<br \/>&#8211; Dispon\u00edvel em embalagens de 1 kg, 2,5 kg e 20 kg.<\/p>\n<p>\u00a0<\/p>\n<p>\u00a0<\/p>\n<\/p><\/div>\n<\/p><\/div>\n<\/section>\n<section id=\"specifications\">\n<div class=\"container\">\n<h2 class=\"section-title\">Especifica\u00e7\u00f5es<\/h2>\n<ul>\n<li class=\"specifications\"><span class=\"spec-key\">Idade<\/span><span class=\"spec-value\">Filhote<\/span><\/li>\n<li class=\"specifications\"><span class=\"spec-key\">Linha<\/span><span class=\"spec-value\">Super Premium<\/span><\/li>\n<li class=\"specifications\"><span class=\"spec-key\">Pet<\/span><span class=\"spec-value\">Cachorros<\/span><\/li>\n<li class=\"specifications\"><span class=\"spec-key\">Porte de Ra\u00e7a<\/span><span class=\"spec-value\">Pequeno<\/span><\/li>\n<li class=\"specifications\"><span class=\"spec-key\">Transg\u00eanico<\/span><span class=\"spec-value\">Sim<\/span><\/li>\n<li class=\"specifications\"><span class=\"spec-key\">Formato Alimento<\/span><span class=\"spec-value\">Gr\u00e3os<\/span><\/li>\n<li class=\"specifications\"><span class=\"spec-key\">Ra\u00e7a Cachorro<\/span><span class=\"spec-value\">Todas<\/span><\/li>\n<li class=\"specifications\"><span class=\"spec-key\">Tipo Alimento<\/span><span class=\"spec-value\">Comum<\/span><\/li>\n<li class=\"specifications\"><span class=\"spec-key\">Sabor Completo<\/span><span class=\"spec-value\">Frango<\/span><\/li>\n<li class=\"specifications\"><span class=\"spec-key\">Sabor Principal<\/span><span class=\"spec-value\">Frango<\/span><\/li>\n<li class=\"specifications\"><span class=\"spec-key\">Corante<\/span><span class=\"spec-value\">Natural<\/span><\/li>\n<li class=\"specifications\"><span class=\"spec-key\">Indica\u00e7\u00e3o Veterin\u00e1ria<\/span><span class=\"spec-value\">Alimenta\u00e7\u00e3o Di\u00e1ria<\/span><\/li>\n<li class=\"specifications\"><span class=\"spec-key\">Apresenta\u00e7\u00e3o<\/span><span class=\"spec-value\">Embalagens de 1kg, 2,5kg e 20kg<\/span><\/li>\n<li class=\"specifications\"><span class=\"spec-key\">Medidas<br \/>aproximadas<\/span>\n<p>Gr\u00e3o em tamanho real (formato quadrado, 5,0mm bases iguais x 5,0mm espessura)<\/p>\n<\/li>\n<li class=\"specifications specifications-table\"><span class=\"spec-key\">Quantidade Di\u00e1ria Recomendada<\/span><br \/>\n<table width=\"676\">\n<tbody>\n<tr>\n<td rowspan=\"2\">\n<p><strong>Peso Esperado do C\u00e3o Adulto<\/strong><\/p>\n<\/td>\n<td colspan=\"5\">\n<p><strong>Idade (meses)<\/strong><\/p>\n<\/td>\n<\/tr>\n<tr>\n<td>\n<p><strong>2<\/strong><\/p>\n<\/td>\n<td>\n<p><strong>3<\/strong><\/p>\n<\/td>\n<td>\n<p><strong>4 e 5<\/strong><\/p>\n<\/td>\n<td>\n<p><strong>6 a 8<\/strong><\/p>\n<\/td>\n<\/tr>\n<tr>\n<td>\n<p>2kg<\/p>\n<\/td>\n<td>\n<p>47g<\/p>\n<\/td>\n<td>\n<p>50g<\/p>\n<\/td>\n<td>\n<p>52g<\/p>\n<\/td>\n<td>\n<p>51g<\/p>\n<\/td>\n<\/tr>\n<tr>\n<td>\n<p>4kg<\/p>\n<\/td>\n<td>\n<p>79g<\/p>\n<\/td>\n<td>\n<p>84g<\/p>\n<\/td>\n<td>\n<p>88g<\/p>\n<\/td>\n<td>\n<p>86g<\/p>\n<\/td>\n<\/tr>\n<tr>\n<td>\n<p>6kg<\/p>\n<\/td>\n<td>\n<p>87g<\/p>\n<\/td>\n<td>\n<p>102g<\/p>\n<\/td>\n<td>\n<p>114g<\/p>\n<\/td>\n<td>\n<p>117g<\/p>\n<\/td>\n<\/tr>\n<tr>\n<td>\n<p>8kg<\/p>\n<\/td>\n<td>\n<p>108g<\/p>\n<\/td>\n<td>\n<p>126g<\/p>\n<\/td>\n<td>\n<p>141g<\/p>\n<\/td>\n<td>\n<p>145g<\/p>\n<\/td>\n<\/tr>\n<tr>\n<td>\n<p>10kg<\/p>\n<\/td>\n<td>\n<p>128g<\/p>\n<\/td>\n<td>\n<p>149g<\/p>\n<\/td>\n<td>\n<p>167g<\/p>\n<\/td>\n<td>\n<p>171g<\/p>\n<\/td>\n<\/tr>\n<\/tbody>\n<\/table>\n<\/li>\n<li class=\"specifications specifications-table\"><span class=\"spec-key\">Informa\u00e7\u00f5es Nutricionais<\/span>\n<p>\u00c1cido f\u00f3lico 1,66 mg \u00c1cido pantot\u00eanico 25,60 mg Biotina 0,35 mg Cobre 18,19 mg Colina\u00a0 116,80 mg Ferro 80,00 mg Iodo 1,28 mg Mangan\u00eas 32,00 mg Niacina 42,24 mg Sel\u00eanio 0,06 mg Vitamina A 19.200 UI Vitamina B1 9,30 mg Vitamina B12 180,00 mcg Vitamina B2 15,68 mg Vitamina B6 7,92 mg Vitamina C 21,76 mg Vitamina D3 1.280 UI Vitamina E 112,64 UI Vitamina K3 2,08 mg Zinco\u00a0 131,20 mg<\/p>\n<\/li>\n<li class=\"specifications specifications-table\"><span class=\"spec-key\">N\u00edveis de Garantia<\/span>\n<p>Umidade (M\u00e1x.) 10,00% 100g\/kg<br \/>Prote\u00edna Bruta (M\u00edn.)29,00% 290g\/kg<br \/>Extrato Et\u00e9reo (M\u00edn.) 18,00%180g\/kg<br \/>Mat\u00e9ria Mineral (M\u00e1x.) 7,50% 75g\/kg<br \/>Mat\u00e9ria Fibrosa (M\u00e1x.) 3,00% 30g\/kg<br \/>C\u00e1lcio (M\u00e1x.) 1,50% 15g\/kg<br \/>C\u00e1lcio (M\u00edn.) 0,90% 9.000mg\/kg<br \/>F\u00f3sforo (M\u00edn.) 0,80% 8.000mg\/kg<br \/>S\u00f3dio(M\u00edn.) 0,20% 2.000mg\/kg<br \/>Pot\u00e1ssio (M\u00edn.) 0,50% 5.000mg\/kg<br \/>\u00d4mega 6 (M\u00edn.) 2,70% 27g\/kg<br \/>\u00d4mega 3 (M\u00edn.) 0,30% 3.000mg\/kg<br \/>DHA (M\u00edn.) 0,050% 500mg\/kg<br \/>Energia Metaboliz\u00e1vel 4.097kcal\/kg<\/p>\n<\/li>\n<li class=\"specifications specifications-table\"><span class=\"spec-key\">Composi\u00e7\u00e3o<\/span><span class=\"spec-value\">Farinha de v\u00edsceras de frango, farelo de gl\u00faten de milho 60*, ovo desidratado, prote\u00edna isolada de su\u00edno, milho integral mo\u00eddo*, quirera de arroz, polpa de beterraba, gordura de frango, \u00f3leo de peixe, gordura su\u00edna, \u00e1cido propi\u00f4nico, antioxidantes BHA e BHT, cloreto de pot\u00e1ssio, cloreto de s\u00f3dio, hidrolisado de su\u00edno e frango, levedura seca de cervejaria, mananoligossacar\u00eddeos (0,20%), parede celular de levedura, vitamina A, vitamina B12, vitamina C, vitamina D3, vitamina E, vitamina K3, \u00e1cido f\u00f3lico, \u00e1cido pantot\u00eanico, biotina, cloreto de colina, niacina, piridoxina, riboflavina, tiamina, cobre amino\u00e1cido quelato, ferro amino\u00e1cido quelato, iodeto de pot\u00e1ssio, mangan\u00eas amino\u00e1cido quelato, proteinato de sel\u00eanio, sulfato de cobre, sulfato de ferro, sulfato de mangan\u00eas, sulfato de zinco, zinco amino\u00e1cido quelato. \u00a0 *Cont\u00e9m milho e farelo de gl\u00faten de milho 60 transg\u00eanicos (esp\u00e9cies doadoras de gene: Bacillus thuringiensis, Agrobacterium tumefaciens, Streptomyces viridochromogenes).<\/span><\/li>\n<\/ul><\/div>\n<\/section>","protected":false},"excerpt":{"rendered":"<p>&#8211; Indicada para c\u00e3es filhotes de ra\u00e7as pequenas;&#8211; Proporciona desenvolvimento equilibrado e saud\u00e1vel;&#8211; Com n\u00edveis \u00f3timos de prote\u00ednas, vitaminas e minerais;-\u00a0Enriquecida com \u00f4mega 3, que \u00e9 essencial ao aprendizado dos filhotes;&#8211; Auxilia na sa\u00fade da pele e beleza da pelagem;-\u00a0Oferece maior sa\u00fade intestinal,\u00a0&#8211; Dispon\u00edvel em embalagens de 1 kg, 2,5 kg e 20 kg. \u00a0 [&hellip;]<\/p>\n","protected":false},"featured_media":1410783783,"comment_status":"open","ping_status":"closed","template":"","meta":{"googlesitekit_rrm_CAow0N7NCw:productID":"","content-type":"","pmpro_default_level":"","_themeisle_gutenberg_block_has_review":false},"product_brand":[],"product_cat":[259],"product_tag":[],"class_list":{"0":"post-1410783784","1":"product","2":"type-product","3":"status-publish","4":"has-post-thumbnail","6":"product_cat-racoes-alimento-petisco-e-suplemento-caes","7":"pmpro-has-access","9":"first","10":"outofstock","11":"taxable","12":"shipping-taxable","13":"purchasable","14":"product-type-simple"},"_links":{"self":[{"href":"https:\/\/dinhosreef.com\/en\/wp-json\/wp\/v2\/product\/1410783784","targetHints":{"allow":["GET"]}}],"collection":[{"href":"https:\/\/dinhosreef.com\/en\/wp-json\/wp\/v2\/product"}],"about":[{"href":"https:\/\/dinhosreef.com\/en\/wp-json\/wp\/v2\/types\/product"}],"replies":[{"embeddable":true,"href":"https:\/\/dinhosreef.com\/en\/wp-json\/wp\/v2\/comments?post=1410783784"}],"wp:featuredmedia":[{"embeddable":true,"href":"https:\/\/dinhosreef.com\/en\/wp-json\/wp\/v2\/media\/1410783783"}],"wp:attachment":[{"href":"https:\/\/dinhosreef.com\/en\/wp-json\/wp\/v2\/media?parent=1410783784"}],"wp:term":[{"taxonomy":"product_brand","embeddable":true,"href":"https:\/\/dinhosreef.com\/en\/wp-json\/wp\/v2\/product_brand?post=1410783784"},{"taxonomy":"product_cat","embeddable":true,"href":"https:\/\/dinhosreef.com\/en\/wp-json\/wp\/v2\/product_cat?post=1410783784"},{"taxonomy":"product_tag","embeddable":true,"href":"https:\/\/dinhosreef.com\/en\/wp-json\/wp\/v2\/product_tag?post=1410783784"}],"curies":[{"name":"wp","href":"https:\/\/api.w.org\/{rel}","templated":true}]}}