{"id":1410783786,"date":"2025-05-09T21:05:19","date_gmt":"2025-05-10T00:05:19","guid":{"rendered":"https:\/\/dinhosreef.com\/produto\/golden-gatos-filhotes-101-kg-frango\/"},"modified":"2026-05-08T18:59:40","modified_gmt":"2026-05-08T21:59:40","slug":"golden-gatos-filhotes-101-kg-frango","status":"publish","type":"product","link":"https:\/\/dinhosreef.com\/en\/product\/golden-gatos-filhotes-101-kg-frango\/","title":{"rendered":"GOLDEN GATOS FILHOTES 10,1 KG FRANGO"},"content":{"rendered":"<h2>Ra\u00e7\u00e3o Golden Gatos Filhotes Sabor Frango<\/h2>\n<p>Gatos filhotes precisam de cuidados especiais e uma alimenta\u00e7\u00e3o que atenda \u00e0s suas necessidades, para um crescimento e desenvolvimento saud\u00e1vel. Ent\u00e3o, para garantir uma boa nutri\u00e7\u00e3o na inf\u00e2ncia, que vai resultar num adulto saud\u00e1vel, a\u00a0<strong>Ra\u00e7\u00e3o Golden Gatos Filhotes Sabor Frango<\/strong>\u00a0\u00e9 a melhor escolha.<\/p>\n<p>Na Cobasi, voc\u00ea encontra a\u00a0<strong>Ra\u00e7\u00e3o Golden Gatos Filhotes<\/strong>\u00a0nas vers\u00f5es:<\/p>\n<ul>\n<li>Ra\u00e7\u00e3o Golden Gatos Filhotes 1kg;<\/li>\n<li>Ra\u00e7\u00e3o Golden Gatos Filhotes 3kg;<\/li>\n<li>Ra\u00e7\u00e3o Golden Gatos Filhotes 10,1kg;<\/li>\n<\/ul>\n<h2>Ra\u00e7\u00e3o Golden Gatos Filhotes &#8211; Benef\u00edcios<\/h2>\n<p>Perfeitamente balanceada e formulada com ingredientes nobres e selecionados, a\u00a0<strong>Ra\u00e7\u00e3o Golden para Gatos Filhotes<\/strong>\u00a0al\u00e9m de promover uma m\u00e1xima satisfa\u00e7\u00e3o ao paladar, tamb\u00e9m promove outros benef\u00edcios, como:<\/p>\n<ul>\n<li>Contribui para o crescimento saud\u00e1vel dos pets, por meio de \u00f3timos n\u00edveis de prote\u00ednas, taurina e DHA;<\/li>\n<li>Conta com minerais balanceados;<\/li>\n<li>Ajuda no controle do pH urin\u00e1rio;<\/li>\n<li>Auxilia na redu\u00e7\u00e3o do odor das fezes.<\/li>\n<\/ul>\n<h3>Ra\u00e7\u00e3o Golden Gatos Filhotes &#8211; Ingredientes<\/h3>\n<p>Farinha de v\u00edsceras de frango, farinha de torresmo, gl\u00faten de milho*, gr\u00e3o de milho*, quirera de arroz, polpa desidratada de beterraba, gordura de frango, \u00f3leo refinado de peixe, cloreto de pot\u00e1ssio, cloreto de s\u00f3dio, levedura de cervejaria inativada desidratada, \u00e1cido c\u00edtrico, bentonita, BHA (Butilhidroxianisol), BHT (Butilhidroxitolueno), cloreto de am\u00f4nio, difosfato (pirofosfato) triss\u00f3dico, DL-metionina, extrato de yucca (0,05%), hidrolisado de f\u00edgado de su\u00edno, L-lisina, parede celular de levedura (mananoligossacar\u00eddeos), taurina, sulfato de am\u00f4nio, acetato de DL-alfa tocoferol, acetato de retinol, \u00e1cido asc\u00f3rbico monofosfato, \u00e1cido f\u00f3lico, \u00e1cido pantot\u00eanico, biotina, bissulfito de menadiona nicotinamida, cianocobalamina, cloreto de colina, colecalciferol, niacina (\u00e1cido nicot\u00ednico), piridoxina, riboflavina, tiamina, ferro amino\u00e1cido quelato, iodeto de c\u00e1lcio, mangan\u00eas amino\u00e1cido quelato, selenometionina hidroxi an\u00e1loga, sulfato de cobre pentahidratado, sulfato de ferro, sulfato de mangan\u00eas, sulfato de zinco monohidratado, zinco amino\u00e1cido quelato.<\/p>\n<p><em>*Cont\u00e9m milho e gl\u00faten de milho transg\u00eanicos (esp\u00e9cies doadoras de gene: Bacillus thuringiensis e\/ou Agrobacterium tumefaciens e\/ou Streptomyces viridochromogenes e\/ou Zea Mays).<\/em><\/p>\n<h3>Ra\u00e7\u00e3o Golden Gatos Filhotes &#8211; N\u00edveis de Garantia<\/h3>","protected":false},"excerpt":{"rendered":"<p>Ra\u00e7\u00e3o Golden Gatos Filhotes Sabor Frango Gatos filhotes precisam de cuidados especiais e uma alimenta\u00e7\u00e3o que atenda \u00e0s suas necessidades, para um crescimento e desenvolvimento saud\u00e1vel. Ent\u00e3o, para garantir uma boa nutri\u00e7\u00e3o na inf\u00e2ncia, que vai resultar num adulto saud\u00e1vel, a\u00a0Ra\u00e7\u00e3o Golden Gatos Filhotes Sabor Frango\u00a0\u00e9 a melhor escolha. Na Cobasi, voc\u00ea encontra a\u00a0Ra\u00e7\u00e3o Golden [&hellip;]<\/p>\n","protected":false},"featured_media":1410783785,"comment_status":"open","ping_status":"closed","template":"","meta":{"googlesitekit_rrm_CAow0N7NCw:productID":"","content-type":"","pmpro_default_level":"","_themeisle_gutenberg_block_has_review":false},"product_brand":[329],"product_cat":[256],"product_tag":[],"class_list":{"0":"post-1410783786","1":"product","2":"type-product","3":"status-publish","4":"has-post-thumbnail","6":"product_brand-golden","7":"product_cat-racoes","8":"pmpro-has-access","10":"first","11":"outofstock","12":"taxable","13":"shipping-taxable","14":"purchasable","15":"product-type-simple"},"_links":{"self":[{"href":"https:\/\/dinhosreef.com\/en\/wp-json\/wp\/v2\/product\/1410783786","targetHints":{"allow":["GET"]}}],"collection":[{"href":"https:\/\/dinhosreef.com\/en\/wp-json\/wp\/v2\/product"}],"about":[{"href":"https:\/\/dinhosreef.com\/en\/wp-json\/wp\/v2\/types\/product"}],"replies":[{"embeddable":true,"href":"https:\/\/dinhosreef.com\/en\/wp-json\/wp\/v2\/comments?post=1410783786"}],"wp:featuredmedia":[{"embeddable":true,"href":"https:\/\/dinhosreef.com\/en\/wp-json\/wp\/v2\/media\/1410783785"}],"wp:attachment":[{"href":"https:\/\/dinhosreef.com\/en\/wp-json\/wp\/v2\/media?parent=1410783786"}],"wp:term":[{"taxonomy":"product_brand","embeddable":true,"href":"https:\/\/dinhosreef.com\/en\/wp-json\/wp\/v2\/product_brand?post=1410783786"},{"taxonomy":"product_cat","embeddable":true,"href":"https:\/\/dinhosreef.com\/en\/wp-json\/wp\/v2\/product_cat?post=1410783786"},{"taxonomy":"product_tag","embeddable":true,"href":"https:\/\/dinhosreef.com\/en\/wp-json\/wp\/v2\/product_tag?post=1410783786"}],"curies":[{"name":"wp","href":"https:\/\/api.w.org\/{rel}","templated":true}]}}