{"id":1410783790,"date":"2025-05-09T21:05:36","date_gmt":"2025-05-10T00:05:36","guid":{"rendered":"https:\/\/dinhosreef.com\/produto\/golden-gatos-adultos-salmao-101-kg\/"},"modified":"2026-01-28T10:55:08","modified_gmt":"2026-01-28T13:55:08","slug":"golden-gatos-adultos-salmao-101-kg","status":"publish","type":"product","link":"https:\/\/dinhosreef.com\/en\/product\/golden-gatos-adultos-salmao-101-kg\/","title":{"rendered":"GOLDEN GATOS ADULTOS SALMAO 10,1 KG"},"content":{"rendered":"<ul>\n<li class=\"specifications specifications-table\">Umidade (M\u00e1x.) 10,00% 100g\/kg<br \/>\nProte\u00edna Bruta (M\u00edn.) 31,00% 310g\/kg<br \/>\nExtrato Et\u00e9reo (M\u00edn.) 12,00% 120g\/kg<br \/>\nMat\u00e9ria Mineral (M\u00e1x.) 8,00% 80g\/kg<br \/>\nMat\u00e9ria Fibrosa (M\u00e1x.) 3,50% 35g\/kg<br \/>\nC\u00e1lcio (M\u00e1x.) 1,50% 15g\/kg<br \/>\nC\u00e1lcio (M\u00edn.) 0,70% 7.000 mg\/kg<br \/>\nF\u00f3sforo (M\u00edn.) 0,60% 6000mg\/kg<br \/>\nS\u00f3dio (M\u00edn.) 0,20% 2000mg\/kg<br \/>\nPot\u00e1ssio (M\u00edn.) 0,52% 5200mg\/kg<br \/>\nMagn\u00e9sio (M\u00e1x.) 0,10% 1000mg\/kg<br \/>\n\u00d4mega 6 (M\u00edn.) 1,80% 18g\/kg<br \/>\n\u00d4mega 3 (M\u00edn.) 0,18% 1800mg\/kg<br \/>\nTaurina (M\u00edn.) 0,13% 1300mg\/kg<br \/>\nLisina (M\u00edn.) 1,20% 12g\/kg<br \/>\nMetionina (M\u00edn.) 0,70% 7000mg\/kg<br \/>\npH urin\u00e1rio 6.2-6.8<br \/>\nEnergia Metaboliz\u00e1vel 3912kcal\/kg<\/li>\n<li class=\"specifications specifications-table\"><span class=\"spec-key\">Composi\u00e7\u00e3o<\/span><span class=\"spec-value\">Farinha de v\u00edsceras de frango, farinha de salm\u00e3o, farelo de gl\u00faten de milho 60*, milho integral mo\u00eddo*, quirera de arroz, polpa de beterraba, gordura de frango, \u00f3leo de peixe, aditivo acidificante, antioxidantes BHA e BHT, cloreto de pot\u00e1ssio, cloreto de s\u00f3dio, extrato de yucca (0,05%), DL-metionina, hidrolisado de frango, levedura seca de cervejaria, bentonita, mananoligossacar\u00eddeos (0,2%), taurina, vitamina A, vitamina B12, vitamina C, vitamina D3, vitamina E, vitamina K3, \u00e1cido f\u00f3lico, \u00e1cido pantot\u00eanico, biotina, cloreto de colina, niacina, piridoxina, riboflavina, tiamina, cobre amino\u00e1cido quelato, ferro amino\u00e1cido quelato, iodeto de pot\u00e1ssio, mangan\u00eas amino\u00e1cido quelato, sel\u00eanio metionina, sulfato de cobre, sulfato de ferro, sulfato de mangan\u00eas, sulfato de zinco, zinco amino\u00e1cido quelato. *Cont\u00e9m milho e farelo de gl\u00faten de milho 60 transg\u00eanicos (esp\u00e9cies doadoras de gene: Bacillus thuringiensis, Agrobacterium tumefaciens, Streptomyces viridochromogenes, Zea mays).<\/span><\/li>\n<\/ul>","protected":false},"excerpt":{"rendered":"<p>Umidade (M\u00e1x.) 10,00% 100g\/kg Prote\u00edna Bruta (M\u00edn.) 31,00% 310g\/kg Extrato Et\u00e9reo (M\u00edn.) 12,00% 120g\/kg Mat\u00e9ria Mineral (M\u00e1x.) 8,00% 80g\/kg Mat\u00e9ria Fibrosa (M\u00e1x.) 3,50% 35g\/kg C\u00e1lcio (M\u00e1x.) 1,50% 15g\/kg C\u00e1lcio (M\u00edn.) 0,70% 7.000 mg\/kg F\u00f3sforo (M\u00edn.) 0,60% 6000mg\/kg S\u00f3dio (M\u00edn.) 0,20% 2000mg\/kg Pot\u00e1ssio (M\u00edn.) 0,52% 5200mg\/kg Magn\u00e9sio (M\u00e1x.) 0,10% 1000mg\/kg \u00d4mega 6 (M\u00edn.) 1,80% 18g\/kg \u00d4mega [&hellip;]<\/p>\n","protected":false},"featured_media":1410783789,"comment_status":"open","ping_status":"closed","template":"","meta":{"googlesitekit_rrm_CAow0N7NCw:productID":"","content-type":"","pmpro_default_level":"","_themeisle_gutenberg_block_has_review":false},"product_brand":[329],"product_cat":[259],"product_tag":[],"class_list":{"0":"post-1410783790","1":"product","2":"type-product","3":"status-publish","4":"has-post-thumbnail","6":"product_brand-golden","7":"product_cat-racoes-alimento-petisco-e-suplemento-caes","8":"pmpro-has-access","10":"first","11":"instock","12":"taxable","13":"shipping-taxable","14":"purchasable","15":"product-type-simple"},"_links":{"self":[{"href":"https:\/\/dinhosreef.com\/en\/wp-json\/wp\/v2\/product\/1410783790","targetHints":{"allow":["GET"]}}],"collection":[{"href":"https:\/\/dinhosreef.com\/en\/wp-json\/wp\/v2\/product"}],"about":[{"href":"https:\/\/dinhosreef.com\/en\/wp-json\/wp\/v2\/types\/product"}],"replies":[{"embeddable":true,"href":"https:\/\/dinhosreef.com\/en\/wp-json\/wp\/v2\/comments?post=1410783790"}],"wp:featuredmedia":[{"embeddable":true,"href":"https:\/\/dinhosreef.com\/en\/wp-json\/wp\/v2\/media\/1410783789"}],"wp:attachment":[{"href":"https:\/\/dinhosreef.com\/en\/wp-json\/wp\/v2\/media?parent=1410783790"}],"wp:term":[{"taxonomy":"product_brand","embeddable":true,"href":"https:\/\/dinhosreef.com\/en\/wp-json\/wp\/v2\/product_brand?post=1410783790"},{"taxonomy":"product_cat","embeddable":true,"href":"https:\/\/dinhosreef.com\/en\/wp-json\/wp\/v2\/product_cat?post=1410783790"},{"taxonomy":"product_tag","embeddable":true,"href":"https:\/\/dinhosreef.com\/en\/wp-json\/wp\/v2\/product_tag?post=1410783790"}],"curies":[{"name":"wp","href":"https:\/\/api.w.org\/{rel}","templated":true}]}}