{"id":1410783798,"date":"2025-05-09T21:06:22","date_gmt":"2025-05-10T00:06:22","guid":{"rendered":"https:\/\/dinhosreef.com\/produto\/golden-gatos-castrados-frango-101-kg\/"},"modified":"2026-01-26T10:20:46","modified_gmt":"2026-01-26T13:20:46","slug":"golden-gatos-castrados-frango-101-kg","status":"publish","type":"product","link":"https:\/\/dinhosreef.com\/en\/product\/golden-gatos-castrados-frango-101-kg\/","title":{"rendered":"GOLDEN GATOS CASTRADOS FRANGO 10,1 KG"},"content":{"rendered":"<ul>\n<li>Indicada para gatos adultos castrados;<\/li>\n<li>Redu\u00e7\u00e3o do odor das fezes, sele\u00e7\u00e3o de ingredientes especiais que auxiliam na redu\u00e7\u00e3o do odor das fezes;<\/li>\n<li>Controle do ganho de peso, cont\u00e9m L-carnitina e teores reduzidos de calorias e gorduras;<\/li>\n<li>Trato urin\u00e1rio saud\u00e1vel, minerais balanceados e controle do pH urin\u00e1rio;<\/li>\n<li>Sabor inigual\u00e1vel, m\u00e1xima satisfa\u00e7\u00e3o para o paladar;<\/li>\n<li>Dispon\u00edvel em embalagens com 1kg, 3kg e 10kg.<\/li>\n<\/ul>","protected":false},"excerpt":{"rendered":"<p>Indicada para gatos adultos castrados; Redu\u00e7\u00e3o do odor das fezes, sele\u00e7\u00e3o de ingredientes especiais que auxiliam na redu\u00e7\u00e3o do odor das fezes; Controle do ganho de peso, cont\u00e9m L-carnitina e teores reduzidos de calorias e gorduras; Trato urin\u00e1rio saud\u00e1vel, minerais balanceados e controle do pH urin\u00e1rio; Sabor inigual\u00e1vel, m\u00e1xima satisfa\u00e7\u00e3o para o paladar; Dispon\u00edvel em [&hellip;]<\/p>\n","protected":false},"featured_media":1410783797,"comment_status":"open","ping_status":"closed","template":"","meta":{"googlesitekit_rrm_CAow0N7NCw:productID":"","content-type":"","pmpro_default_level":"","_themeisle_gutenberg_block_has_review":false},"product_brand":[329],"product_cat":[256],"product_tag":[],"class_list":{"0":"post-1410783798","1":"product","2":"type-product","3":"status-publish","4":"has-post-thumbnail","6":"product_brand-golden","7":"product_cat-racoes","8":"pmpro-has-access","10":"first","11":"outofstock","12":"taxable","13":"shipping-taxable","14":"purchasable","15":"product-type-simple"},"_links":{"self":[{"href":"https:\/\/dinhosreef.com\/en\/wp-json\/wp\/v2\/product\/1410783798","targetHints":{"allow":["GET"]}}],"collection":[{"href":"https:\/\/dinhosreef.com\/en\/wp-json\/wp\/v2\/product"}],"about":[{"href":"https:\/\/dinhosreef.com\/en\/wp-json\/wp\/v2\/types\/product"}],"replies":[{"embeddable":true,"href":"https:\/\/dinhosreef.com\/en\/wp-json\/wp\/v2\/comments?post=1410783798"}],"wp:featuredmedia":[{"embeddable":true,"href":"https:\/\/dinhosreef.com\/en\/wp-json\/wp\/v2\/media\/1410783797"}],"wp:attachment":[{"href":"https:\/\/dinhosreef.com\/en\/wp-json\/wp\/v2\/media?parent=1410783798"}],"wp:term":[{"taxonomy":"product_brand","embeddable":true,"href":"https:\/\/dinhosreef.com\/en\/wp-json\/wp\/v2\/product_brand?post=1410783798"},{"taxonomy":"product_cat","embeddable":true,"href":"https:\/\/dinhosreef.com\/en\/wp-json\/wp\/v2\/product_cat?post=1410783798"},{"taxonomy":"product_tag","embeddable":true,"href":"https:\/\/dinhosreef.com\/en\/wp-json\/wp\/v2\/product_tag?post=1410783798"}],"curies":[{"name":"wp","href":"https:\/\/api.w.org\/{rel}","templated":true}]}}